{"id":1038,"date":"2019-09-01T11:14:25","date_gmt":"2019-09-01T09:14:25","guid":{"rendered":"https:\/\/www.art-moves-europe.eu\/de\/?page_id=1038"},"modified":"2019-09-08T12:02:53","modified_gmt":"2019-09-08T10:02:53","slug":"willi-lembke","status":"publish","type":"page","link":"https:\/\/www.art-moves-europe.eu\/de\/willi-lembke\/","title":{"rendered":"Willi Lemke"},"content":{"rendered":"<table style=\"border-collapse: collapse; width: 100%;\">\n<tbody>\n<tr>\n<td style=\"width: 50%;\"><img loading=\"lazy\" decoding=\"async\" class=\"alignnone size-medium wp-image-1039\" src=\"https:\/\/www.art-moves-europe.eu\/wp-content\/uploads\/2019\/09\/2017Lemke1-230x300.jpg\" alt=\"\" width=\"230\" height=\"300\" srcset=\"https:\/\/www.art-moves-europe.eu\/wp-content\/uploads\/2019\/09\/2017Lemke1-230x300.jpg 230w, https:\/\/www.art-moves-europe.eu\/wp-content\/uploads\/2019\/09\/2017Lemke1-768x1004.jpg 768w, https:\/\/www.art-moves-europe.eu\/wp-content\/uploads\/2019\/09\/2017Lemke1-783x1024.jpg 783w, https:\/\/www.art-moves-europe.eu\/wp-content\/uploads\/2019\/09\/2017Lemke1.jpg 1224w\" sizes=\"auto, (max-width: 230px) 100vw, 230px\" \/>&nbsp;<\/td>\n<td style=\"width: 50%;\">ngg_shortcode_0_placeholder<\/td>\n<\/tr>\n<tr>\n<td style=\"width: 50%;\" colspan=\"2\"><strong>Willi Lemke<\/strong><\/p>\n<p>1950&nbsp;&nbsp;&nbsp;&nbsp; &nbsp;&nbsp;&nbsp;&nbsp;&nbsp;&nbsp;&nbsp;&nbsp;&nbsp; &nbsp;&nbsp; &nbsp;geboren in W\u00fcrselen<\/p>\n<p>1973-1976&nbsp;&nbsp;&nbsp;&nbsp;&nbsp;&nbsp;&nbsp; Kunststudium bei Professor Joachim Bandau an der PH Aachen<\/p>\n<p>2011&nbsp;&nbsp;&nbsp;&nbsp; &nbsp;&nbsp;&nbsp;&nbsp;&nbsp;&nbsp;&nbsp;&nbsp;&nbsp; &nbsp;&nbsp; Mitglied BBK Aachen (Bundesverband Bildender K\u00fcnstlerinnen und K\u00fcnstler)<\/p>\n<p>&nbsp;<\/p>\n<p>&nbsp;\u201eMit Willi Lemke betritt ein vielseitiger K\u00fcnstler den Plan. Er malt, zeichnet, radiert, fotografiert, collagiert, er schafft Wandobjekte, Skulpturen, Plastiken und ganze Rauminstallationen. Aber nicht nur die Art und Weise und die Technik seiner Kunstwerke sind \u00e4u\u00dferst variabel, sondern auch deren Inhalte. Neben surrealistischen, die Sehgewohnheiten irritierenden Kreidebildern, finden sich abstrakte, oft monochrome \u00d6lgem\u00e4lde, aus Metall und Holz zusammengef\u00fcgte Tiere und selbst das menschliche Ohr ist f\u00fcr ihn interessant genug, um es zum Ausgangspunkt seiner k\u00fcnstlerischen Besch\u00e4ftigung zu erw\u00e4hlen. Willi Lemke wird 1950 in W\u00fcrselen bei Aachen geboren und absolviert ein Lehramtsstudium mit dem Hauptfach Kunst bei Professor Joachim Bandau.\u201c*<\/p>\n<p><strong>Ausstellungen <\/strong>in Deutschland, Belgien, Bulgarien, Niederlande, Frankreich, \u00d6sterreich, Schweiz, Spanien und USA.<\/p>\n<p>&nbsp;<\/p>\n<p><strong>Metallplastiken<\/strong><\/p>\n<p>\u201eAuf Schrottpl\u00e4tzen sucht und findet Willi Lemke sogenannte Brenneisen, die er als Ausgangsmaterial nutzt. Diese Brenneisen sind ein Abfallprodukt der Industrie. Durch das Ausbrennen sich wiederholender Formen aus einer Metallplatte entstehen gleichformatige Elemente, die schon deshalb eine gewisse Harmonie in sich bergen.<\/p>\n<p>Willi Lemke begreift diese Arbeitsweise des Zusammenf\u00fcgens des Ausgangsmaterials als das experimentelle Moment in seiner Arbeit. Wie bei den ausrangierten Computerbauteilen erhalten diese metallischen Industrieabf\u00e4lle einen neuen Wert, eine neue \u00e4sthetische Aufgabe: Sie verbinden die Technik mit der Kultur.\u201c *<\/p>\n<p>Seit Anfang 2017 ver\u00e4ndert sich teilweise der Charakter der Plastiken. Anstelle von rostigen Gebilden sind nun gl\u00e4nzende und rostfreie Gebilde Gegenstand seiner k\u00fcnstlerischen Arbeit.<\/p>\n<p>Organisch wirkende Metallobjekte weisen Spuren auf, die beim Prozess des Bearbeitens des zu recycelten Materials entstehen. Diese Spuren werden entdeckt, restauriert und im Werk hervorgehoben. Durch Lack fixiert, erhalten die Plastiken einen besonderen Reiz. Der Prozess der Zerst\u00f6rung wird gestoppt und das Material konserviert. Die \u201eWiedergeburt des Materials\u201c steht wieder im Vordergrund.<\/p>\n<p><strong>Transformationsbilder<\/strong><\/p>\n<p>&nbsp;<\/p>\n<p>&nbsp;\u201eWilli Lemke ist nicht nur Maler und Skulpteur, er ist auch Zeichner. Seit 2011 gewinnt die Zeichnung in seinem Werk zunehmend an Bedeutung. Zwar sind besonders die realistischen und die surrealistischen Gem\u00e4lde der siebziger und achtziger Jahre sowie die sich daran anschlie\u00dfenden Pastellbilder sehr von der Zeichnung gepr\u00e4gt, doch nun tritt ein ganz eigener Werkkomplex in das Zentrum seiner Arbeit: die Transformationsbilder.<\/p>\n<p>Der Ausgangspunkt der Besch\u00e4ftigung bildet jeweils ein Landschaftsfoto, selbst vom K\u00fcnstler in seiner unmittelbaren Umgebung geschossen.<\/p>\n<p>&nbsp;<\/p>\n<p>Die Landschaft wird abstrahiert, in der Form vereinfacht, in fl\u00e4chige Farbfelder, die von einem Netz kr\u00e4ftig schwarzer Linien umrandet sind, eingeteilt, und losgel\u00f6st von der g\u00e4ngigen Farberwartung, nun mit v\u00f6llig unerwarteten Farben gef\u00fcllt werden. Es gibt keinen gleitenden \u00dcbergang der Farben, jede steht f\u00fcr sich als Fl\u00e4che. Ein Spiel von Farbe und Fl\u00e4che, wobei das Schwarz die nicht zu \u00fcberschreitende Trennlinie darstellt. Auf diese Weise entstehen aus den urspr\u00fcnglichen Landschaftsgebilden neue Formen, eine visuelle Interaktion von r\u00e4umlich angelegten Farbfl\u00e4chen mit breiten, tiefschwarzen Konturen.<\/p>\n<p>&nbsp;&nbsp;&nbsp;&nbsp;&nbsp;&nbsp;&nbsp;&nbsp;&nbsp;&nbsp;&nbsp;&nbsp;&nbsp;&nbsp;&nbsp;&nbsp;&nbsp;&nbsp;&nbsp;&nbsp;&nbsp;&nbsp;&nbsp;&nbsp;&nbsp;&nbsp;&nbsp;&nbsp;&nbsp;&nbsp;&nbsp;&nbsp;&nbsp;&nbsp;&nbsp;&nbsp;&nbsp;&nbsp;&nbsp;&nbsp;&nbsp;&nbsp;&nbsp;&nbsp;&nbsp;&nbsp;&nbsp;&nbsp;&nbsp;&nbsp;&nbsp;&nbsp;&nbsp;&nbsp;&nbsp;&nbsp;&nbsp;&nbsp; &nbsp;&nbsp; &nbsp;<\/p>\n<p>Dabei experimentiert der K\u00fcnstler mit unterschiedlichen Farben und Farbzusammenstellungen, die mit den realen Gegenstandsfarben der tats\u00e4chlichen Landschaft nicht das Geringste gemein haben, sondern eine neue \u00c4sthetik im Betrachter hervorrufen. Bewusst setzt Willi Lemke die Farbe als Stimmungswert ein, die ihre Wirkung, je nach Umgebung und Quantit\u00e4t, subjektiv entfalten kann und damit Parallelen zur amerikanischen Hard-Edge-Malerei aufweist.<\/p>\n<p>Anders als die franz\u00f6sischen Fauves tr\u00e4gt Willi Lemke sorgf\u00e4ltig die Farben fein abgestuft und gemischt auf, sodass der einzelne Pinselstrich kaum mehr zu erkennen ist. \u00c4hnlich wie die Fauves steigert er die Intensit\u00e4t des Bildes durch die Kontraste und bringt unmittelbare Gef\u00fchle zum Ausdruck. Wohl komponiert und sicher zusammengestellt klingen sie wie ein harmonischer Akkord.\u201c *<\/p>\n<p>&nbsp;<\/p>\n<p><strong>*Dr. Josef G\u00fclpers, Kunsthistoriker, Aachen, 2013<\/strong><\/p>\n<p><u>E 280 \u201eEuropa, aufgepasst<\/u>!\u201c&nbsp; ( 2018, H\u00f6he 0,70m )<\/p>\n<p>Seit einigen Jahren steht Europa vor vielf\u00e4ltigen Herausforderungen, welche zu erheblichen Spannungen zwischen den europ\u00e4ischen L\u00e4ndern f\u00fchren.<\/p>\n<p>Hierzu z\u00e4hlen<\/p>\n<ul>\n<li>Wirtschaftskrisen,<\/li>\n<li>soziale Ungleichheit,<\/li>\n<li>Migration,<\/li>\n<li>Populismus und Nationalismus (Brexit, Dexit)<\/li>\n<li>die Erosion der Demokratie,<\/li>\n<li>gezielte Falschinformation,<\/li>\n<li>Terrorismus und Cyber-Sicherheit<\/li>\n<\/ul>\n<p>Plastik:<\/p>\n<ul>\n<li>\u201eEuropa, aufgepasst\u201c stellt ein Ausrufezeichen dar.<\/li>\n<li>Als Satzzeichen steht das Ausrufezeichen auch nach Warnungen und W\u00fcnschen.<\/li>\n<li>Das verbogene Metall weist darauf hin, dass die Einheit Europas sich ver\u00e4ndert, verbiegt.<\/li>\n<li>Die verschiedenen Farben stehen f\u00fcr die Vielfalt der Menschen in Europa, sie flie\u00dfen ineinander.<\/li>\n<li><strong><u>Kurz<\/u><\/strong>: \u201eEuropa, aufgepasst\u201c warnt vor dem Verfall und w\u00fcnscht gleichzeitig den Erhalt Europas.<\/li>\n<\/ul>\n<\/td>\n<\/tr>\n<\/tbody>\n<\/table>\n<p>&nbsp;<\/p>\n<ul>\n<li>&nbsp;<\/li>\n<\/ul>\nngg_shortcode_1_placeholder\n","protected":false},"excerpt":{"rendered":"<p>&nbsp; Willi Lemke 1950&nbsp;&nbsp;&nbsp;&nbsp; &nbsp;&nbsp;&nbsp;&nbsp;&nbsp;&nbsp;&nbsp;&nbsp;&nbsp; &nbsp;&nbsp; &nbsp;geboren in W\u00fcrselen 1973-1976&nbsp;&nbsp;&nbsp;&nbsp;&nbsp;&nbsp;&nbsp; Kunststudium bei Professor Joachim Bandau an der PH Aachen 2011&nbsp;&nbsp;&nbsp;&nbsp;[&#8230;]<\/p>\n","protected":false},"author":2,"featured_media":0,"parent":0,"menu_order":0,"comment_status":"closed","ping_status":"closed","template":"","meta":{"ngg_post_thumbnail":0,"footnotes":""},"class_list":["post-1038","page","type-page","status-publish","hentry"],"yoast_head":"<!-- This site is optimized with the Yoast SEO plugin v27.6 - https:\/\/yoast.com\/product\/yoast-seo-wordpress\/ -->\n<title>Willi Lemke<\/title>\n<meta name=\"robots\" content=\"index, follow, max-snippet:-1, max-image-preview:large, max-video-preview:-1\" \/>\n<link rel=\"canonical\" href=\"https:\/\/www.art-moves-europe.eu\/de\/willi-lembke\/\" \/>\n<meta property=\"og:locale\" content=\"de_DE\" \/>\n<meta property=\"og:locale:alternate\" content=\"en_US\" \/>\n<meta property=\"og:type\" content=\"article\" \/>\n<meta property=\"og:title\" content=\"Willi Lemke\" \/>\n<meta property=\"og:description\" content=\"&nbsp; Willi Lemke 1950&nbsp;&nbsp;&nbsp;&nbsp; &nbsp;&nbsp;&nbsp;&nbsp;&nbsp;&nbsp;&nbsp;&nbsp;&nbsp; &nbsp;&nbsp; &nbsp;geboren in W\u00fcrselen 1973-1976&nbsp;&nbsp;&nbsp;&nbsp;&nbsp;&nbsp;&nbsp; Kunststudium bei Professor Joachim Bandau an der PH Aachen 2011&nbsp;&nbsp;&nbsp;&nbsp;[...]\" \/>\n<meta property=\"og:url\" content=\"https:\/\/www.art-moves-europe.eu\/de\/willi-lembke\/\" \/>\n<meta property=\"og:site_name\" content=\"ART MOVES EUROPE e.V.\" \/>\n<meta property=\"article:modified_time\" content=\"2019-09-08T10:02:53+00:00\" \/>\n<meta property=\"og:image\" content=\"https:\/\/www.art-moves-europe.eu\/wp-content\/uploads\/2019\/09\/2017Lemke1-230x300.jpg\" \/>\n<meta name=\"twitter:card\" content=\"summary_large_image\" \/>\n<meta name=\"twitter:label1\" content=\"Gesch\u00e4tzte Lesezeit\" \/>\n\t<meta name=\"twitter:data1\" content=\"5\u00a0Minuten\" \/>\n<script type=\"application\/ld+json\" class=\"yoast-schema-graph\">{\"@context\":\"https:\\\/\\\/schema.org\",\"@graph\":[{\"@type\":\"WebPage\",\"@id\":\"https:\\\/\\\/www.art-moves-europe.eu\\\/willi-lembke\\\/\",\"url\":\"https:\\\/\\\/www.art-moves-europe.eu\\\/willi-lembke\\\/\",\"name\":\"Willi Lemke\",\"isPartOf\":{\"@id\":\"https:\\\/\\\/www.art-moves-europe.eu\\\/#website\"},\"primaryImageOfPage\":{\"@id\":\"https:\\\/\\\/www.art-moves-europe.eu\\\/willi-lembke\\\/#primaryimage\"},\"image\":{\"@id\":\"https:\\\/\\\/www.art-moves-europe.eu\\\/willi-lembke\\\/#primaryimage\"},\"thumbnailUrl\":\"https:\\\/\\\/www.art-moves-europe.eu\\\/wp-content\\\/uploads\\\/2019\\\/09\\\/2017Lemke1-230x300.jpg\",\"datePublished\":\"2019-09-01T09:14:25+00:00\",\"dateModified\":\"2019-09-08T10:02:53+00:00\",\"breadcrumb\":{\"@id\":\"https:\\\/\\\/www.art-moves-europe.eu\\\/willi-lembke\\\/#breadcrumb\"},\"inLanguage\":\"de-DE\",\"potentialAction\":[{\"@type\":\"ReadAction\",\"target\":[\"https:\\\/\\\/www.art-moves-europe.eu\\\/willi-lembke\\\/\"]}]},{\"@type\":\"ImageObject\",\"inLanguage\":\"de-DE\",\"@id\":\"https:\\\/\\\/www.art-moves-europe.eu\\\/willi-lembke\\\/#primaryimage\",\"url\":\"https:\\\/\\\/www.art-moves-europe.eu\\\/wp-content\\\/uploads\\\/2019\\\/09\\\/2017Lemke1-230x300.jpg\",\"contentUrl\":\"https:\\\/\\\/www.art-moves-europe.eu\\\/wp-content\\\/uploads\\\/2019\\\/09\\\/2017Lemke1-230x300.jpg\"},{\"@type\":\"BreadcrumbList\",\"@id\":\"https:\\\/\\\/www.art-moves-europe.eu\\\/willi-lembke\\\/#breadcrumb\",\"itemListElement\":[{\"@type\":\"ListItem\",\"position\":1,\"name\":\"Startseite\",\"item\":\"https:\\\/\\\/www.art-moves-europe.eu\\\/\"},{\"@type\":\"ListItem\",\"position\":2,\"name\":\"Willi Lemke\"}]},{\"@type\":\"WebSite\",\"@id\":\"https:\\\/\\\/www.art-moves-europe.eu\\\/#website\",\"url\":\"https:\\\/\\\/www.art-moves-europe.eu\\\/\",\"name\":\"ART MOVES EUROPE e.V.\",\"description\":\"\",\"potentialAction\":[{\"@type\":\"SearchAction\",\"target\":{\"@type\":\"EntryPoint\",\"urlTemplate\":\"https:\\\/\\\/www.art-moves-europe.eu\\\/?s={search_term_string}\"},\"query-input\":{\"@type\":\"PropertyValueSpecification\",\"valueRequired\":true,\"valueName\":\"search_term_string\"}}],\"inLanguage\":\"de-DE\"}]}<\/script>\n<!-- \/ Yoast SEO plugin. -->","yoast_head_json":{"title":"Willi Lemke","robots":{"index":"index","follow":"follow","max-snippet":"max-snippet:-1","max-image-preview":"max-image-preview:large","max-video-preview":"max-video-preview:-1"},"canonical":"https:\/\/www.art-moves-europe.eu\/de\/willi-lembke\/","og_locale":"de_DE","og_type":"article","og_title":"[:en]Willi Lemke[:de]Willi Lemke[:] - ART MOVES EUROPE e.V.","og_description":"&nbsp; Willi Lemke 1950&nbsp;&nbsp;&nbsp;&nbsp; &nbsp;&nbsp;&nbsp;&nbsp;&nbsp;&nbsp;&nbsp;&nbsp;&nbsp; &nbsp;&nbsp; &nbsp;geboren in W\u00fcrselen 1973-1976&nbsp;&nbsp;&nbsp;&nbsp;&nbsp;&nbsp;&nbsp; Kunststudium bei Professor Joachim Bandau an der PH Aachen 2011&nbsp;&nbsp;&nbsp;&nbsp;[...]","og_url":"https:\/\/www.art-moves-europe.eu\/de\/willi-lembke\/","og_site_name":"ART MOVES EUROPE e.V.","article_modified_time":"2019-09-08T10:02:53+00:00","og_image":[{"url":"https:\/\/www.art-moves-europe.eu\/wp-content\/uploads\/2019\/09\/2017Lemke1-230x300.jpg","type":"","width":"","height":""}],"twitter_card":"summary_large_image","twitter_misc":{"Gesch\u00e4tzte Lesezeit":"5\u00a0Minuten"},"schema":{"@context":"https:\/\/schema.org","@graph":[{"@type":"WebPage","@id":"https:\/\/www.art-moves-europe.eu\/willi-lembke\/","url":"https:\/\/www.art-moves-europe.eu\/willi-lembke\/","name":"Willi Lemke","isPartOf":{"@id":"https:\/\/www.art-moves-europe.eu\/#website"},"primaryImageOfPage":{"@id":"https:\/\/www.art-moves-europe.eu\/willi-lembke\/#primaryimage"},"image":{"@id":"https:\/\/www.art-moves-europe.eu\/willi-lembke\/#primaryimage"},"thumbnailUrl":"https:\/\/www.art-moves-europe.eu\/wp-content\/uploads\/2019\/09\/2017Lemke1-230x300.jpg","datePublished":"2019-09-01T09:14:25+00:00","dateModified":"2019-09-08T10:02:53+00:00","breadcrumb":{"@id":"https:\/\/www.art-moves-europe.eu\/willi-lembke\/#breadcrumb"},"inLanguage":"de-DE","potentialAction":[{"@type":"ReadAction","target":["https:\/\/www.art-moves-europe.eu\/willi-lembke\/"]}]},{"@type":"ImageObject","inLanguage":"de-DE","@id":"https:\/\/www.art-moves-europe.eu\/willi-lembke\/#primaryimage","url":"https:\/\/www.art-moves-europe.eu\/wp-content\/uploads\/2019\/09\/2017Lemke1-230x300.jpg","contentUrl":"https:\/\/www.art-moves-europe.eu\/wp-content\/uploads\/2019\/09\/2017Lemke1-230x300.jpg"},{"@type":"BreadcrumbList","@id":"https:\/\/www.art-moves-europe.eu\/willi-lembke\/#breadcrumb","itemListElement":[{"@type":"ListItem","position":1,"name":"Startseite","item":"https:\/\/www.art-moves-europe.eu\/"},{"@type":"ListItem","position":2,"name":"Willi Lemke"}]},{"@type":"WebSite","@id":"https:\/\/www.art-moves-europe.eu\/#website","url":"https:\/\/www.art-moves-europe.eu\/","name":"ART MOVES EUROPE e.V.","description":"","potentialAction":[{"@type":"SearchAction","target":{"@type":"EntryPoint","urlTemplate":"https:\/\/www.art-moves-europe.eu\/?s={search_term_string}"},"query-input":{"@type":"PropertyValueSpecification","valueRequired":true,"valueName":"search_term_string"}}],"inLanguage":"de-DE"}]}},"_links":{"self":[{"href":"https:\/\/www.art-moves-europe.eu\/de\/wp-json\/wp\/v2\/pages\/1038","targetHints":{"allow":["GET"]}}],"collection":[{"href":"https:\/\/www.art-moves-europe.eu\/de\/wp-json\/wp\/v2\/pages"}],"about":[{"href":"https:\/\/www.art-moves-europe.eu\/de\/wp-json\/wp\/v2\/types\/page"}],"author":[{"embeddable":true,"href":"https:\/\/www.art-moves-europe.eu\/de\/wp-json\/wp\/v2\/users\/2"}],"replies":[{"embeddable":true,"href":"https:\/\/www.art-moves-europe.eu\/de\/wp-json\/wp\/v2\/comments?post=1038"}],"version-history":[{"count":9,"href":"https:\/\/www.art-moves-europe.eu\/de\/wp-json\/wp\/v2\/pages\/1038\/revisions"}],"predecessor-version":[{"id":1246,"href":"https:\/\/www.art-moves-europe.eu\/de\/wp-json\/wp\/v2\/pages\/1038\/revisions\/1246"}],"wp:attachment":[{"href":"https:\/\/www.art-moves-europe.eu\/de\/wp-json\/wp\/v2\/media?parent=1038"}],"curies":[{"name":"wp","href":"https:\/\/api.w.org\/{rel}","templated":true}]}}