{"id":1337,"date":"2019-10-13T16:57:54","date_gmt":"2019-10-13T14:57:54","guid":{"rendered":"https:\/\/www.art-moves-europe.eu\/de\/?page_id=1337"},"modified":"2019-12-16T15:54:41","modified_gmt":"2019-12-16T14:54:41","slug":"michaela-lawtoo-2","status":"publish","type":"page","link":"https:\/\/www.art-moves-europe.eu\/de\/michaela-lawtoo-2\/","title":{"rendered":"Michaela Lawtoo"},"content":{"rendered":"<table style=\"border-collapse: collapse; width: 100%;\">\n<tbody>\n<tr>\n<td style=\"width: 30.9058%;\"><img loading=\"lazy\" decoding=\"async\" class=\"alignnone size-medium wp-image-1338\" src=\"https:\/\/www.art-moves-europe.eu\/wp-content\/uploads\/2019\/10\/Michaela-Lawtoo-219x300.jpeg\" alt=\"\" width=\"219\" height=\"300\" srcset=\"https:\/\/www.art-moves-europe.eu\/wp-content\/uploads\/2019\/10\/Michaela-Lawtoo-219x300.jpeg 219w, https:\/\/www.art-moves-europe.eu\/wp-content\/uploads\/2019\/10\/Michaela-Lawtoo-768x1050.jpeg 768w, https:\/\/www.art-moves-europe.eu\/wp-content\/uploads\/2019\/10\/Michaela-Lawtoo-749x1024.jpeg 749w, https:\/\/www.art-moves-europe.eu\/wp-content\/uploads\/2019\/10\/Michaela-Lawtoo.jpeg 936w\" sizes=\"auto, (max-width: 219px) 100vw, 219px\" \/><\/td>\n<td style=\"width: 69.0942%;\">ngg_shortcode_0_placeholder&nbsp;<\/td>\n<\/tr>\n<tr>\n<td style=\"width: 100%;\" colspan=\"2\">\n<div class=\"\"><span class=\"\">Inspired by the interplay between visual forms and bodily forces, my work finds artistic expression in different media and practices that are&nbsp;<\/span><\/div>\n<div class=\"\"><span class=\"\">as visual as they are embodied,&nbsp;<\/span><\/div>\n<div class=\"\"><span class=\"\">as spiritual as they are immanent and material.&nbsp;<\/span><\/div>\n<div class=\"\"><span class=\"\">From painting&nbsp;to drawing, yoga, to design and video,&nbsp;<\/span><\/div>\n<div class=\"\"><span class=\"\">I draw inspiration from aesthetic, bodily, and material forces&nbsp;<\/span><\/div>\n<div class=\"\"><span class=\"\">that feed the movement of my work from the inside-out.<\/span><\/div>\n<div class=\"\"><span class=\"\">I\u2019m interested in the in-between status of existence that escapes visual perception but can be felt, touched, and experienced.&nbsp;<\/span><\/div>\n<div class=\"\"><span class=\"\">My art is located in-between binaries (inside\/outside, light\/heavy, visual\/haptic, closed\/open) and articulates \u201cdifferent shades of grey.\u201d I see these artistic practices not as disconnected from life but, rather, as a way to both<\/span><\/div>\n<div class=\"\"><span class=\"\">&nbsp;affirm and experience art as a way of life.<\/span><\/div>\n<div class=\"\">&nbsp;<\/div>\n<div class=\"\">&nbsp;<\/div>\n<div class=\"\"><span class=\"\"><b class=\"\">CV<\/b><\/span><\/div>\n<div class=\"\">&nbsp;<\/div>\n<div class=\"\"><span class=\"\">Michaela Lawtoo ist 1978 in Freudenstadt geboren.&nbsp;<\/span><\/div>\n<div class=\"\"><span class=\"\">W\u00e4hrend ihres Dipl. Modedesign Studiums in Pforzheim und einer Masterarbeit in Basel, (2005-2011) legt sie wesentliche Grundsteine f\u00fcr Ihre k\u00fcnstlerische Entwicklung im intensiven Studium mit Prof. Erich Reiling und Prof. Isabel Zuber. Sie verbringt ein Semester in Paris, zum Studium der franz\u00f6sischen Sprache &#038; Philosophie (2005), daraufhin (2007) ein Semester in Paris f\u00fcr ein Praktikum bei BLESS und Lutz H\u00fclle und ein Semester in USA, (Seattle) um die englische Sprache zu vertiefen (2009). 2013-2016 verbrachte sie mit Ihrer Familie (zwei Kinder) in Baltimore USA. Dort schloss sie 2015 ihre Ausbildung als Hatha Yoga Teacher ab. 2017 f\u00fcgte sie ein Asthanga Yoga Teachertraining in Athen hinzu.&nbsp;Seit 2016 lebt sie mit Ihrer Familie in Aachen und ist seitdem als freischaffende K\u00fcnstlerin und Yogalehrerin t\u00e4tig.<br class=\"\"><br class=\"\"><br class=\"\">________________________AUSSTELLUNGEN_____________________________________<\/span><\/div>\n<div class=\"\"><span class=\"\">11\/2019 &nbsp; &nbsp; &nbsp; &nbsp;BBK Jahresausstellung, Unruhige Zeiten, \u201eVer\/Binden&#8220;<\/span><\/div>\n<div class=\"\"><span class=\"\">09\/2019 &nbsp; &nbsp; &nbsp; &nbsp;Gruppenausstellung Mein Traum von Europa, \u201eEU Stars with Shadow\u201c<\/span><\/div>\n<div class=\"\"><span class=\"\">09\/2019&nbsp; &nbsp; &nbsp; &nbsp; &nbsp; Gruppenausstellung, Kunstroute Aachen, Art\u2019n Vielfalt, \u201eTime.To.Change!\u201c<br class=\"\">09\/2019&nbsp; &nbsp; &nbsp; &nbsp; &nbsp; Einzelausstellung, \u201eSilver-Wear\u201c in der Schaufenstergalerie, Aachen<br class=\"\">2009&nbsp; &nbsp; &nbsp; &nbsp; &nbsp; &nbsp; &nbsp; &nbsp;Ausstellung des Projekts Perpetua Mobile, Architektur Symposium Frankfurt,&nbsp;<\/span>Publikation in der deutschen Bauzeitschrift&nbsp;7\/2009<\/div>\n<div class=\"\"><span class=\"\">2008&nbsp; &nbsp; &nbsp; &nbsp; &nbsp; &nbsp; &nbsp; &nbsp;Gruppenausstellung, \u201cLinear Neue Zeichnungen aus Baden-W\u00fcrttemberg\u201c,&nbsp;<\/span>Pforzheim Galerie&nbsp;<\/div>\n<div class=\"\"><span class=\"\">2007&nbsp; &nbsp; &nbsp; &nbsp; &nbsp; &nbsp; &nbsp; &nbsp;Lionsclub Pforzheim Gruppenausstellung&nbsp;<br class=\"\">2006&nbsp; &nbsp; &nbsp; &nbsp; &nbsp; &nbsp; &nbsp; &nbsp;Einzelausstellung \u201eSURFACES\u201c in der Stadtbibliothek Pforzheim&nbsp;<br class=\"\">2006&nbsp; &nbsp; &nbsp; &nbsp; &nbsp; &nbsp; &nbsp; &nbsp;Gruppenausstellung \u201eAu\u00dfenwelt- Innenwelt\u201c im Volksbankhaus, Pforzheim&nbsp;<\/span><\/div>\n<div class=\"\">&nbsp;<\/div>\n<div class=\"\">&nbsp;<\/div>\n<div class=\"\"><span class=\"\">_________________________F\u00f6rderung____________________________________________________<br class=\"\">2009-2011&nbsp; &nbsp; &nbsp; F\u00f6rderung der Studienstiftung des Deutschen Volkes, Master of Arts&nbsp;<br class=\"\">2007-2009&nbsp; &nbsp; &nbsp; F\u00f6rderung der Studienstiftung des Deutschen Volkes, Diplom<\/span><\/div>\n<div class=\"\">&nbsp;<\/div>\n<div class=\"\">&nbsp;<\/div>\n<div class=\"\"><span class=\"\">_________________________PROJEKTE &#038; Publikationen_____________________________________<\/span><\/div>\n<div class=\"\">&nbsp;<\/div>\n<div class=\"\"><span class=\"\">Seit 2019 Mitglied bei Art Moves Europe e.V.<\/span><\/div>\n<div class=\"\"><span class=\"\">Seit 2019 Mitglied bei BBK Euregio Aachen<\/span><\/div>\n<div class=\"\"><span class=\"\">2018- heute&nbsp; &nbsp; Design and Editing f\u00fcr HOM Videos, gef\u00f6rdert durch den (ERC) European Reseach <\/span>Council&nbsp;<\/div>\n<div class=\"\"><span class=\"\"> 2018- heute&nbsp; &nbsp; Vidoes: Dusk, Dawn, White World, Yoga Krieger, Spinning around, Snow Flow,&nbsp;<\/span>Capanna&nbsp;Brogoldone, Astavakrasana, 16.10.2017, Yoga4Kids, Yoga Sirsasana,&nbsp;Sun@8 o c\u2019lock und weitere\u2026<\/div>\n<div class=\"\"><span class=\"\"> 2018&nbsp; &nbsp; &nbsp; &nbsp; &nbsp; &nbsp; &nbsp; &nbsp; Logoerstellung f\u00fcr Homo Mimeticus, ein Projekt gef\u00f6rdert durch den (ERC)&nbsp;<\/span>European Reseach Council&nbsp;<\/div>\n<div class=\"\"><span class=\"\">2018&nbsp; &nbsp; &nbsp; &nbsp; &nbsp; &nbsp; &nbsp; &nbsp; Geburt der Phantome, Titelbild f\u00fcr das Buch &#8222;Il Fantasma dell\u2019 Io&#8220;, Autor Nidesh&nbsp;Lawtoo, Milan: Mimesis&nbsp;Eidzioni<\/span><\/div>\n<div class=\"\"><span class=\"\">2018&nbsp; &nbsp; &nbsp; &nbsp; &nbsp; &nbsp; &nbsp; &nbsp; Untitled aus der Serie Surfing Boundaries, 40&#215;60 cm, in Nidesh Lawtoo, \u201eBataille and the Homology of&nbsp;Heterology. Theory, Culture and Society, (Edited by Roy Boyne &#038; Marina Galletti, Vol. 35, 2018) S.53&nbsp;<br class=\"\">2011&nbsp; &nbsp; &nbsp; &nbsp; &nbsp; &nbsp; &nbsp;&nbsp; &nbsp;Masterpr\u00e4sentation: <a class=\"\" href=\"http:\/\/modacycle.de\/hgk-basel-\">modacycle.de\/hgk-basel-<\/a> diplomausstellung-2011\/<\/span><\/div>\n<div class=\"\"><span class=\"\">2009 Perpetua Mobile, Pr\u00e4sentation im Architektur Symposium Frankfurt, Publikation DBZ 07\/2009<\/span><\/div>\n<\/td>\n<\/tr>\n<tr>\n<td style=\"width: 30.9058%;\">&nbsp;<\/td>\n<td style=\"width: 69.0942%;\">&nbsp;<\/td>\n<\/tr>\n<tr>\n<td style=\"width: 30.9058%;\">&nbsp;<\/td>\n<td style=\"width: 69.0942%;\">&nbsp;<\/td>\n<\/tr>\n<\/tbody>\n<\/table>\n","protected":false},"excerpt":{"rendered":"<p>&nbsp; Inspired by the interplay between visual forms and bodily forces, my work finds artistic expression in different media and[&#8230;]<\/p>\n","protected":false},"author":2,"featured_media":0,"parent":0,"menu_order":0,"comment_status":"closed","ping_status":"closed","template":"","meta":{"ngg_post_thumbnail":0,"footnotes":""},"class_list":["post-1337","page","type-page","status-publish","hentry"],"yoast_head":"<!-- This site is optimized with the Yoast SEO plugin v27.6 - https:\/\/yoast.com\/product\/yoast-seo-wordpress\/ -->\n<title>Michaela Lawtoo<\/title>\n<meta name=\"robots\" content=\"index, follow, max-snippet:-1, max-image-preview:large, max-video-preview:-1\" \/>\n<link rel=\"canonical\" href=\"https:\/\/www.art-moves-europe.eu\/de\/michaela-lawtoo-2\/\" \/>\n<meta property=\"og:locale\" content=\"de_DE\" \/>\n<meta property=\"og:locale:alternate\" content=\"en_US\" \/>\n<meta property=\"og:type\" content=\"article\" \/>\n<meta property=\"og:title\" content=\"Michaela Lawtoo\" \/>\n<meta property=\"og:description\" content=\"&nbsp; Inspired by the interplay between visual forms and bodily forces, my work finds artistic expression in different media and[...]\" \/>\n<meta property=\"og:url\" content=\"https:\/\/www.art-moves-europe.eu\/de\/michaela-lawtoo-2\/\" \/>\n<meta property=\"og:site_name\" content=\"ART MOVES EUROPE e.V.\" \/>\n<meta property=\"article:modified_time\" content=\"2019-12-16T14:54:41+00:00\" \/>\n<meta property=\"og:image\" content=\"https:\/\/www.art-moves-europe.eu\/wp-content\/uploads\/2019\/10\/Michaela-Lawtoo-219x300.jpeg\" \/>\n<meta name=\"twitter:card\" content=\"summary_large_image\" \/>\n<meta name=\"twitter:label1\" content=\"Gesch\u00e4tzte Lesezeit\" \/>\n\t<meta name=\"twitter:data1\" content=\"6\u00a0Minuten\" \/>\n<script type=\"application\/ld+json\" class=\"yoast-schema-graph\">{\"@context\":\"https:\\\/\\\/schema.org\",\"@graph\":[{\"@type\":\"WebPage\",\"@id\":\"https:\\\/\\\/www.art-moves-europe.eu\\\/de\\\/michaela-lawtoo-2\\\/\",\"url\":\"https:\\\/\\\/www.art-moves-europe.eu\\\/de\\\/michaela-lawtoo-2\\\/\",\"name\":\"Michaela Lawtoo\",\"isPartOf\":{\"@id\":\"https:\\\/\\\/www.art-moves-europe.eu\\\/#website\"},\"primaryImageOfPage\":{\"@id\":\"https:\\\/\\\/www.art-moves-europe.eu\\\/de\\\/michaela-lawtoo-2\\\/#primaryimage\"},\"image\":{\"@id\":\"https:\\\/\\\/www.art-moves-europe.eu\\\/de\\\/michaela-lawtoo-2\\\/#primaryimage\"},\"thumbnailUrl\":\"https:\\\/\\\/www.art-moves-europe.eu\\\/wp-content\\\/uploads\\\/2019\\\/10\\\/Michaela-Lawtoo-219x300.jpeg\",\"datePublished\":\"2019-10-13T14:57:54+00:00\",\"dateModified\":\"2019-12-16T14:54:41+00:00\",\"breadcrumb\":{\"@id\":\"https:\\\/\\\/www.art-moves-europe.eu\\\/de\\\/michaela-lawtoo-2\\\/#breadcrumb\"},\"inLanguage\":\"de-DE\",\"potentialAction\":[{\"@type\":\"ReadAction\",\"target\":[\"https:\\\/\\\/www.art-moves-europe.eu\\\/de\\\/michaela-lawtoo-2\\\/\"]}]},{\"@type\":\"ImageObject\",\"inLanguage\":\"de-DE\",\"@id\":\"https:\\\/\\\/www.art-moves-europe.eu\\\/de\\\/michaela-lawtoo-2\\\/#primaryimage\",\"url\":\"https:\\\/\\\/www.art-moves-europe.eu\\\/wp-content\\\/uploads\\\/2019\\\/10\\\/Michaela-Lawtoo-219x300.jpeg\",\"contentUrl\":\"https:\\\/\\\/www.art-moves-europe.eu\\\/wp-content\\\/uploads\\\/2019\\\/10\\\/Michaela-Lawtoo-219x300.jpeg\"},{\"@type\":\"BreadcrumbList\",\"@id\":\"https:\\\/\\\/www.art-moves-europe.eu\\\/de\\\/michaela-lawtoo-2\\\/#breadcrumb\",\"itemListElement\":[{\"@type\":\"ListItem\",\"position\":1,\"name\":\"Startseite\",\"item\":\"https:\\\/\\\/www.art-moves-europe.eu\\\/\"},{\"@type\":\"ListItem\",\"position\":2,\"name\":\"Michaela Lawtoo\"}]},{\"@type\":\"WebSite\",\"@id\":\"https:\\\/\\\/www.art-moves-europe.eu\\\/#website\",\"url\":\"https:\\\/\\\/www.art-moves-europe.eu\\\/\",\"name\":\"ART MOVES EUROPE e.V.\",\"description\":\"\",\"potentialAction\":[{\"@type\":\"SearchAction\",\"target\":{\"@type\":\"EntryPoint\",\"urlTemplate\":\"https:\\\/\\\/www.art-moves-europe.eu\\\/?s={search_term_string}\"},\"query-input\":{\"@type\":\"PropertyValueSpecification\",\"valueRequired\":true,\"valueName\":\"search_term_string\"}}],\"inLanguage\":\"de-DE\"}]}<\/script>\n<!-- \/ Yoast SEO plugin. -->","yoast_head_json":{"title":"Michaela Lawtoo","robots":{"index":"index","follow":"follow","max-snippet":"max-snippet:-1","max-image-preview":"max-image-preview:large","max-video-preview":"max-video-preview:-1"},"canonical":"https:\/\/www.art-moves-europe.eu\/de\/michaela-lawtoo-2\/","og_locale":"de_DE","og_type":"article","og_title":"[:en]Michaela Lawtoo[:de]Michaela Lawtoo[:] - ART MOVES EUROPE e.V.","og_description":"&nbsp; Inspired by the interplay between visual forms and bodily forces, my work finds artistic expression in different media and[...]","og_url":"https:\/\/www.art-moves-europe.eu\/de\/michaela-lawtoo-2\/","og_site_name":"ART MOVES EUROPE e.V.","article_modified_time":"2019-12-16T14:54:41+00:00","og_image":[{"url":"https:\/\/www.art-moves-europe.eu\/wp-content\/uploads\/2019\/10\/Michaela-Lawtoo-219x300.jpeg","type":"","width":"","height":""}],"twitter_card":"summary_large_image","twitter_misc":{"Gesch\u00e4tzte Lesezeit":"6\u00a0Minuten"},"schema":{"@context":"https:\/\/schema.org","@graph":[{"@type":"WebPage","@id":"https:\/\/www.art-moves-europe.eu\/de\/michaela-lawtoo-2\/","url":"https:\/\/www.art-moves-europe.eu\/de\/michaela-lawtoo-2\/","name":"Michaela Lawtoo","isPartOf":{"@id":"https:\/\/www.art-moves-europe.eu\/#website"},"primaryImageOfPage":{"@id":"https:\/\/www.art-moves-europe.eu\/de\/michaela-lawtoo-2\/#primaryimage"},"image":{"@id":"https:\/\/www.art-moves-europe.eu\/de\/michaela-lawtoo-2\/#primaryimage"},"thumbnailUrl":"https:\/\/www.art-moves-europe.eu\/wp-content\/uploads\/2019\/10\/Michaela-Lawtoo-219x300.jpeg","datePublished":"2019-10-13T14:57:54+00:00","dateModified":"2019-12-16T14:54:41+00:00","breadcrumb":{"@id":"https:\/\/www.art-moves-europe.eu\/de\/michaela-lawtoo-2\/#breadcrumb"},"inLanguage":"de-DE","potentialAction":[{"@type":"ReadAction","target":["https:\/\/www.art-moves-europe.eu\/de\/michaela-lawtoo-2\/"]}]},{"@type":"ImageObject","inLanguage":"de-DE","@id":"https:\/\/www.art-moves-europe.eu\/de\/michaela-lawtoo-2\/#primaryimage","url":"https:\/\/www.art-moves-europe.eu\/wp-content\/uploads\/2019\/10\/Michaela-Lawtoo-219x300.jpeg","contentUrl":"https:\/\/www.art-moves-europe.eu\/wp-content\/uploads\/2019\/10\/Michaela-Lawtoo-219x300.jpeg"},{"@type":"BreadcrumbList","@id":"https:\/\/www.art-moves-europe.eu\/de\/michaela-lawtoo-2\/#breadcrumb","itemListElement":[{"@type":"ListItem","position":1,"name":"Startseite","item":"https:\/\/www.art-moves-europe.eu\/"},{"@type":"ListItem","position":2,"name":"Michaela Lawtoo"}]},{"@type":"WebSite","@id":"https:\/\/www.art-moves-europe.eu\/#website","url":"https:\/\/www.art-moves-europe.eu\/","name":"ART MOVES EUROPE e.V.","description":"","potentialAction":[{"@type":"SearchAction","target":{"@type":"EntryPoint","urlTemplate":"https:\/\/www.art-moves-europe.eu\/?s={search_term_string}"},"query-input":{"@type":"PropertyValueSpecification","valueRequired":true,"valueName":"search_term_string"}}],"inLanguage":"de-DE"}]}},"_links":{"self":[{"href":"https:\/\/www.art-moves-europe.eu\/de\/wp-json\/wp\/v2\/pages\/1337","targetHints":{"allow":["GET"]}}],"collection":[{"href":"https:\/\/www.art-moves-europe.eu\/de\/wp-json\/wp\/v2\/pages"}],"about":[{"href":"https:\/\/www.art-moves-europe.eu\/de\/wp-json\/wp\/v2\/types\/page"}],"author":[{"embeddable":true,"href":"https:\/\/www.art-moves-europe.eu\/de\/wp-json\/wp\/v2\/users\/2"}],"replies":[{"embeddable":true,"href":"https:\/\/www.art-moves-europe.eu\/de\/wp-json\/wp\/v2\/comments?post=1337"}],"version-history":[{"count":10,"href":"https:\/\/www.art-moves-europe.eu\/de\/wp-json\/wp\/v2\/pages\/1337\/revisions"}],"predecessor-version":[{"id":1368,"href":"https:\/\/www.art-moves-europe.eu\/de\/wp-json\/wp\/v2\/pages\/1337\/revisions\/1368"}],"wp:attachment":[{"href":"https:\/\/www.art-moves-europe.eu\/de\/wp-json\/wp\/v2\/media?parent=1337"}],"curies":[{"name":"wp","href":"https:\/\/api.w.org\/{rel}","templated":true}]}}