{"id":1473,"date":"2020-02-09T10:10:22","date_gmt":"2020-02-09T09:10:22","guid":{"rendered":"https:\/\/www.art-moves-europe.eu\/de\/?page_id=1473"},"modified":"2025-01-01T10:08:10","modified_gmt":"2025-01-01T09:08:10","slug":"automatisch-gespeicherter-entwurf-2","status":"publish","type":"page","link":"https:\/\/www.art-moves-europe.eu\/de\/automatisch-gespeicherter-entwurf-2\/","title":{"rendered":"Besuche den virtuellen Skulpturenweg"},"content":{"rendered":"<p>Besuche den virtuellen Skulpturenweg indem Du auf das Logo klickst<\/p>\n<p><a href=\"https:\/\/european-sculpturepath.eu\" target=\"_blank\" rel=\"noopener\"><img loading=\"lazy\" decoding=\"async\" class=\"alignnone size-medium wp-image-1650\" src=\"https:\/\/www.art-moves-europe.eu\/wp-content\/uploads\/2020\/03\/EuropeanSculpturePath_Logo-quertesttest-255x300.jpg\" alt=\"\" width=\"255\" height=\"300\" srcset=\"https:\/\/www.art-moves-europe.eu\/wp-content\/uploads\/2020\/03\/EuropeanSculpturePath_Logo-quertesttest-255x300.jpg 255w, https:\/\/www.art-moves-europe.eu\/wp-content\/uploads\/2020\/03\/EuropeanSculpturePath_Logo-quertesttest-871x1024.jpg 871w, https:\/\/www.art-moves-europe.eu\/wp-content\/uploads\/2020\/03\/EuropeanSculpturePath_Logo-quertesttest-768x903.jpg 768w, https:\/\/www.art-moves-europe.eu\/wp-content\/uploads\/2020\/03\/EuropeanSculpturePath_Logo-quertesttest-1306x1536.jpg 1306w, https:\/\/www.art-moves-europe.eu\/wp-content\/uploads\/2020\/03\/EuropeanSculpturePath_Logo-quertesttest-1742x2048.jpg 1742w, https:\/\/www.art-moves-europe.eu\/wp-content\/uploads\/2020\/03\/EuropeanSculpturePath_Logo-quertesttest.jpg 2009w\" sizes=\"auto, (max-width: 255px) 100vw, 255px\" \/><\/a><\/p>\n<p>&nbsp;<\/p>\n<figure class=\"wp-block-embed wp-block-embed-youtube is-type-video is-provider-youtube epyt-figure\"><div class=\"wp-block-embed__wrapper\"><iframe loading=\"lazy\"  id=\"_ytid_69399\"  width=\"840\" height=\"473\"  data-origwidth=\"840\" data-origheight=\"473\" src=\"https:\/\/www.youtube.com\/embed\/nrCXsJuXEnM?enablejsapi=1&autoplay=0&cc_load_policy=0&cc_lang_pref=&iv_load_policy=1&loop=0&rel=1&fs=1&playsinline=0&autohide=2&theme=dark&color=red&controls=1&disablekb=0&\" class=\"__youtube_prefs__  no-lazyload\" title=\"YouTube player\"  allow=\"fullscreen; accelerometer; autoplay; clipboard-write; encrypted-media; gyroscope; picture-in-picture; web-share\" referrerpolicy=\"strict-origin-when-cross-origin\" allowfullscreen data-no-lazy=\"1\" data-skipgform_ajax_framebjll=\"\"><\/iframe><\/div><\/figure>\n<p>&nbsp;<\/p>\n<p><strong>&nbsp;Der <em>Europ\u00e4ische Skulpturenweg<\/em><\/strong> ist eine Initiative des Vereins Art moves Europe e. V.. Ziel des <em>Europ\u00e4ischen Skulpturenweges<\/em> ist es, an die Errungenschaften der \u201e<em>Europ\u00e4ischen Idee<\/em>\u201c zu erinnern und gleichzeitig zum Dialog \u00fcber die zuk\u00fcnftige Gestaltung der europ\u00e4ischen Gesellschaft einzuladen. Die teilnehmenden K\u00fcnstler realisieren ihre Skulptur in Zusammenarbeit mit den lokalen Institutionen und Sponsoren. Dadurch wird der Dialog zum Thema Europa schon in der Planungsphase \u00fcberall dort angeregt, wo sich Initiativen bilden.<br \/>\nDie Idee&nbsp; ist, dass die Skulpturen an kulturell attraktiven Standorten aufgestellt werden. Neben dem k\u00fcnstlerischen Aspekt thematisiert das Projekt so auch die kulturellen Besonderheiten der jeweiligen Standortregion. Durch die Verbindung von Kunst und Kultur sollen m\u00f6glichst viele Menschen ermuntert werden, sich aktiv am Diskurs \u00fcber die Gestaltung des zuk\u00fcnftigen Europas zu beteiligen.<\/p>\n<p><span style=\"color: #0000ff;\"><strong>Schirmherrin: Sabine Verheyen, MdEP und Vorsitzende des Kultur- und Bildungsausschusses im EU-Parlament<\/strong><\/span><\/p>\n<p>&nbsp;<strong>Visionen f\u00fcr Europa mitgestalten<\/strong><\/p>\n<p>Wir laden K\u00fcnstler aus allen europ\u00e4ischen L\u00e4ndern ein, sich mit einer Skulptur zum Thema \u201eVisionen f\u00fcr Europa\u201c am Europ\u00e4ischen Skulpturenweg zu beteiligen und so einen Beitrag f\u00fcr eine offene und demokratische Gesellschaft in Europa zu leisten.<\/p>\n<p>Im Mai 2022 wurden alle Skulpturen virtuell zum <em>Europ\u00e4ischen Skulpturenweg<\/em> vereinigt, indem wir auf einer Dokumentationsreise durch Europa 3D Scans der Skulpturen erstellen und Berichte zu den kulturellen Besonderheiten der den Standort umgebenden Regionen verfassen. Das Projekt wird kontinuierlich weitergef\u00fchrt.<\/p>\n<p><strong>Bei Interesse oder Fragen richten Sie sich bitte an <a href=\"mailto:info@art-moves-europe.eu\">info@art-moves-europe.eu<\/a> oder +491782933073.<\/strong><\/p>\n<p><strong>Teilnahmebedingungen<\/strong><\/p>\n<ul>\n<li>Jede Skulptur muss eine Mindestgr\u00f6\u00dfe von 2021 mm haben.<\/li>\n<li>Die Skulptur muss eine positive Botschaft \u00fcber die Vision oder die Zukunft Europas geben, die aktuellen Herausforderungen wie Nachhaltigkeit, Demokratie, offene Gesellschaft oder \u00e4hnlichen von den K\u00fcnstlern identifizierten Themen gegen\u00fcbersteht.<\/li>\n<li>Die Skulptur muss an einem f\u00fcr die \u00d6ffentlichkeit zug\u00e4nglichen Ort aufgestellt werden und sollte an diesem Ort verbleiben.<\/li>\n<li>Es gibt keine Regeln oder Einschr\u00e4nkungen f\u00fcr K\u00fcnstler in Bezug auf das Konzept und die Umsetzung. Die K\u00fcnstler entscheiden \u00fcber Material, Zeitplanung usw.<\/li>\n<\/ul>\n<p>Die Skulpturen m\u00fcssen von den teilnehmenden K\u00fcnstlern und lokalen Sponsoren finanziert, realisiert und platziert werden.<\/p>\n<p><strong>Kunst bewegt Europa e. V. wird die K\u00fcnstler und das Projekt wie folgt unterst\u00fctzen:<\/strong><\/p>\n<p>Pflege der Website www.art-moves-europe.eu und eines YouTube-Kanals, um die Entwicklung zu dokumentieren und Werbung zu betreiben, die von den K\u00fcnstlern genutzt werden kann<\/p>\n<ul>\n<li>Suche nach Sponsoren, Organisation von Materialien und Arbeitspl\u00e4tzen und Unterst\u00fctzung bei der Vernetzung interessierter K\u00fcnstler<\/li>\n<li>Scannen der fertigen Skulpturen und drucken der 3D-Modelle im Ma\u00dfstab 1:20<\/li>\n<li>Eine &nbsp;Tour entlang der Skulpturen des \u201eEuropean SCULPTURE Path \u201c, begleitet von einem Kamerateam, dokumentiert in einem Blog und idealerweise in einer Dokumentation, die vom Fernsehen oder einem Reisemagazin gesponsert wird und die dazu beitragen kann, die Idee \u00f6ffentlich zu machen<\/li>\n<li>Sponsoring aus europ\u00e4ischen Fonds, mit denen zun\u00e4chst die erforderliche Infrastruktur finanziert werden kann und im Falle von zus\u00e4tzlichem Geld nach der Bezahlung der Material- und Platzierungskosten, finanzieller Unterst\u00fctzung der K\u00fcnstler.<\/li>\n<li>Eine Grundfinanzierung kritischer Projektschritte ist bereits gesichert.<\/li>\n<\/ul>\n<p><strong>Motivation des Projektes<\/strong><\/p>\n<p>Europa als Kontinent hat eine einzigartige Situation, die auf einer fantastischen regionalen und kulturellen Vielfalt beruht und gleichzeitig in den letzten 70 Jahren die Vision einer demokratischen und friedlichen Zusammenarbeit in einer offenen und demokratischen Gesellschaft geschaffen hat.<\/p>\n<p>Europa steht gleichzeitig vor gro\u00dfen Herausforderungen und muss die Stagnation \u00fcberwinden, sich gegen nationalistische Tendenzen wehren und neben wirtschaftlichen Aspekten eine neue Vision f\u00fcr Europa schaffen.<\/p>\n<p>In der Kunst, im Sport oder in der Musik verstehen Menschen aus verschiedenen Kulturen die Bedeutung und sind vor allem von Dialog, Vielfalt und Inspiration aus anderen kulturellen Hintergr\u00fcnden begeistert. Wir sind der Ansicht, dass wir die Verantwortung haben, politischen und kapitalpolitischen Organisationen ein gutes Beispiel zu geben. Wir zeigen, was m\u00f6glich ist, wenn wir nur die Kraft engagierter Menschen und die Bereitschaft nutzen, Respekt zu leben und Zusammenarbeit und Dialog zu f\u00f6rdern.<\/p>\n<p>Diese Initiative m\u00f6chte der Gesellschaft die Botschaft vermitteln, diese Errungenschaften zu verteidigen und weiterzuentwickeln, indem sie Ma\u00dfnahmen ergreift und greifbare und sichtbare Zeichen f\u00fcr eine gl\u00e4nzende Zukunft eines starken Europas in der Welt setzt.&nbsp;<\/p>\n<table style=\"border-collapse: collapse; width: 100%;\">\n<tbody>\n<tr>\n<td style=\"width: 50%;\"><iframe loading=\"lazy\" title=\"A 3D model\" src=\"https:\/\/sketchfab.com\/models\/60a3691186854afb9072959e5d198374\/embed?preload=1&#038;ui_controls=1&#038;ui_infos=1&#038;ui_inspector=1&#038;ui_stop=1&#038;ui_watermark=1&#038;ui_watermark_link=1\" width=\"640\" height=\"480\" frameborder=\"0\"><\/iframe><\/td>\n<td style=\"width: 50%;\">Von den fertigen Skulpturen des <strong>Europ\u00e4ischen <span style=\"color: #0000ff;\"><span style=\"color: #ff6600;\">S<\/span>KUL<span style=\"color: #ff6600;\">P<\/span>TURENWEGS&nbsp;<\/span><\/strong><span style=\"color: #000000;\"> werden wir solche 3D Scans erstellen und daraus einen virtuellen Skulpturenweg gestalten. Dar\u00fcber hinaus werden wir die&nbsp;&nbsp;&nbsp;&nbsp;3D Modelle ausdrucken und daraus eine Wanderausstellung erstellen. <\/span><\/td>\n<\/tr>\n<\/tbody>\n<\/table>\n","protected":false},"excerpt":{"rendered":"<p>Besuche den virtuellen Skulpturenweg indem Du auf das Logo klickst &nbsp; &nbsp; &nbsp;Der Europ\u00e4ische Skulpturenweg ist eine Initiative des Vereins[&#8230;]<\/p>\n","protected":false},"author":1,"featured_media":0,"parent":0,"menu_order":0,"comment_status":"closed","ping_status":"closed","template":"template-centered.php","meta":{"ngg_post_thumbnail":0,"footnotes":""},"class_list":["post-1473","page","type-page","status-publish","hentry"],"yoast_head":"<!-- This site is optimized with the Yoast SEO plugin v27.3 - https:\/\/yoast.com\/product\/yoast-seo-wordpress\/ -->\n<title>Besuche den virtuellen Skulpturenweg<\/title>\n<meta name=\"robots\" content=\"index, follow, max-snippet:-1, max-image-preview:large, max-video-preview:-1\" \/>\n<link rel=\"canonical\" href=\"https:\/\/www.art-moves-europe.eu\/de\/automatisch-gespeicherter-entwurf-2\/\" \/>\n<meta property=\"og:locale\" content=\"de_DE\" \/>\n<meta property=\"og:locale:alternate\" content=\"en_US\" \/>\n<meta property=\"og:type\" content=\"article\" \/>\n<meta property=\"og:title\" content=\"Besuche den virtuellen Skulpturenweg\" \/>\n<meta property=\"og:description\" content=\"Besuche den virtuellen Skulpturenweg indem Du auf das Logo klickst &nbsp; &nbsp; &nbsp;Der Europ\u00e4ische Skulpturenweg ist eine Initiative des Vereins[...]\" \/>\n<meta property=\"og:url\" content=\"https:\/\/www.art-moves-europe.eu\/de\/automatisch-gespeicherter-entwurf-2\/\" \/>\n<meta property=\"og:site_name\" content=\"ART MOVES EUROPE e.V.\" \/>\n<meta property=\"article:modified_time\" content=\"2025-01-01T09:08:10+00:00\" \/>\n<meta property=\"og:image\" content=\"https:\/\/www.art-moves-europe.eu\/wp-content\/uploads\/2020\/03\/EuropeanSculpturePath_Logo-quertesttest.jpg\" \/>\n\t<meta property=\"og:image:width\" content=\"2009\" \/>\n\t<meta property=\"og:image:height\" content=\"2362\" \/>\n\t<meta property=\"og:image:type\" content=\"image\/jpeg\" \/>\n<meta name=\"twitter:card\" content=\"summary_large_image\" \/>\n<meta name=\"twitter:label1\" content=\"Gesch\u00e4tzte Lesezeit\" \/>\n\t<meta name=\"twitter:data1\" content=\"5\u00a0Minuten\" \/>\n<script type=\"application\/ld+json\" class=\"yoast-schema-graph\">{\"@context\":\"https:\\\/\\\/schema.org\",\"@graph\":[{\"@type\":\"WebPage\",\"@id\":\"https:\\\/\\\/www.art-moves-europe.eu\\\/de\\\/automatisch-gespeicherter-entwurf-2\\\/\",\"url\":\"https:\\\/\\\/www.art-moves-europe.eu\\\/de\\\/automatisch-gespeicherter-entwurf-2\\\/\",\"name\":\"Besuche den virtuellen Skulpturenweg\",\"isPartOf\":{\"@id\":\"https:\\\/\\\/www.art-moves-europe.eu\\\/#website\"},\"primaryImageOfPage\":{\"@id\":\"https:\\\/\\\/www.art-moves-europe.eu\\\/de\\\/automatisch-gespeicherter-entwurf-2\\\/#primaryimage\"},\"image\":{\"@id\":\"https:\\\/\\\/www.art-moves-europe.eu\\\/de\\\/automatisch-gespeicherter-entwurf-2\\\/#primaryimage\"},\"thumbnailUrl\":\"https:\\\/\\\/www.art-moves-europe.eu\\\/wp-content\\\/uploads\\\/2020\\\/03\\\/EuropeanSculpturePath_Logo-quertesttest-255x300.jpg\",\"datePublished\":\"2020-02-09T09:10:22+00:00\",\"dateModified\":\"2025-01-01T09:08:10+00:00\",\"breadcrumb\":{\"@id\":\"https:\\\/\\\/www.art-moves-europe.eu\\\/de\\\/automatisch-gespeicherter-entwurf-2\\\/#breadcrumb\"},\"inLanguage\":\"de-DE\",\"potentialAction\":[{\"@type\":\"ReadAction\",\"target\":[\"https:\\\/\\\/www.art-moves-europe.eu\\\/de\\\/automatisch-gespeicherter-entwurf-2\\\/\"]}]},{\"@type\":\"ImageObject\",\"inLanguage\":\"de-DE\",\"@id\":\"https:\\\/\\\/www.art-moves-europe.eu\\\/de\\\/automatisch-gespeicherter-entwurf-2\\\/#primaryimage\",\"url\":\"https:\\\/\\\/www.art-moves-europe.eu\\\/wp-content\\\/uploads\\\/2020\\\/03\\\/EuropeanSculpturePath_Logo-quertesttest-255x300.jpg\",\"contentUrl\":\"https:\\\/\\\/www.art-moves-europe.eu\\\/wp-content\\\/uploads\\\/2020\\\/03\\\/EuropeanSculpturePath_Logo-quertesttest-255x300.jpg\"},{\"@type\":\"BreadcrumbList\",\"@id\":\"https:\\\/\\\/www.art-moves-europe.eu\\\/de\\\/automatisch-gespeicherter-entwurf-2\\\/#breadcrumb\",\"itemListElement\":[{\"@type\":\"ListItem\",\"position\":1,\"name\":\"Startseite\",\"item\":\"https:\\\/\\\/www.art-moves-europe.eu\\\/\"},{\"@type\":\"ListItem\",\"position\":2,\"name\":\"Besuche den virtuellen Skulpturenweg\"}]},{\"@type\":\"WebSite\",\"@id\":\"https:\\\/\\\/www.art-moves-europe.eu\\\/#website\",\"url\":\"https:\\\/\\\/www.art-moves-europe.eu\\\/\",\"name\":\"ART MOVES EUROPE e.V.\",\"description\":\"\",\"potentialAction\":[{\"@type\":\"SearchAction\",\"target\":{\"@type\":\"EntryPoint\",\"urlTemplate\":\"https:\\\/\\\/www.art-moves-europe.eu\\\/?s={search_term_string}\"},\"query-input\":{\"@type\":\"PropertyValueSpecification\",\"valueRequired\":true,\"valueName\":\"search_term_string\"}}],\"inLanguage\":\"de-DE\"}]}<\/script>\n<!-- \/ Yoast SEO plugin. -->","yoast_head_json":{"title":"Besuche den virtuellen Skulpturenweg","robots":{"index":"index","follow":"follow","max-snippet":"max-snippet:-1","max-image-preview":"max-image-preview:large","max-video-preview":"max-video-preview:-1"},"canonical":"https:\/\/www.art-moves-europe.eu\/de\/automatisch-gespeicherter-entwurf-2\/","og_locale":"de_DE","og_type":"article","og_title":"[:en]Visit the virtual \"European sculpturepath\"[:de]Besuche den virtuellen Skulpturenweg[:] - ART MOVES EUROPE e.V.","og_description":"Besuche den virtuellen Skulpturenweg indem Du auf das Logo klickst &nbsp; &nbsp; &nbsp;Der Europ\u00e4ische Skulpturenweg ist eine Initiative des Vereins[...]","og_url":"https:\/\/www.art-moves-europe.eu\/de\/automatisch-gespeicherter-entwurf-2\/","og_site_name":"ART MOVES EUROPE e.V.","article_modified_time":"2025-01-01T09:08:10+00:00","og_image":[{"width":2009,"height":2362,"url":"https:\/\/www.art-moves-europe.eu\/wp-content\/uploads\/2020\/03\/EuropeanSculpturePath_Logo-quertesttest.jpg","type":"image\/jpeg"}],"twitter_card":"summary_large_image","twitter_misc":{"Gesch\u00e4tzte Lesezeit":"5\u00a0Minuten"},"schema":{"@context":"https:\/\/schema.org","@graph":[{"@type":"WebPage","@id":"https:\/\/www.art-moves-europe.eu\/de\/automatisch-gespeicherter-entwurf-2\/","url":"https:\/\/www.art-moves-europe.eu\/de\/automatisch-gespeicherter-entwurf-2\/","name":"Besuche den virtuellen Skulpturenweg","isPartOf":{"@id":"https:\/\/www.art-moves-europe.eu\/#website"},"primaryImageOfPage":{"@id":"https:\/\/www.art-moves-europe.eu\/de\/automatisch-gespeicherter-entwurf-2\/#primaryimage"},"image":{"@id":"https:\/\/www.art-moves-europe.eu\/de\/automatisch-gespeicherter-entwurf-2\/#primaryimage"},"thumbnailUrl":"https:\/\/www.art-moves-europe.eu\/wp-content\/uploads\/2020\/03\/EuropeanSculpturePath_Logo-quertesttest-255x300.jpg","datePublished":"2020-02-09T09:10:22+00:00","dateModified":"2025-01-01T09:08:10+00:00","breadcrumb":{"@id":"https:\/\/www.art-moves-europe.eu\/de\/automatisch-gespeicherter-entwurf-2\/#breadcrumb"},"inLanguage":"de-DE","potentialAction":[{"@type":"ReadAction","target":["https:\/\/www.art-moves-europe.eu\/de\/automatisch-gespeicherter-entwurf-2\/"]}]},{"@type":"ImageObject","inLanguage":"de-DE","@id":"https:\/\/www.art-moves-europe.eu\/de\/automatisch-gespeicherter-entwurf-2\/#primaryimage","url":"https:\/\/www.art-moves-europe.eu\/wp-content\/uploads\/2020\/03\/EuropeanSculpturePath_Logo-quertesttest-255x300.jpg","contentUrl":"https:\/\/www.art-moves-europe.eu\/wp-content\/uploads\/2020\/03\/EuropeanSculpturePath_Logo-quertesttest-255x300.jpg"},{"@type":"BreadcrumbList","@id":"https:\/\/www.art-moves-europe.eu\/de\/automatisch-gespeicherter-entwurf-2\/#breadcrumb","itemListElement":[{"@type":"ListItem","position":1,"name":"Startseite","item":"https:\/\/www.art-moves-europe.eu\/"},{"@type":"ListItem","position":2,"name":"Besuche den virtuellen Skulpturenweg"}]},{"@type":"WebSite","@id":"https:\/\/www.art-moves-europe.eu\/#website","url":"https:\/\/www.art-moves-europe.eu\/","name":"ART MOVES EUROPE e.V.","description":"","potentialAction":[{"@type":"SearchAction","target":{"@type":"EntryPoint","urlTemplate":"https:\/\/www.art-moves-europe.eu\/?s={search_term_string}"},"query-input":{"@type":"PropertyValueSpecification","valueRequired":true,"valueName":"search_term_string"}}],"inLanguage":"de-DE"}]}},"_links":{"self":[{"href":"https:\/\/www.art-moves-europe.eu\/de\/wp-json\/wp\/v2\/pages\/1473","targetHints":{"allow":["GET"]}}],"collection":[{"href":"https:\/\/www.art-moves-europe.eu\/de\/wp-json\/wp\/v2\/pages"}],"about":[{"href":"https:\/\/www.art-moves-europe.eu\/de\/wp-json\/wp\/v2\/types\/page"}],"author":[{"embeddable":true,"href":"https:\/\/www.art-moves-europe.eu\/de\/wp-json\/wp\/v2\/users\/1"}],"replies":[{"embeddable":true,"href":"https:\/\/www.art-moves-europe.eu\/de\/wp-json\/wp\/v2\/comments?post=1473"}],"version-history":[{"count":72,"href":"https:\/\/www.art-moves-europe.eu\/de\/wp-json\/wp\/v2\/pages\/1473\/revisions"}],"predecessor-version":[{"id":3283,"href":"https:\/\/www.art-moves-europe.eu\/de\/wp-json\/wp\/v2\/pages\/1473\/revisions\/3283"}],"wp:attachment":[{"href":"https:\/\/www.art-moves-europe.eu\/de\/wp-json\/wp\/v2\/media?parent=1473"}],"curies":[{"name":"wp","href":"https:\/\/api.w.org\/{rel}","templated":true}]}}