{"id":1514,"date":"2020-02-09T14:06:00","date_gmt":"2020-02-09T13:06:00","guid":{"rendered":"https:\/\/www.art-moves-europe.eu\/de\/?page_id=1514"},"modified":"2020-02-09T14:23:04","modified_gmt":"2020-02-09T13:23:04","slug":"werden-sie-mitglied","status":"publish","type":"page","link":"https:\/\/www.art-moves-europe.eu\/de\/werden-sie-mitglied\/","title":{"rendered":"Werden Sie Mitglied"},"content":{"rendered":"<p>Werden Sie Mitglied bei Art moves Europe und unterst\u00fctzen Sie die Europ\u00e4ische Idee.<\/p>\n<p>Verfolgen Sie, wie faszinierende Skulpturen entstehen, Schauen Sie K\u00fcnstlern bei Symposien \u00fcber die Schulter oder gestalten Sie Ihr Kunstwerk f\u00fcr Europa.<\/p>\n<p>&nbsp;<\/p>\n<p><a href=\"https:\/\/www.art-moves-europe.eu\/wp-content\/uploads\/2020\/02\/Beitrittserkl\u00e4rung-Art-moves-Europe.pdf\" class=\"pdfemb-viewer\" style=\"width:600px;\" data-width=\"600\" data-height=\"max\" data-toolbar=\"bottom\" data-toolbar-fixed=\"on\">Beitrittserkl\u00e4rung Art moves Europe<\/a>]<\/p>\n","protected":false},"excerpt":{"rendered":"<p>Werden Sie Mitglied bei Art moves Europe und unterst\u00fctzen Sie die Europ\u00e4ische Idee. Verfolgen Sie, wie faszinierende Skulpturen entstehen, Schauen[&#8230;]<\/p>\n","protected":false},"author":2,"featured_media":0,"parent":0,"menu_order":0,"comment_status":"closed","ping_status":"closed","template":"","meta":{"ngg_post_thumbnail":0,"footnotes":""},"class_list":["post-1514","page","type-page","status-publish","hentry"],"yoast_head":"<!-- This site is optimized with the Yoast SEO plugin v27.6 - https:\/\/yoast.com\/product\/yoast-seo-wordpress\/ -->\n<title>Werden Sie Mitglied<\/title>\n<meta name=\"robots\" content=\"index, follow, max-snippet:-1, max-image-preview:large, max-video-preview:-1\" \/>\n<link rel=\"canonical\" href=\"https:\/\/www.art-moves-europe.eu\/de\/werden-sie-mitglied\/\" \/>\n<meta property=\"og:locale\" content=\"de_DE\" \/>\n<meta property=\"og:locale:alternate\" content=\"en_US\" \/>\n<meta property=\"og:type\" content=\"article\" \/>\n<meta property=\"og:title\" content=\"Werden Sie Mitglied\" \/>\n<meta property=\"og:description\" content=\"Werden Sie Mitglied bei Art moves Europe und unterst\u00fctzen Sie die Europ\u00e4ische Idee. Verfolgen Sie, wie faszinierende Skulpturen entstehen, Schauen[...]\" \/>\n<meta property=\"og:url\" content=\"https:\/\/www.art-moves-europe.eu\/de\/werden-sie-mitglied\/\" \/>\n<meta property=\"og:site_name\" content=\"ART MOVES EUROPE e.V.\" \/>\n<meta property=\"article:modified_time\" content=\"2020-02-09T13:23:04+00:00\" \/>\n<meta name=\"twitter:card\" content=\"summary_large_image\" \/>\n<meta name=\"twitter:label1\" content=\"Gesch\u00e4tzte Lesezeit\" \/>\n\t<meta name=\"twitter:data1\" content=\"1\u00a0Minute\" \/>\n<script type=\"application\/ld+json\" class=\"yoast-schema-graph\">{\"@context\":\"https:\\\/\\\/schema.org\",\"@graph\":[{\"@type\":\"WebPage\",\"@id\":\"https:\\\/\\\/www.art-moves-europe.eu\\\/werden-sie-mitglied\\\/\",\"url\":\"https:\\\/\\\/www.art-moves-europe.eu\\\/werden-sie-mitglied\\\/\",\"name\":\"Werden Sie Mitglied\",\"isPartOf\":{\"@id\":\"https:\\\/\\\/www.art-moves-europe.eu\\\/#website\"},\"datePublished\":\"2020-02-09T13:06:00+00:00\",\"dateModified\":\"2020-02-09T13:23:04+00:00\",\"breadcrumb\":{\"@id\":\"https:\\\/\\\/www.art-moves-europe.eu\\\/werden-sie-mitglied\\\/#breadcrumb\"},\"inLanguage\":\"de-DE\",\"potentialAction\":[{\"@type\":\"ReadAction\",\"target\":[\"https:\\\/\\\/www.art-moves-europe.eu\\\/werden-sie-mitglied\\\/\"]}]},{\"@type\":\"BreadcrumbList\",\"@id\":\"https:\\\/\\\/www.art-moves-europe.eu\\\/werden-sie-mitglied\\\/#breadcrumb\",\"itemListElement\":[{\"@type\":\"ListItem\",\"position\":1,\"name\":\"Startseite\",\"item\":\"https:\\\/\\\/www.art-moves-europe.eu\\\/\"},{\"@type\":\"ListItem\",\"position\":2,\"name\":\"Become a Member\"}]},{\"@type\":\"WebSite\",\"@id\":\"https:\\\/\\\/www.art-moves-europe.eu\\\/#website\",\"url\":\"https:\\\/\\\/www.art-moves-europe.eu\\\/\",\"name\":\"ART MOVES EUROPE e.V.\",\"description\":\"\",\"potentialAction\":[{\"@type\":\"SearchAction\",\"target\":{\"@type\":\"EntryPoint\",\"urlTemplate\":\"https:\\\/\\\/www.art-moves-europe.eu\\\/?s={search_term_string}\"},\"query-input\":{\"@type\":\"PropertyValueSpecification\",\"valueRequired\":true,\"valueName\":\"search_term_string\"}}],\"inLanguage\":\"de-DE\"}]}<\/script>\n<!-- \/ Yoast SEO plugin. -->","yoast_head_json":{"title":"Werden Sie Mitglied","robots":{"index":"index","follow":"follow","max-snippet":"max-snippet:-1","max-image-preview":"max-image-preview:large","max-video-preview":"max-video-preview:-1"},"canonical":"https:\/\/www.art-moves-europe.eu\/de\/werden-sie-mitglied\/","og_locale":"de_DE","og_type":"article","og_title":"[:en]Become a Member[:de]Werden Sie Mitglied[:] - ART MOVES EUROPE e.V.","og_description":"Werden Sie Mitglied bei Art moves Europe und unterst\u00fctzen Sie die Europ\u00e4ische Idee. Verfolgen Sie, wie faszinierende Skulpturen entstehen, Schauen[...]","og_url":"https:\/\/www.art-moves-europe.eu\/de\/werden-sie-mitglied\/","og_site_name":"ART MOVES EUROPE e.V.","article_modified_time":"2020-02-09T13:23:04+00:00","twitter_card":"summary_large_image","twitter_misc":{"Gesch\u00e4tzte Lesezeit":"1\u00a0Minute"},"schema":{"@context":"https:\/\/schema.org","@graph":[{"@type":"WebPage","@id":"https:\/\/www.art-moves-europe.eu\/werden-sie-mitglied\/","url":"https:\/\/www.art-moves-europe.eu\/werden-sie-mitglied\/","name":"Werden Sie Mitglied","isPartOf":{"@id":"https:\/\/www.art-moves-europe.eu\/#website"},"datePublished":"2020-02-09T13:06:00+00:00","dateModified":"2020-02-09T13:23:04+00:00","breadcrumb":{"@id":"https:\/\/www.art-moves-europe.eu\/werden-sie-mitglied\/#breadcrumb"},"inLanguage":"de-DE","potentialAction":[{"@type":"ReadAction","target":["https:\/\/www.art-moves-europe.eu\/werden-sie-mitglied\/"]}]},{"@type":"BreadcrumbList","@id":"https:\/\/www.art-moves-europe.eu\/werden-sie-mitglied\/#breadcrumb","itemListElement":[{"@type":"ListItem","position":1,"name":"Startseite","item":"https:\/\/www.art-moves-europe.eu\/"},{"@type":"ListItem","position":2,"name":"Become a Member"}]},{"@type":"WebSite","@id":"https:\/\/www.art-moves-europe.eu\/#website","url":"https:\/\/www.art-moves-europe.eu\/","name":"ART MOVES EUROPE e.V.","description":"","potentialAction":[{"@type":"SearchAction","target":{"@type":"EntryPoint","urlTemplate":"https:\/\/www.art-moves-europe.eu\/?s={search_term_string}"},"query-input":{"@type":"PropertyValueSpecification","valueRequired":true,"valueName":"search_term_string"}}],"inLanguage":"de-DE"}]}},"_links":{"self":[{"href":"https:\/\/www.art-moves-europe.eu\/de\/wp-json\/wp\/v2\/pages\/1514","targetHints":{"allow":["GET"]}}],"collection":[{"href":"https:\/\/www.art-moves-europe.eu\/de\/wp-json\/wp\/v2\/pages"}],"about":[{"href":"https:\/\/www.art-moves-europe.eu\/de\/wp-json\/wp\/v2\/types\/page"}],"author":[{"embeddable":true,"href":"https:\/\/www.art-moves-europe.eu\/de\/wp-json\/wp\/v2\/users\/2"}],"replies":[{"embeddable":true,"href":"https:\/\/www.art-moves-europe.eu\/de\/wp-json\/wp\/v2\/comments?post=1514"}],"version-history":[{"count":4,"href":"https:\/\/www.art-moves-europe.eu\/de\/wp-json\/wp\/v2\/pages\/1514\/revisions"}],"predecessor-version":[{"id":1522,"href":"https:\/\/www.art-moves-europe.eu\/de\/wp-json\/wp\/v2\/pages\/1514\/revisions\/1522"}],"wp:attachment":[{"href":"https:\/\/www.art-moves-europe.eu\/de\/wp-json\/wp\/v2\/media?parent=1514"}],"curies":[{"name":"wp","href":"https:\/\/api.w.org\/{rel}","templated":true}]}}