{"id":152,"date":"2018-12-13T10:13:05","date_gmt":"2018-12-13T09:13:05","guid":{"rendered":"http:\/\/europe.marks-for-europe.eu\/?page_id=152"},"modified":"2022-02-24T18:06:40","modified_gmt":"2022-02-24T17:06:40","slug":"artists-gallery","status":"publish","type":"page","link":"https:\/\/www.art-moves-europe.eu\/de\/artists-gallery\/","title":{"rendered":"Alfred Mevissen"},"content":{"rendered":"<p><img loading=\"lazy\" decoding=\"async\" class=\"alignnone size-medium wp-image-2833\" src=\"https:\/\/www.art-moves-europe.eu\/wp-content\/uploads\/2021\/10\/Ausstellung-BBK-logo-1-300x300.png\" alt=\"\" width=\"300\" height=\"300\" srcset=\"https:\/\/www.art-moves-europe.eu\/wp-content\/uploads\/2021\/10\/Ausstellung-BBK-logo-1-300x300.png 300w, https:\/\/www.art-moves-europe.eu\/wp-content\/uploads\/2021\/10\/Ausstellung-BBK-logo-1-150x150.png 150w, https:\/\/www.art-moves-europe.eu\/wp-content\/uploads\/2021\/10\/Ausstellung-BBK-logo-1.png 719w\" sizes=\"auto, (max-width: 300px) 100vw, 300px\" \/> &nbsp;&nbsp; &nbsp;&nbsp; &nbsp;&nbsp; &nbsp;<a href=\"https:\/\/skfb.ly\/osQJV\">3D Scan Der Narr<\/a><\/p>\n<table style=\"border-collapse: collapse; width: 100%;\">\n<tbody>\n<tr>\n<td style=\"width: 50%;\"><a href=\"https:\/\/www.pillars-of-freedom.com\/index.php\/alfred\" target=\"_blank\" rel=\"noopener noreferrer\"><img loading=\"lazy\" decoding=\"async\" class=\"alignnone size-medium wp-image-480\" src=\"https:\/\/www.art-moves-europe.eu\/wp-content\/uploads\/2018\/12\/Alfred-Mevissen-300x226.jpg\" alt=\"\" width=\"300\" height=\"226\" srcset=\"https:\/\/www.art-moves-europe.eu\/wp-content\/uploads\/2018\/12\/Alfred-Mevissen-300x226.jpg 300w, https:\/\/www.art-moves-europe.eu\/wp-content\/uploads\/2018\/12\/Alfred-Mevissen-768x580.jpg 768w, https:\/\/www.art-moves-europe.eu\/wp-content\/uploads\/2018\/12\/Alfred-Mevissen-1024x773.jpg 1024w, https:\/\/www.art-moves-europe.eu\/wp-content\/uploads\/2018\/12\/Alfred-Mevissen.jpg 1550w\" sizes=\"auto, (max-width: 300px) 100vw, 300px\" \/><\/a><\/td>\n<td style=\"width: 50%;\">ngg_shortcode_0_placeholder<\/td>\n<\/tr>\n<tr>\n<td style=\"width: 50%;\" colspan=\"2\"><a href=\"https:\/\/de.wikipedia.org\/wiki\/Alfred_Mevissen\" target=\"_blank\" rel=\"noopener\">Wikipedia Alfred Mevissen<\/a><\/p>\n<p><strong>Kurzvita &nbsp; &nbsp; &nbsp; &nbsp; &nbsp; &nbsp; &nbsp; &nbsp; &nbsp; &nbsp; &nbsp; &nbsp; &nbsp; &nbsp; &nbsp; &nbsp; &nbsp; &nbsp; &nbsp; &nbsp; &nbsp; &nbsp; &nbsp; &nbsp; &nbsp; &nbsp; &nbsp; &nbsp; &nbsp; &nbsp; &nbsp; &nbsp; &nbsp;<br \/>\n<\/strong>1958&nbsp;&nbsp;&nbsp; geboren in Geilenkirchen1977&nbsp;&nbsp;&nbsp; Studium f\u00fcr Lehramt RWTH AachenSeit 1985 t\u00e4tig in der pharmazeutischen Industrie, zuletzt im Bereich Krebstherapie<strong>&nbsp;<\/strong><strong>K\u00fcnstlerische T\u00e4tigkeit<\/strong>2004&nbsp;&nbsp;&nbsp; Erste bildhauerische T\u00e4tigkeit im Rahmen des F\u00fchrungsseminars \u201eeinStein &#8211; F\u00fchrung ist relativ\u201c<\/p>\n<p>2006 &nbsp;&nbsp; Ausstellung in N\u00fcrnberg bei Novartis zum Thema \u201e Perspektiven zum Leben mit Krebs\u201c<\/p>\n<p>2010 &nbsp;&nbsp; Erste gro\u00dfformatige Skulptur \u201eSchwarzes und wei\u00dfes Gold&#8220; im \u00f6ffentlichen Raum<\/p>\n<p>2011&nbsp;&nbsp;&nbsp; Gruppenausstellung Maybach, Bodnegg, Bodensee<\/p>\n<p>2012 &nbsp;&nbsp; Ver\u00f6ffentlichung des Buches \u201ePerfekt kann jeder &#8211; Steine als Wegweiser zu neuen Perspektiven\u201c<\/p>\n<p>2013 &nbsp;&nbsp; Versteigerung eines Marmorschuhs zugunsten der Kinderkrebshilfe S\u00fcdtirol in Laas im Rahmen des Festes &#8222;Marmor und Marillen&#8220;<\/p>\n<p>2015&nbsp;&nbsp;&nbsp; Gruppenausstellung Mochenwangen, Allg\u00e4u<\/p>\n<p>2015 &nbsp;&nbsp; Initiierung der ersten Offenen Alsdorfer Atelier H\u00e4user (OAAH)<\/p>\n<p>2016&nbsp;&nbsp;&nbsp; Living Sculpture im Kinderkrebszentrum Maria Letizia Verga, Monza, Italien<\/p>\n<p><strong>2016&nbsp;&nbsp;&nbsp; Initiierung des internationalen Kunstprojektes \u201ePillars of Freedom\u201c<\/strong><\/p>\n<p>2017&nbsp;&nbsp; Aufstellung der Skulptur \u201eErneuerbare Energien\u201c im Rahmen von Pillars of Freedom in Alsdorf<\/p>\n<p>2017&nbsp;&nbsp;&nbsp; Aufstellung der Skulptur \u201eEinfachheit\u201c im Rahmen des Projektes Pillars of Freedom in Tuglie, Apulien<\/p>\n<p>2017 &nbsp;&nbsp; Durchf\u00fchrung eines internationalen Bildhauersymposiums in Alsdorf, bei dem 6 gro\u00dfformatige Skulpturen f\u00fcr die Alsdorfer Parks entstanden sind<\/p>\n<p>2017&nbsp;&nbsp; Aufstellung von 6 Skulpturen in den Parks von Alsdorf, darunter \u201eDer Narr\u201c zum Thema Redefreiheit<\/p>\n<p>2017 &nbsp;&nbsp; Aufstellung von 5 S\u00e4ulen der Freiheit am Vintschgau Radweg, Reschenpass, Meran<\/p>\n<p>2018&nbsp;&nbsp; Aufstellung der Skulptur &#8222;Wings of Life&#8220; in Racale, Apulien, Italian<\/p>\n<p>2018&nbsp; Ver\u00f6ffentlichung des Buches &#8222;Ich bin die Freiheit? &#8211; Ansichten zu den S\u00e4ulen der Freiheit&#8220;&nbsp; I am the Freedom? &#8211; Visions of the Pillars of Freedom&#8220;<\/p>\n<p>2018&nbsp; Gr\u00fcndung des Vereins &#8222;Art moves Europe&#8220; und Initiierung des gleichnamigen gesellschsftspoiltischen Kunstprojektes zur Zukunft Europas.<\/td>\n<\/tr>\n<\/tbody>\n<\/table>\n<p>&nbsp;<\/p>\n<p>&nbsp;<\/p>\n<p>&nbsp;<\/p>\n","protected":false},"excerpt":{"rendered":"<p>&nbsp;&nbsp; &nbsp;&nbsp; &nbsp;&nbsp; &nbsp;3D Scan Der Narr Wikipedia Alfred Mevissen Kurzvita &nbsp; &nbsp; &nbsp; &nbsp; &nbsp; &nbsp; &nbsp; &nbsp; &nbsp;[&#8230;]<\/p>\n","protected":false},"author":2,"featured_media":0,"parent":0,"menu_order":0,"comment_status":"closed","ping_status":"closed","template":"template-fullwidth.php","meta":{"ngg_post_thumbnail":0,"footnotes":""},"class_list":["post-152","page","type-page","status-publish","hentry"],"yoast_head":"<!-- This site is optimized with the Yoast SEO plugin v27.4 - https:\/\/yoast.com\/product\/yoast-seo-wordpress\/ -->\n<title>Alfred Mevissen<\/title>\n<meta name=\"robots\" content=\"index, follow, max-snippet:-1, max-image-preview:large, max-video-preview:-1\" \/>\n<link rel=\"canonical\" href=\"https:\/\/www.art-moves-europe.eu\/de\/artists-gallery\/\" \/>\n<meta property=\"og:locale\" content=\"de_DE\" \/>\n<meta property=\"og:locale:alternate\" content=\"en_US\" \/>\n<meta property=\"og:type\" content=\"article\" \/>\n<meta property=\"og:title\" content=\"Alfred Mevissen\" \/>\n<meta property=\"og:description\" content=\"&nbsp;&nbsp; &nbsp;&nbsp; &nbsp;&nbsp; &nbsp;3D Scan Der Narr Wikipedia Alfred Mevissen Kurzvita &nbsp; &nbsp; &nbsp; &nbsp; &nbsp; &nbsp; &nbsp; &nbsp; &nbsp;[...]\" \/>\n<meta property=\"og:url\" content=\"https:\/\/www.art-moves-europe.eu\/de\/artists-gallery\/\" \/>\n<meta property=\"og:site_name\" content=\"ART MOVES EUROPE e.V.\" \/>\n<meta property=\"article:modified_time\" content=\"2022-02-24T17:06:40+00:00\" \/>\n<meta property=\"og:image\" content=\"https:\/\/www.art-moves-europe.eu\/wp-content\/uploads\/2018\/12\/Alfred-Mevissen-300x226.jpg\" \/>\n<meta name=\"twitter:card\" content=\"summary_large_image\" \/>\n<meta name=\"twitter:label1\" content=\"Gesch\u00e4tzte Lesezeit\" \/>\n\t<meta name=\"twitter:data1\" content=\"2\u00a0Minuten\" \/>\n<script type=\"application\/ld+json\" class=\"yoast-schema-graph\">{\"@context\":\"https:\\\/\\\/schema.org\",\"@graph\":[{\"@type\":\"WebPage\",\"@id\":\"https:\\\/\\\/www.art-moves-europe.eu\\\/de\\\/artists-gallery\\\/\",\"url\":\"https:\\\/\\\/www.art-moves-europe.eu\\\/de\\\/artists-gallery\\\/\",\"name\":\"Alfred Mevissen\",\"isPartOf\":{\"@id\":\"https:\\\/\\\/www.art-moves-europe.eu\\\/#website\"},\"primaryImageOfPage\":{\"@id\":\"https:\\\/\\\/www.art-moves-europe.eu\\\/de\\\/artists-gallery\\\/#primaryimage\"},\"image\":{\"@id\":\"https:\\\/\\\/www.art-moves-europe.eu\\\/de\\\/artists-gallery\\\/#primaryimage\"},\"thumbnailUrl\":\"https:\\\/\\\/www.art-moves-europe.eu\\\/wp-content\\\/uploads\\\/2018\\\/12\\\/Alfred-Mevissen-300x226.jpg\",\"datePublished\":\"2018-12-13T09:13:05+00:00\",\"dateModified\":\"2022-02-24T17:06:40+00:00\",\"breadcrumb\":{\"@id\":\"https:\\\/\\\/www.art-moves-europe.eu\\\/de\\\/artists-gallery\\\/#breadcrumb\"},\"inLanguage\":\"de-DE\",\"potentialAction\":[{\"@type\":\"ReadAction\",\"target\":[\"https:\\\/\\\/www.art-moves-europe.eu\\\/de\\\/artists-gallery\\\/\"]}]},{\"@type\":\"ImageObject\",\"inLanguage\":\"de-DE\",\"@id\":\"https:\\\/\\\/www.art-moves-europe.eu\\\/de\\\/artists-gallery\\\/#primaryimage\",\"url\":\"https:\\\/\\\/www.art-moves-europe.eu\\\/wp-content\\\/uploads\\\/2018\\\/12\\\/Alfred-Mevissen-300x226.jpg\",\"contentUrl\":\"https:\\\/\\\/www.art-moves-europe.eu\\\/wp-content\\\/uploads\\\/2018\\\/12\\\/Alfred-Mevissen-300x226.jpg\"},{\"@type\":\"BreadcrumbList\",\"@id\":\"https:\\\/\\\/www.art-moves-europe.eu\\\/de\\\/artists-gallery\\\/#breadcrumb\",\"itemListElement\":[{\"@type\":\"ListItem\",\"position\":1,\"name\":\"Startseite\",\"item\":\"https:\\\/\\\/www.art-moves-europe.eu\\\/\"},{\"@type\":\"ListItem\",\"position\":2,\"name\":\"Alfred Mevissen\"}]},{\"@type\":\"WebSite\",\"@id\":\"https:\\\/\\\/www.art-moves-europe.eu\\\/#website\",\"url\":\"https:\\\/\\\/www.art-moves-europe.eu\\\/\",\"name\":\"ART MOVES EUROPE e.V.\",\"description\":\"\",\"potentialAction\":[{\"@type\":\"SearchAction\",\"target\":{\"@type\":\"EntryPoint\",\"urlTemplate\":\"https:\\\/\\\/www.art-moves-europe.eu\\\/?s={search_term_string}\"},\"query-input\":{\"@type\":\"PropertyValueSpecification\",\"valueRequired\":true,\"valueName\":\"search_term_string\"}}],\"inLanguage\":\"de-DE\"}]}<\/script>\n<!-- \/ Yoast SEO plugin. -->","yoast_head_json":{"title":"Alfred Mevissen","robots":{"index":"index","follow":"follow","max-snippet":"max-snippet:-1","max-image-preview":"max-image-preview:large","max-video-preview":"max-video-preview:-1"},"canonical":"https:\/\/www.art-moves-europe.eu\/de\/artists-gallery\/","og_locale":"de_DE","og_type":"article","og_title":"[:en]Alfred Mevissen[:de]Alfred Mevissen[:] - ART MOVES EUROPE e.V.","og_description":"&nbsp;&nbsp; &nbsp;&nbsp; &nbsp;&nbsp; &nbsp;3D Scan Der Narr Wikipedia Alfred Mevissen Kurzvita &nbsp; &nbsp; &nbsp; &nbsp; &nbsp; &nbsp; &nbsp; &nbsp; &nbsp;[...]","og_url":"https:\/\/www.art-moves-europe.eu\/de\/artists-gallery\/","og_site_name":"ART MOVES EUROPE e.V.","article_modified_time":"2022-02-24T17:06:40+00:00","og_image":[{"url":"https:\/\/www.art-moves-europe.eu\/wp-content\/uploads\/2018\/12\/Alfred-Mevissen-300x226.jpg","type":"","width":"","height":""}],"twitter_card":"summary_large_image","twitter_misc":{"Gesch\u00e4tzte Lesezeit":"2\u00a0Minuten"},"schema":{"@context":"https:\/\/schema.org","@graph":[{"@type":"WebPage","@id":"https:\/\/www.art-moves-europe.eu\/de\/artists-gallery\/","url":"https:\/\/www.art-moves-europe.eu\/de\/artists-gallery\/","name":"Alfred Mevissen","isPartOf":{"@id":"https:\/\/www.art-moves-europe.eu\/#website"},"primaryImageOfPage":{"@id":"https:\/\/www.art-moves-europe.eu\/de\/artists-gallery\/#primaryimage"},"image":{"@id":"https:\/\/www.art-moves-europe.eu\/de\/artists-gallery\/#primaryimage"},"thumbnailUrl":"https:\/\/www.art-moves-europe.eu\/wp-content\/uploads\/2018\/12\/Alfred-Mevissen-300x226.jpg","datePublished":"2018-12-13T09:13:05+00:00","dateModified":"2022-02-24T17:06:40+00:00","breadcrumb":{"@id":"https:\/\/www.art-moves-europe.eu\/de\/artists-gallery\/#breadcrumb"},"inLanguage":"de-DE","potentialAction":[{"@type":"ReadAction","target":["https:\/\/www.art-moves-europe.eu\/de\/artists-gallery\/"]}]},{"@type":"ImageObject","inLanguage":"de-DE","@id":"https:\/\/www.art-moves-europe.eu\/de\/artists-gallery\/#primaryimage","url":"https:\/\/www.art-moves-europe.eu\/wp-content\/uploads\/2018\/12\/Alfred-Mevissen-300x226.jpg","contentUrl":"https:\/\/www.art-moves-europe.eu\/wp-content\/uploads\/2018\/12\/Alfred-Mevissen-300x226.jpg"},{"@type":"BreadcrumbList","@id":"https:\/\/www.art-moves-europe.eu\/de\/artists-gallery\/#breadcrumb","itemListElement":[{"@type":"ListItem","position":1,"name":"Startseite","item":"https:\/\/www.art-moves-europe.eu\/"},{"@type":"ListItem","position":2,"name":"Alfred Mevissen"}]},{"@type":"WebSite","@id":"https:\/\/www.art-moves-europe.eu\/#website","url":"https:\/\/www.art-moves-europe.eu\/","name":"ART MOVES EUROPE e.V.","description":"","potentialAction":[{"@type":"SearchAction","target":{"@type":"EntryPoint","urlTemplate":"https:\/\/www.art-moves-europe.eu\/?s={search_term_string}"},"query-input":{"@type":"PropertyValueSpecification","valueRequired":true,"valueName":"search_term_string"}}],"inLanguage":"de-DE"}]}},"_links":{"self":[{"href":"https:\/\/www.art-moves-europe.eu\/de\/wp-json\/wp\/v2\/pages\/152","targetHints":{"allow":["GET"]}}],"collection":[{"href":"https:\/\/www.art-moves-europe.eu\/de\/wp-json\/wp\/v2\/pages"}],"about":[{"href":"https:\/\/www.art-moves-europe.eu\/de\/wp-json\/wp\/v2\/types\/page"}],"author":[{"embeddable":true,"href":"https:\/\/www.art-moves-europe.eu\/de\/wp-json\/wp\/v2\/users\/2"}],"replies":[{"embeddable":true,"href":"https:\/\/www.art-moves-europe.eu\/de\/wp-json\/wp\/v2\/comments?post=152"}],"version-history":[{"count":37,"href":"https:\/\/www.art-moves-europe.eu\/de\/wp-json\/wp\/v2\/pages\/152\/revisions"}],"predecessor-version":[{"id":2918,"href":"https:\/\/www.art-moves-europe.eu\/de\/wp-json\/wp\/v2\/pages\/152\/revisions\/2918"}],"wp:attachment":[{"href":"https:\/\/www.art-moves-europe.eu\/de\/wp-json\/wp\/v2\/media?parent=152"}],"curies":[{"name":"wp","href":"https:\/\/api.w.org\/{rel}","templated":true}]}}