{"id":1526,"date":"2020-02-09T18:06:52","date_gmt":"2020-02-09T17:06:52","guid":{"rendered":"https:\/\/www.art-moves-europe.eu\/de\/?page_id=1526"},"modified":"2021-01-10T10:11:53","modified_gmt":"2021-01-10T09:11:53","slug":"aktivitaeten","status":"publish","type":"page","link":"https:\/\/www.art-moves-europe.eu\/de\/aktivitaeten\/","title":{"rendered":"Weitere Aktionen"},"content":{"rendered":"<p><span style=\"font-size: 24pt;\"><strong>1.Skulpturen zum Thema Europa<\/strong><\/span><\/p>\n<p>ngg_shortcode_0_placeholder<span style=\"font-size: 24pt;\"><strong>2.Workshopkonzept \u201eWegweiser unserer Gesellschaft\u201c<\/strong><\/span><\/p>\n<p>Dieses Workshopkonzept richtet sich insbesonderean Sch\u00fcler uns junge Menschen, die sich mit dem Thema Europa auseinandersetzen m\u00f6chten.<\/p>\n<p>Idealerweise stehen ca. 12 \u2013 18 Stunden Workshopzeit zur Verf\u00fcgung.<\/p>\n<p>ngg_shortcode_1_placeholder<strong>Die Idee<\/strong><\/p>\n<p>Die Teilnehmer gestalten gemeinsam einen Wegweiser f\u00fcr Europa. Dieser Wegweiser besteht aus einer tragenden S\u00e4ule, an der individuelle Wegweiser der einzelnen Teilnehmer angebracht werden.<\/p>\n<p>Zu Beginn des Workshops tauschen die Teilnehmer sich, nach einer Vorstellungsrunde, \u00fcber Ihre pers\u00f6nlichen Gedanken und Assoziationen zum Thema Europa in einer offenen Diskussion aus.<\/p>\n<p>Als Ergebnis dieser Gespr\u00e4chsrunde, werden die Gedanken der Teilnehmer in die Kategorien<\/p>\n<p>St\u00e4rken \u2013 Verbesserungsbedarf und Ideen f\u00fcr die Zukunft eingeordnet und dokumentiert.<\/p>\n<p>Nun stellt der Moderator die Idee f\u00fcr die Kunstinstallation vor. Die Idee ist, dass die Teilnehmer sich zun\u00e4chst darauf einigen, wie sie die tragende S\u00e4ule Ihres Wegweisers konstruieren und optisch gestalten m\u00f6chten. Hierzu ist anzumerken, dass den Teilnehmer bereits in dieser Phase bewu\u00dft sein muss, dass im Anschluss von jedem einzelnen Teilnehmer ein individuell gestaltetes Hinweisschild an der tragenden S\u00e4ule angebracht werden soll.<\/p>\n<p>Im Rahmen der Diskussion zeigt sich schnell wie schwierig es ist, sich auf ein gemeinsames Konzept zu einigen. Es kommt fast zwangsl\u00e4ufig zu einer Abstimmung. An diesem Punkt des Workshops bitte der Moderator die Teilnehmer festzulegen nach welchem Abstimmungsprinzip sie die Abstimmung durchf\u00fchren m\u00f6chten. Diese wird festgelegt und eine Entscheidung f\u00fcr die Gestaltung der tragenden S\u00e4ule wird herbeigef\u00fchrt.<\/p>\n<p>Bevor die Realisation der S\u00e4ule durchgef\u00fchrt wird l\u00e4dt der Moderator zu einer Transferrunde ein, in der die Parallelen zur realen Situation der Europ\u00e4ischen Union besprochen und er\u00f6rtert werden.<\/p>\n<p>Im Anschluss wird die tragende S\u00e4ule gestaltet.<\/p>\n<p>In einer zweiten Einheit werden die Teilnehmer gebeten ihren pers\u00f6nlichen Hinweis f\u00fcr die Zukunft Europas festzulegen und sich ein Gestaltungskonzept f\u00fcr vorgefertigte leere Hinweisschilder auszudenken. F\u00fcr die Gestaltung und den Inhalt gibt es keine Vorgaben. Hinweisschilder k\u00f6nnen auch in Kleingruppen bis zu drei Personen durchgef\u00fchrt werden, falls dies gew\u00fcnscht ist.<\/p>\n<p>Dieser Teil des Workshops steht f\u00fcr die regionale bzw. individuelle Identit\u00e4t der Menschen in Europa.<\/p>\n<p>Nachdem alle Teilnehmer ihre Hinweisschilder gestaltet haben, pr\u00e4sentieren sie dies an der Basiss\u00e4ule und bringen sie dabei an der S\u00e4ule an. Diese kurzen Statements k\u00f6nnen videodokumentiert werden.<\/p>\n<p>Zum Abschluss des Workshops reflektieren die Teilnehmer die Ergebnisse und stellen auf der Basis des Erlebten einen Transfer zur politischen Situation in der Europ\u00e4ischen Union her<\/p>\n<p>&nbsp;<\/p>\n<p><span style=\"font-size: 24pt;\"><strong>3.Eine Skulptur f\u00fcr Fanano<\/strong>.<\/span><\/p>\n<p>Gestaltung einer Skulptur in Fanano, Italien gemeinsam mit dem USSP Urban Stone Sculpture Park<\/p>\n","protected":false},"excerpt":{"rendered":"<p>1.Skulpturen zum Thema Europa 2.Workshopkonzept \u201eWegweiser unserer Gesellschaft\u201c Dieses Workshopkonzept richtet sich insbesonderean Sch\u00fcler uns junge Menschen, die sich mit[&#8230;]<\/p>\n","protected":false},"author":2,"featured_media":0,"parent":0,"menu_order":0,"comment_status":"closed","ping_status":"closed","template":"","meta":{"ngg_post_thumbnail":0,"footnotes":""},"class_list":["post-1526","page","type-page","status-publish","hentry"],"yoast_head":"<!-- This site is optimized with the Yoast SEO plugin v27.5 - https:\/\/yoast.com\/product\/yoast-seo-wordpress\/ -->\n<title>Weitere Aktionen<\/title>\n<meta name=\"robots\" content=\"index, follow, max-snippet:-1, max-image-preview:large, max-video-preview:-1\" \/>\n<link rel=\"canonical\" href=\"https:\/\/www.art-moves-europe.eu\/de\/aktivitaeten\/\" \/>\n<meta property=\"og:locale\" content=\"de_DE\" \/>\n<meta property=\"og:locale:alternate\" content=\"en_US\" \/>\n<meta property=\"og:type\" content=\"article\" \/>\n<meta property=\"og:title\" content=\"Weitere Aktionen\" \/>\n<meta property=\"og:description\" content=\"1.Skulpturen zum Thema Europa 2.Workshopkonzept \u201eWegweiser unserer Gesellschaft\u201c Dieses Workshopkonzept richtet sich insbesonderean Sch\u00fcler uns junge Menschen, die sich mit[...]\" \/>\n<meta property=\"og:url\" content=\"https:\/\/www.art-moves-europe.eu\/de\/aktivitaeten\/\" \/>\n<meta property=\"og:site_name\" content=\"ART MOVES EUROPE e.V.\" \/>\n<meta property=\"article:modified_time\" content=\"2021-01-10T09:11:53+00:00\" \/>\n<meta name=\"twitter:card\" content=\"summary_large_image\" \/>\n<meta name=\"twitter:label1\" content=\"Gesch\u00e4tzte Lesezeit\" \/>\n\t<meta name=\"twitter:data1\" content=\"3\u00a0Minuten\" \/>\n<script type=\"application\/ld+json\" class=\"yoast-schema-graph\">{\"@context\":\"https:\\\/\\\/schema.org\",\"@graph\":[{\"@type\":\"WebPage\",\"@id\":\"https:\\\/\\\/www.art-moves-europe.eu\\\/aktivitaeten\\\/\",\"url\":\"https:\\\/\\\/www.art-moves-europe.eu\\\/aktivitaeten\\\/\",\"name\":\"Weitere Aktionen\",\"isPartOf\":{\"@id\":\"https:\\\/\\\/www.art-moves-europe.eu\\\/#website\"},\"datePublished\":\"2020-02-09T17:06:52+00:00\",\"dateModified\":\"2021-01-10T09:11:53+00:00\",\"breadcrumb\":{\"@id\":\"https:\\\/\\\/www.art-moves-europe.eu\\\/aktivitaeten\\\/#breadcrumb\"},\"inLanguage\":\"de-DE\",\"potentialAction\":[{\"@type\":\"ReadAction\",\"target\":[\"https:\\\/\\\/www.art-moves-europe.eu\\\/aktivitaeten\\\/\"]}]},{\"@type\":\"BreadcrumbList\",\"@id\":\"https:\\\/\\\/www.art-moves-europe.eu\\\/aktivitaeten\\\/#breadcrumb\",\"itemListElement\":[{\"@type\":\"ListItem\",\"position\":1,\"name\":\"Startseite\",\"item\":\"https:\\\/\\\/www.art-moves-europe.eu\\\/\"},{\"@type\":\"ListItem\",\"position\":2,\"name\":\"Other Activities\"}]},{\"@type\":\"WebSite\",\"@id\":\"https:\\\/\\\/www.art-moves-europe.eu\\\/#website\",\"url\":\"https:\\\/\\\/www.art-moves-europe.eu\\\/\",\"name\":\"ART MOVES EUROPE e.V.\",\"description\":\"\",\"potentialAction\":[{\"@type\":\"SearchAction\",\"target\":{\"@type\":\"EntryPoint\",\"urlTemplate\":\"https:\\\/\\\/www.art-moves-europe.eu\\\/?s={search_term_string}\"},\"query-input\":{\"@type\":\"PropertyValueSpecification\",\"valueRequired\":true,\"valueName\":\"search_term_string\"}}],\"inLanguage\":\"de-DE\"}]}<\/script>\n<!-- \/ Yoast SEO plugin. -->","yoast_head_json":{"title":"Weitere Aktionen","robots":{"index":"index","follow":"follow","max-snippet":"max-snippet:-1","max-image-preview":"max-image-preview:large","max-video-preview":"max-video-preview:-1"},"canonical":"https:\/\/www.art-moves-europe.eu\/de\/aktivitaeten\/","og_locale":"de_DE","og_type":"article","og_title":"[:en]Other Activities[:de]Weitere Aktionen[:] - ART MOVES EUROPE e.V.","og_description":"1.Skulpturen zum Thema Europa 2.Workshopkonzept \u201eWegweiser unserer Gesellschaft\u201c Dieses Workshopkonzept richtet sich insbesonderean Sch\u00fcler uns junge Menschen, die sich mit[...]","og_url":"https:\/\/www.art-moves-europe.eu\/de\/aktivitaeten\/","og_site_name":"ART MOVES EUROPE e.V.","article_modified_time":"2021-01-10T09:11:53+00:00","twitter_card":"summary_large_image","twitter_misc":{"Gesch\u00e4tzte Lesezeit":"3\u00a0Minuten"},"schema":{"@context":"https:\/\/schema.org","@graph":[{"@type":"WebPage","@id":"https:\/\/www.art-moves-europe.eu\/aktivitaeten\/","url":"https:\/\/www.art-moves-europe.eu\/aktivitaeten\/","name":"Weitere Aktionen","isPartOf":{"@id":"https:\/\/www.art-moves-europe.eu\/#website"},"datePublished":"2020-02-09T17:06:52+00:00","dateModified":"2021-01-10T09:11:53+00:00","breadcrumb":{"@id":"https:\/\/www.art-moves-europe.eu\/aktivitaeten\/#breadcrumb"},"inLanguage":"de-DE","potentialAction":[{"@type":"ReadAction","target":["https:\/\/www.art-moves-europe.eu\/aktivitaeten\/"]}]},{"@type":"BreadcrumbList","@id":"https:\/\/www.art-moves-europe.eu\/aktivitaeten\/#breadcrumb","itemListElement":[{"@type":"ListItem","position":1,"name":"Startseite","item":"https:\/\/www.art-moves-europe.eu\/"},{"@type":"ListItem","position":2,"name":"Other Activities"}]},{"@type":"WebSite","@id":"https:\/\/www.art-moves-europe.eu\/#website","url":"https:\/\/www.art-moves-europe.eu\/","name":"ART MOVES EUROPE e.V.","description":"","potentialAction":[{"@type":"SearchAction","target":{"@type":"EntryPoint","urlTemplate":"https:\/\/www.art-moves-europe.eu\/?s={search_term_string}"},"query-input":{"@type":"PropertyValueSpecification","valueRequired":true,"valueName":"search_term_string"}}],"inLanguage":"de-DE"}]}},"_links":{"self":[{"href":"https:\/\/www.art-moves-europe.eu\/de\/wp-json\/wp\/v2\/pages\/1526","targetHints":{"allow":["GET"]}}],"collection":[{"href":"https:\/\/www.art-moves-europe.eu\/de\/wp-json\/wp\/v2\/pages"}],"about":[{"href":"https:\/\/www.art-moves-europe.eu\/de\/wp-json\/wp\/v2\/types\/page"}],"author":[{"embeddable":true,"href":"https:\/\/www.art-moves-europe.eu\/de\/wp-json\/wp\/v2\/users\/2"}],"replies":[{"embeddable":true,"href":"https:\/\/www.art-moves-europe.eu\/de\/wp-json\/wp\/v2\/comments?post=1526"}],"version-history":[{"count":17,"href":"https:\/\/www.art-moves-europe.eu\/de\/wp-json\/wp\/v2\/pages\/1526\/revisions"}],"predecessor-version":[{"id":2233,"href":"https:\/\/www.art-moves-europe.eu\/de\/wp-json\/wp\/v2\/pages\/1526\/revisions\/2233"}],"wp:attachment":[{"href":"https:\/\/www.art-moves-europe.eu\/de\/wp-json\/wp\/v2\/media?parent=1526"}],"curies":[{"name":"wp","href":"https:\/\/api.w.org\/{rel}","templated":true}]}}