{"id":1596,"date":"2020-02-16T18:52:49","date_gmt":"2020-02-16T17:52:49","guid":{"rendered":"https:\/\/www.art-moves-europe.eu\/?page_id=1596"},"modified":"2021-01-24T20:08:12","modified_gmt":"2021-01-24T19:08:12","slug":"algis-kasparavicius","status":"publish","type":"page","link":"https:\/\/www.art-moves-europe.eu\/de\/algis-kasparavicius\/","title":{"rendered":"ALGIS KASPARAVICIUS"},"content":{"rendered":"<table style=\"border-collapse: collapse; width: 100%;\">\n<tbody>\n<tr>\n<td style=\"width: 50%;\"><img loading=\"lazy\" decoding=\"async\" class=\"alignnone size-full wp-image-1593\" src=\"https:\/\/www.art-moves-europe.eu\/wp-content\/uploads\/2020\/02\/Algis-1.jpg\" alt=\"\" width=\"260\" height=\"260\"><\/td>\n<td style=\"width: 50%;\"><figure class=\"wp-block-embed wp-block-embed-youtube is-type-video is-provider-youtube epyt-figure\"><div class=\"wp-block-embed__wrapper\"><iframe loading=\"lazy\"  id=\"_ytid_77987\"  width=\"840\" height=\"473\"  data-origwidth=\"840\" data-origheight=\"473\" src=\"https:\/\/www.youtube.com\/embed\/gn5wCDMI4S0?enablejsapi=1&autoplay=0&cc_load_policy=0&cc_lang_pref=&iv_load_policy=1&loop=0&rel=1&fs=1&playsinline=0&autohide=2&theme=dark&color=red&controls=1&disablekb=0&\" class=\"__youtube_prefs__  no-lazyload\" title=\"YouTube player\"  allow=\"fullscreen; accelerometer; autoplay; clipboard-write; encrypted-media; gyroscope; picture-in-picture; web-share\" referrerpolicy=\"strict-origin-when-cross-origin\" allowfullscreen data-no-lazy=\"1\" data-skipgform_ajax_framebjll=\"\"><\/iframe><\/div><\/figure><\/td>\n<\/tr>\n<\/tbody>\n<\/table>\n<p>ALGIS KASPARAVICIUS<\/p>\n<p>Email: algucis.k@gmail.com<\/p>\n<p>Born (June 9, 1975),<\/p>\n<p>resides and works in Lazdijai,<\/p>\n<p>Lithuania<\/p>\n<p>SOLO EXHIBITIONS<\/p>\n<p>2019&nbsp; &#8222;The Garden&#8220;, CSW.AS gallery, Suwa\u0142ki, Poland<\/p>\n<p>2015 &#8222;Distances and Destination&#8220;, Si:sid gallery, Klaip\u0117da, Lithuania<\/p>\n<p>2015 &#8222;Mozart&#8217;s Detective Thriller: The Real Requiem&#8220; instaliation,&nbsp; Church of St Catherine, Vilnius, Lithuania<\/p>\n<p>2015 &#8222;Ways Out&#8220; (Press), AV17 gallery, Vilnius, Lithuania<\/p>\n<p>2014 \u201eEx Oriente Lux\u201c, Antanas Moncys museum- gallery, Palanga, Lithuania<\/p>\n<p>2014 \u201eNight of Museums\u201c, sculpture installation, Benas Sarka performance, Antanas Moncys musem \u2013 gallery, Palanga, Lithuania<\/p>\n<p>2013 \u201eAfter myself\u201c, Sv.Jono street gallery, Vilnius, Lithuania<\/p>\n<p>2007 Hofer Podium Junge kunst Europas \u201eGefangenes Blau\u201c, Hof, Germany.<\/p>\n<p>&nbsp;<\/p>\n<p><strong>WORKS AT THE PUBLIC SPACES<\/strong><\/p>\n<p>2018 Sculpture \u201eCity keys\u201c Lazdijai, Lithuania&nbsp;<\/p>\n<p>2015 Instalation NIHIL NOVI, Kempinski Hotel Cathedral Square Vilnius<\/p>\n<p>2008&nbsp; \u201eGefangenes Blau\u201c Bad-Steben, Germany<\/p>\n<p>2002&nbsp; Performance VENI,VIDI, VICI Vilnius, Lithuania&nbsp;<\/p>\n<p><strong>SELECTED GROUP EXHIBITIONS<\/strong><\/p>\n<p>2018m. Installation &#8222;Distances and Destination&#8220; in the Imago Mundi exhibition ,,Join the Dots\/Unire le distanze\/Identity and Otherness,, Salone degli Incanti, Trieste, Italy.<\/p>\n<p>2018m. ,,Lithuania:Loving Art is Art,, Lithuanian artist collection in the Imago Mundi exhibition,,Join the Dots\/Unire le distanze, Salone degli Incanti, Trieste, Italy.<\/p>\n<p>2017m. International art project &nbsp;,,Pillars of&nbsp; Freedom,, Lithuania \/Europe,&nbsp;&nbsp;&nbsp;&nbsp;&nbsp;&nbsp; http:\/\/www.pillars-of-freedom.com<\/p>\n<p>2017m.&nbsp; Sculpture symposium &#8222;Teatr&#8220;, Suwalki, Poland<\/p>\n<p>2017m. Personal Structures\/Open Borders, exhibition in the context of the Venice Biennale, Palazzo Mora,Venice, Italy<\/p>\n<p>2017m. International art project&nbsp; \u201e10 x 12\u201c&nbsp; gallery \u201cMeno parkas\u201dKaunas, Lithuania\/ Italy<\/p>\n<p>\u201eImago Mundi\u201c (Lucian Benetton collection, Italy).<\/p>\n<p>2016m. Exhibition \u201e417 km\/art\u201c, AV17 gallery, Roki\u0161kis, Ignalina, Kupi\u0161kis, Lithuania<\/p>\n<p>2016m Palanga&#8217;s fairy-tale park, sculpture,, The wolf casts a teardrop,, Palanga, Lithuania<\/p>\n<p>2016m. Exhibition ,, Pigeons are a lot in Ukmerg\u0117,, Holy Trinity Church, Ukmerg\u0117, Lithuania<\/p>\n<p>2016m. Sculpture symposium ,, Pigeons are a lot in Ukmerg\u0117,, Ukmerg\u0117, Lithuania<\/p>\n<p>2016m. .&nbsp; ARTVILNIUS,16- international contenporary art fair, exhibition of sculptures and installations TAKAS, Vilnius, Lithuania<\/p>\n<p>2016m. Exhibition &#8220; Backstage &#8222;, AV17 gallery, Vilnius, Lithuania<\/p>\n<p>2015m. Exhibition \u201e7 objects\u201c, AV17 gallery, Visaginas, \u0160ven\u010dion\u0117liai, \u0160al\u010dininkai, Lithuania<\/p>\n<p>2015m.&nbsp; Sculpture symposium &#8222;Teatr&#8220;, Suwalki, Poland<\/p>\n<p>2015m. ,,Position,, art fair&nbsp; Berlin, Meno Nisa Gallery, Germany<\/p>\n<p>2014 &#8211; 2015 m. \u201eSculptors read Donelaitis\u201c, Parliament of Republic of Lithuania, Ministry of Foreign Affairs of the Republic of Lithuania<\/p>\n<p>2014 \u201eEx Oriene Lux\u201c, Antanas Moncys museum- gallery, Palanga, Lithuania<\/p>\n<p>2014 \u201eNight of Museums\u201c, sculpture installation, Benas Sarka performance, Antanas Moncys musem \u2013 gallery, Palanga, Lithuania<\/p>\n<p>2014 ARTVILNIUS\u201914&nbsp; international contenporary art fair, exhibition of sculptures and installations TAKAS, Vilnius, Lithuania<\/p>\n<p>2013 Exhibition of Antanas Moncys and lithuanian sculptors&nbsp; &#8222;New and tradition&#8220;, CONVERSATION and Benas Sarka performance,&nbsp; Silkeborg Art Centre, Silkeborg Denmark<\/p>\n<p>2013 ARTVILNIUS\u201913&nbsp; international contenporary art fair, exhibition of sculptures and installations TAKAS, Vilnius, Lithuania<\/p>\n<p>2013 Young artists of Lithuania \u201eSynchronization\u201c, Y gallery Minsk, Belarus<\/p>\n<p>2013 \u201eAfter myself\u201c, Sv.Jono street gallery, Vilnius, Lithuania<\/p>\n<p>2012\/13 International exhibition \u201eAngels\u201c,&nbsp; J.Monkute- Marks museum- gallery, Kedainai, Lithuania<\/p>\n<p>2012 The dedicated sculpture to Saulius Tomas Kodrotas at \u201eWriters street\u201c,&nbsp; Vilnius, Lithuania<\/p>\n<p>2012 The 5th Lithuanian Textile Art Biennial \u201eI Me Mine\u201c, J.Monkute- Marks museum- gallery, Kedainai, Lithuania<\/p>\n<p>2012&nbsp; ARTVILNIUS\u201912&nbsp; international contenporary art fair, exhibition of sculptures and installations TAKAS, Vilnius, Lithuania<\/p>\n<p>2012&nbsp; The 5th Lithuanian Textile Art Biennial \u201eI Me Mine\u201c, Arka gallery, Vilnius, Lithuania<\/p>\n<p>2012&nbsp; \u201eArt Takes Times Squer\u201c, New York, USA<\/p>\n<p>2012&nbsp; \u201eFlorence Design Week\u201c, Designdautore.com exposhow,- Florence, Italy<\/p>\n<p>2011\/12&nbsp; \u201e1 Gramme Gold\u201c, Meno Nisa Gallery, Vilnius, Lithuania<\/p>\n<p>2011 OSCE&#8217;18,&nbsp; \u201eGlobal- Local Lithuania\u201c&nbsp; LITEXPO, Vilnius, Lithuania<\/p>\n<p>2011 VIRUS&#8217;16, Contemporary Art Festival , Siauliai, Lithuania<\/p>\n<p>2011 Sculpture symposium HBH sculpture park, Zibininkai, Lithuania<\/p>\n<p>2011 International exhibition \u201eDroga do Milosza\u201c, Embassy of Republic of Lithuania, Warsaw, Poland<\/p>\n<p>2011 ARTVILNIUS&#8217;11&nbsp; international contenporary art fair, exhibition of sculptures and installations TAKAS, Vilnius, Lithuania<\/p>\n<p>2011 International Plein Air and Exhibition \u201eAz do Zrodel\u201c, Nowogrod, Lomza, Poland<\/p>\n<p>2009 \/10 International Plein Air and Exhibition \u201eCo Kochamy\u201c, Lomza, Bialystok, Ciechanonow, Poland<\/p>\n<p>2008 Sculpture simposium \u201eOak Alley\u201c Smalininkai, Lithuania&nbsp;<\/p>\n<p>2006 \u201eSpace, Plain, Body\u201c Contemporary Art Centre, Vilnius, Lithuania<\/p>\n<p>2006 \u201eEccentric Object\u201c&nbsp; Vartai Gallery, Vilnius, Lithuania<\/p>\n<p>2005 \u201eSlow Motion\u201c&nbsp; Klaipeda Art Exhibition Hall, Lithuania&nbsp;&nbsp;&nbsp;&nbsp;&nbsp;&nbsp;&nbsp;&nbsp;&nbsp;&nbsp;&nbsp;&nbsp;&nbsp;&nbsp;&nbsp;&nbsp;&nbsp;&nbsp;&nbsp;&nbsp;&nbsp;&nbsp;&nbsp;&nbsp;&nbsp;&nbsp;&nbsp;&nbsp;&nbsp;&nbsp;&nbsp;&nbsp;&nbsp;&nbsp;&nbsp;&nbsp;&nbsp;&nbsp;&nbsp;&nbsp;&nbsp;&nbsp;&nbsp;&nbsp;&nbsp;&nbsp;&nbsp;&nbsp;&nbsp;&nbsp;&nbsp;&nbsp;&nbsp;&nbsp;&nbsp;&nbsp;&nbsp;&nbsp;<\/p>\n<p>2004 Biennal of Textile Art \u201eSelf Comes First\u201c Arka Gallery, Vilnius, Lithuania&nbsp;&nbsp;&nbsp;&nbsp;&nbsp;&nbsp;&nbsp;&nbsp;&nbsp;&nbsp;&nbsp;&nbsp;&nbsp;&nbsp;&nbsp;&nbsp;&nbsp;&nbsp;&nbsp;&nbsp;&nbsp;&nbsp;&nbsp;&nbsp;&nbsp;&nbsp;&nbsp;&nbsp;&nbsp;&nbsp;&nbsp;&nbsp;&nbsp;&nbsp;&nbsp;&nbsp;&nbsp;&nbsp;&nbsp;&nbsp;&nbsp;&nbsp;&nbsp;&nbsp;&nbsp;&nbsp;&nbsp;&nbsp;&nbsp;&nbsp;&nbsp;&nbsp;&nbsp;&nbsp;&nbsp;&nbsp;&nbsp;&nbsp;&nbsp;&nbsp;&nbsp;&nbsp;&nbsp;&nbsp;&nbsp;&nbsp;&nbsp;&nbsp;&nbsp;&nbsp;&nbsp;&nbsp;&nbsp;&nbsp;<\/p>\n<p>2003 \u201eVeistoksia vareissa\u201c Finnish Academy of&nbsp; Fine Arts, Helsinki, Finland&nbsp;&nbsp;&nbsp;&nbsp;&nbsp;&nbsp;&nbsp;<\/p>\n<p>2003 \u201eDreams- Factory\u201c, Riga, Latvia<\/p>\n<p>2003 \u201eHere welcome\u201c, Contemporary Art Centre of Vilnius, Lithuania&nbsp;&nbsp;<\/p>\n<p><strong>GRANTS and AWARDS<\/strong><\/p>\n<p>2003 Vilnius Academy of Arts Award for the Best Work of the Year<\/p>\n<p>2012; 2015,2019 &nbsp;National grant for art and culture creators<\/p>\n<p>&nbsp;&nbsp;&nbsp;&nbsp;&nbsp;&nbsp;&nbsp;&nbsp;&nbsp;&nbsp;&nbsp;&nbsp;&nbsp;&nbsp;&nbsp;&nbsp;&nbsp;&nbsp;&nbsp;&nbsp;&nbsp;&nbsp;&nbsp;&nbsp;&nbsp;&nbsp;&nbsp;&nbsp;&nbsp;&nbsp;&nbsp;&nbsp;&nbsp;&nbsp;&nbsp;&nbsp;&nbsp;&nbsp;&nbsp;&nbsp;&nbsp;&nbsp;&nbsp;&nbsp;<\/p>\n<p><strong>EDUCATION<\/strong><\/p>\n<p>2005 MA Vilnius Academy of Arts, Lithuania<\/p>\n<p>2003 BA Sculpture, Vilnius Academy of Arts, Lithuania<\/p>\n<p>1996 Designing engineer, Kaunas Technology College, Lithuania<\/p>\n","protected":false},"excerpt":{"rendered":"<p>ALGIS KASPARAVICIUS Email: algucis.k@gmail.com Born (June 9, 1975), resides and works in Lazdijai, Lithuania SOLO EXHIBITIONS 2019&nbsp; &#8222;The Garden&#8220;, CSW.AS[&#8230;]<\/p>\n","protected":false},"author":2,"featured_media":0,"parent":0,"menu_order":0,"comment_status":"closed","ping_status":"closed","template":"","meta":{"ngg_post_thumbnail":0,"footnotes":""},"class_list":["post-1596","page","type-page","status-publish","hentry"],"yoast_head":"<!-- This site is optimized with the Yoast SEO plugin v27.4 - https:\/\/yoast.com\/product\/yoast-seo-wordpress\/ -->\n<title>ALGIS KASPARAVICIUS<\/title>\n<meta name=\"robots\" content=\"index, follow, max-snippet:-1, max-image-preview:large, max-video-preview:-1\" \/>\n<link rel=\"canonical\" href=\"https:\/\/www.art-moves-europe.eu\/de\/algis-kasparavicius\/\" \/>\n<meta property=\"og:locale\" content=\"de_DE\" \/>\n<meta property=\"og:locale:alternate\" content=\"en_US\" \/>\n<meta property=\"og:type\" content=\"article\" \/>\n<meta property=\"og:title\" content=\"ALGIS KASPARAVICIUS\" \/>\n<meta property=\"og:description\" content=\"ALGIS KASPARAVICIUS Email: algucis.k@gmail.com Born (June 9, 1975), resides and works in Lazdijai, Lithuania SOLO EXHIBITIONS 2019&nbsp; &#8222;The Garden&#8220;, CSW.AS[...]\" \/>\n<meta property=\"og:url\" content=\"https:\/\/www.art-moves-europe.eu\/de\/algis-kasparavicius\/\" \/>\n<meta property=\"og:site_name\" content=\"ART MOVES EUROPE e.V.\" \/>\n<meta property=\"article:modified_time\" content=\"2021-01-24T19:08:12+00:00\" \/>\n<meta property=\"og:image\" content=\"https:\/\/www.art-moves-europe.eu\/wp-content\/uploads\/2020\/02\/Algis-1.jpg\" \/>\n<meta name=\"twitter:card\" content=\"summary_large_image\" \/>\n<meta name=\"twitter:label1\" content=\"Gesch\u00e4tzte Lesezeit\" \/>\n\t<meta name=\"twitter:data1\" content=\"4\u00a0Minuten\" \/>\n<script type=\"application\/ld+json\" class=\"yoast-schema-graph\">{\"@context\":\"https:\\\/\\\/schema.org\",\"@graph\":[{\"@type\":\"WebPage\",\"@id\":\"https:\\\/\\\/www.art-moves-europe.eu\\\/algis-kasparavicius\\\/\",\"url\":\"https:\\\/\\\/www.art-moves-europe.eu\\\/algis-kasparavicius\\\/\",\"name\":\"ALGIS KASPARAVICIUS\",\"isPartOf\":{\"@id\":\"https:\\\/\\\/www.art-moves-europe.eu\\\/#website\"},\"primaryImageOfPage\":{\"@id\":\"https:\\\/\\\/www.art-moves-europe.eu\\\/algis-kasparavicius\\\/#primaryimage\"},\"image\":{\"@id\":\"https:\\\/\\\/www.art-moves-europe.eu\\\/algis-kasparavicius\\\/#primaryimage\"},\"thumbnailUrl\":\"https:\\\/\\\/www.art-moves-europe.eu\\\/wp-content\\\/uploads\\\/2020\\\/02\\\/Algis-1.jpg\",\"datePublished\":\"2020-02-16T17:52:49+00:00\",\"dateModified\":\"2021-01-24T19:08:12+00:00\",\"breadcrumb\":{\"@id\":\"https:\\\/\\\/www.art-moves-europe.eu\\\/algis-kasparavicius\\\/#breadcrumb\"},\"inLanguage\":\"de-DE\",\"potentialAction\":[{\"@type\":\"ReadAction\",\"target\":[\"https:\\\/\\\/www.art-moves-europe.eu\\\/algis-kasparavicius\\\/\"]}]},{\"@type\":\"ImageObject\",\"inLanguage\":\"de-DE\",\"@id\":\"https:\\\/\\\/www.art-moves-europe.eu\\\/algis-kasparavicius\\\/#primaryimage\",\"url\":\"https:\\\/\\\/www.art-moves-europe.eu\\\/wp-content\\\/uploads\\\/2020\\\/02\\\/Algis-1.jpg\",\"contentUrl\":\"https:\\\/\\\/www.art-moves-europe.eu\\\/wp-content\\\/uploads\\\/2020\\\/02\\\/Algis-1.jpg\"},{\"@type\":\"BreadcrumbList\",\"@id\":\"https:\\\/\\\/www.art-moves-europe.eu\\\/algis-kasparavicius\\\/#breadcrumb\",\"itemListElement\":[{\"@type\":\"ListItem\",\"position\":1,\"name\":\"Startseite\",\"item\":\"https:\\\/\\\/www.art-moves-europe.eu\\\/\"},{\"@type\":\"ListItem\",\"position\":2,\"name\":\"ALGIS KASPARAVICIUS\"}]},{\"@type\":\"WebSite\",\"@id\":\"https:\\\/\\\/www.art-moves-europe.eu\\\/#website\",\"url\":\"https:\\\/\\\/www.art-moves-europe.eu\\\/\",\"name\":\"ART MOVES EUROPE e.V.\",\"description\":\"\",\"potentialAction\":[{\"@type\":\"SearchAction\",\"target\":{\"@type\":\"EntryPoint\",\"urlTemplate\":\"https:\\\/\\\/www.art-moves-europe.eu\\\/?s={search_term_string}\"},\"query-input\":{\"@type\":\"PropertyValueSpecification\",\"valueRequired\":true,\"valueName\":\"search_term_string\"}}],\"inLanguage\":\"de-DE\"}]}<\/script>\n<!-- \/ Yoast SEO plugin. -->","yoast_head_json":{"title":"ALGIS KASPARAVICIUS","robots":{"index":"index","follow":"follow","max-snippet":"max-snippet:-1","max-image-preview":"max-image-preview:large","max-video-preview":"max-video-preview:-1"},"canonical":"https:\/\/www.art-moves-europe.eu\/de\/algis-kasparavicius\/","og_locale":"de_DE","og_type":"article","og_title":"[:en]ALGIS KASPARAVICIUS[:de]ALGIS KASPARAVICIUS[:] - ART MOVES EUROPE e.V.","og_description":"ALGIS KASPARAVICIUS Email: algucis.k@gmail.com Born (June 9, 1975), resides and works in Lazdijai, Lithuania SOLO EXHIBITIONS 2019&nbsp; &#8222;The Garden&#8220;, CSW.AS[...]","og_url":"https:\/\/www.art-moves-europe.eu\/de\/algis-kasparavicius\/","og_site_name":"ART MOVES EUROPE e.V.","article_modified_time":"2021-01-24T19:08:12+00:00","og_image":[{"url":"https:\/\/www.art-moves-europe.eu\/wp-content\/uploads\/2020\/02\/Algis-1.jpg","type":"","width":"","height":""}],"twitter_card":"summary_large_image","twitter_misc":{"Gesch\u00e4tzte Lesezeit":"4\u00a0Minuten"},"schema":{"@context":"https:\/\/schema.org","@graph":[{"@type":"WebPage","@id":"https:\/\/www.art-moves-europe.eu\/algis-kasparavicius\/","url":"https:\/\/www.art-moves-europe.eu\/algis-kasparavicius\/","name":"ALGIS KASPARAVICIUS","isPartOf":{"@id":"https:\/\/www.art-moves-europe.eu\/#website"},"primaryImageOfPage":{"@id":"https:\/\/www.art-moves-europe.eu\/algis-kasparavicius\/#primaryimage"},"image":{"@id":"https:\/\/www.art-moves-europe.eu\/algis-kasparavicius\/#primaryimage"},"thumbnailUrl":"https:\/\/www.art-moves-europe.eu\/wp-content\/uploads\/2020\/02\/Algis-1.jpg","datePublished":"2020-02-16T17:52:49+00:00","dateModified":"2021-01-24T19:08:12+00:00","breadcrumb":{"@id":"https:\/\/www.art-moves-europe.eu\/algis-kasparavicius\/#breadcrumb"},"inLanguage":"de-DE","potentialAction":[{"@type":"ReadAction","target":["https:\/\/www.art-moves-europe.eu\/algis-kasparavicius\/"]}]},{"@type":"ImageObject","inLanguage":"de-DE","@id":"https:\/\/www.art-moves-europe.eu\/algis-kasparavicius\/#primaryimage","url":"https:\/\/www.art-moves-europe.eu\/wp-content\/uploads\/2020\/02\/Algis-1.jpg","contentUrl":"https:\/\/www.art-moves-europe.eu\/wp-content\/uploads\/2020\/02\/Algis-1.jpg"},{"@type":"BreadcrumbList","@id":"https:\/\/www.art-moves-europe.eu\/algis-kasparavicius\/#breadcrumb","itemListElement":[{"@type":"ListItem","position":1,"name":"Startseite","item":"https:\/\/www.art-moves-europe.eu\/"},{"@type":"ListItem","position":2,"name":"ALGIS KASPARAVICIUS"}]},{"@type":"WebSite","@id":"https:\/\/www.art-moves-europe.eu\/#website","url":"https:\/\/www.art-moves-europe.eu\/","name":"ART MOVES EUROPE e.V.","description":"","potentialAction":[{"@type":"SearchAction","target":{"@type":"EntryPoint","urlTemplate":"https:\/\/www.art-moves-europe.eu\/?s={search_term_string}"},"query-input":{"@type":"PropertyValueSpecification","valueRequired":true,"valueName":"search_term_string"}}],"inLanguage":"de-DE"}]}},"_links":{"self":[{"href":"https:\/\/www.art-moves-europe.eu\/de\/wp-json\/wp\/v2\/pages\/1596","targetHints":{"allow":["GET"]}}],"collection":[{"href":"https:\/\/www.art-moves-europe.eu\/de\/wp-json\/wp\/v2\/pages"}],"about":[{"href":"https:\/\/www.art-moves-europe.eu\/de\/wp-json\/wp\/v2\/types\/page"}],"author":[{"embeddable":true,"href":"https:\/\/www.art-moves-europe.eu\/de\/wp-json\/wp\/v2\/users\/2"}],"replies":[{"embeddable":true,"href":"https:\/\/www.art-moves-europe.eu\/de\/wp-json\/wp\/v2\/comments?post=1596"}],"version-history":[{"count":8,"href":"https:\/\/www.art-moves-europe.eu\/de\/wp-json\/wp\/v2\/pages\/1596\/revisions"}],"predecessor-version":[{"id":2306,"href":"https:\/\/www.art-moves-europe.eu\/de\/wp-json\/wp\/v2\/pages\/1596\/revisions\/2306"}],"wp:attachment":[{"href":"https:\/\/www.art-moves-europe.eu\/de\/wp-json\/wp\/v2\/media?parent=1596"}],"curies":[{"name":"wp","href":"https:\/\/api.w.org\/{rel}","templated":true}]}}