{"id":1617,"date":"2020-02-21T20:14:26","date_gmt":"2020-02-21T19:14:26","guid":{"rendered":"https:\/\/www.art-moves-europe.eu\/de\/?page_id=1617"},"modified":"2020-10-22T18:34:26","modified_gmt":"2020-10-22T16:34:26","slug":"soeren-ernst","status":"publish","type":"page","link":"https:\/\/www.art-moves-europe.eu\/de\/soeren-ernst\/","title":{"rendered":"S\u00f6ren Ernst"},"content":{"rendered":"<table style=\"border-collapse: collapse; width: 100%;\">\n<tbody>\n<tr>\n<td style=\"width: 50%;\"><img loading=\"lazy\" decoding=\"async\" class=\"alignnone size-full wp-image-1618\" src=\"https:\/\/www.art-moves-europe.eu\/wp-content\/uploads\/2020\/02\/Soeren-2.jpg\" alt=\"\" width=\"496\" height=\"425\"><\/td>\n<td style=\"width: 50%;\">&nbsp;<\/td>\n<\/tr>\n<tr>\n<td style=\"width: 50%;\" colspan=\"2\">S\u00d6REN ERNST, VITA&nbsp;&nbsp;&nbsp;<\/p>\n<p>Born in Hamburg, Germany in 1967. After an&nbsp;<br \/>\ninitial&nbsp;apprenticeship&nbsp;as&nbsp;stonemason&nbsp;he&nbsp;soon&nbsp;<br \/>\ndiscovered&nbsp;his&nbsp;passion&nbsp;for&nbsp;sculpture&nbsp;and&nbsp;served&nbsp;a&nbsp;<br \/>\ntwo&nbsp;year&nbsp;period&nbsp;near&nbsp;Kiel&nbsp;in&nbsp;the&nbsp;studio&nbsp;of&nbsp;sculptor,&nbsp;<br \/>\nJ\u00f6rg&nbsp;Plickat.&nbsp;There&nbsp;he&nbsp;became&nbsp;acquainted&nbsp;with&nbsp;<br \/>\nother&nbsp;materials&nbsp;like&nbsp;wood,&nbsp;clay,&nbsp;plaster&nbsp;and&nbsp;metal,&nbsp;<br \/>\nwhile&nbsp;stone&nbsp;remained&nbsp;his&nbsp;preferred&nbsp;choice.&nbsp;<\/p>\n<p>A&nbsp;two&nbsp;year&nbsp;stay&nbsp;in&nbsp;Scotland&nbsp;saw&nbsp;first&nbsp;exhibitions&nbsp;<br \/>\nand&nbsp;the&nbsp;development&nbsp;of&nbsp;his&nbsp;own&nbsp;creative&nbsp;style&nbsp;<br \/>\nwhich&nbsp;was&nbsp;inspired&nbsp;by&nbsp;the&nbsp;archaic,&nbsp;pre-celtic&nbsp;and&nbsp;<br \/>\nother&nbsp;monolithic&nbsp;styles&nbsp;and&nbsp;cultures.&nbsp;<\/p>\n<p>With his move to Portugal in 1990 he discovered&nbsp;<br \/>\nthe&nbsp;lighter&nbsp;side&nbsp;of&nbsp;his&nbsp;craft&nbsp;with&nbsp;the&nbsp;easy&nbsp;<br \/>\navailability&nbsp;of&nbsp;limestone&nbsp;and&nbsp;marble.&nbsp;That&nbsp;made&nbsp;it&nbsp;<br \/>\npossible&nbsp;to&nbsp;work&nbsp;more&nbsp;delicately&nbsp;and&nbsp;&nbsp;added&nbsp;color&nbsp;<br \/>\nto&nbsp;the&nbsp;stone.&nbsp;<\/p>\n<p>The&nbsp;culmination&nbsp;of&nbsp;this&nbsp;development&nbsp;so&nbsp;far,&nbsp;is&nbsp;the&nbsp;<br \/>\njoint&nbsp;application&nbsp;of&nbsp;traditional&nbsp;stone&nbsp;craft&nbsp;with&nbsp;a&nbsp;<br \/>\nblend&nbsp;of&nbsp;tile&nbsp;work&nbsp;and&nbsp;mosaic,&nbsp;enhancing&nbsp;and&nbsp;<\/p>\n<p>embellishing&nbsp;the&nbsp;innate&nbsp;quality&nbsp;of&nbsp;one&nbsp;another.&nbsp;<br \/>\nFrom&nbsp;2004&nbsp;living&nbsp;and&nbsp;working&nbsp;together&nbsp;with&nbsp;<br \/>\nsculptress&nbsp;Steff&nbsp;Bauer&nbsp;until&nbsp;2015,&nbsp;in&nbsp;which&nbsp;period&nbsp;<br \/>\nthe&nbsp;Algarve&nbsp;served&nbsp;as&nbsp;a&nbsp;winter&nbsp;domicile&nbsp;and&nbsp;<br \/>\nGermany&nbsp;as&nbsp;the&nbsp;main&nbsp;tributary&nbsp;to&nbsp;the&nbsp;couples&nbsp;joint&nbsp;<\/p>\n<p>ventures and individual work.&nbsp;<\/p>\n<p>2016 S\u00f8ren moved to his former hometown Kiel by&nbsp;<br \/>\nthe&nbsp;Baltic,&nbsp;where&nbsp;has&nbsp;a&nbsp;studio&nbsp;and&nbsp;outside&nbsp;work&nbsp;<br \/>\nspace.&nbsp;<\/p>\n<p>Works include:&nbsp;<\/p>\n<p>&#8211; Felix Mendelssohn-Bartholdy public monument&nbsp;<br \/>\nand&nbsp;his&nbsp;sister&nbsp;Fanny&nbsp;Hensel,&nbsp;in&nbsp;Hamburg,&nbsp;Germany&nbsp;<\/p>\n<p>&#8211; Rotunda\/Roundabout \u201cRosa dos Ventos\u201d in&nbsp;<br \/>\nLagos,&nbsp;near&nbsp;the&nbsp;Marina,&nbsp;together&nbsp;with&nbsp;the&nbsp;<br \/>\nPortuguese&nbsp;architect&nbsp;Antonio&nbsp;J.B.&nbsp;Fernandes&nbsp;<\/p>\n<p>&#8211; \u201cWishing Gate\u201d at Wildpark, Schweinfurt,&nbsp;<br \/>\nGermany&nbsp;<\/p>\n<p>&#8211; American Veterans Monument, Alter Friedhof in&nbsp;<br \/>\nSchweinfurt,&nbsp;Germany&nbsp;together&nbsp;with&nbsp;Steff&nbsp;Bauer&nbsp;<\/p>\n<p>&#8211; Giant head of&nbsp;&nbsp;Donald Sutherland, alias &#8218;President&nbsp;<br \/>\nSnow&#8216;&nbsp;for&nbsp;the&nbsp;&#8218;Hungergames,&nbsp;Mockingjay#2,&nbsp;<br \/>\ntogether&nbsp;with&nbsp;Steff&nbsp;Bauer&nbsp;<\/p>\n<p>S\u00f8ren is founding member of EVA, an Association&nbsp;<br \/>\nto&nbsp;further&nbsp;and&nbsp;create&nbsp;creative&nbsp;spaces&nbsp;in&nbsp;the&nbsp;Algarve.&nbsp;<\/p>\n<p><a href=\"mailto:rosenstern@gmx.de\">E-mail:&nbsp;&nbsp;rosenstern@gmx.de<\/a>&nbsp;<br \/>\n<a href=\"mailto:rosenstern@gmx.de\">Website:&nbsp;www.soeren-ernst.com<\/a><\/td>\n<\/tr>\n<\/tbody>\n<\/table>\n","protected":false},"excerpt":{"rendered":"<p>&nbsp; S\u00d6REN ERNST, VITA&nbsp;&nbsp;&nbsp; Born in Hamburg, Germany in 1967. After an&nbsp; initial&nbsp;apprenticeship&nbsp;as&nbsp;stonemason&nbsp;he&nbsp;soon&nbsp; discovered&nbsp;his&nbsp;passion&nbsp;for&nbsp;sculpture&nbsp;and&nbsp;served&nbsp;a&nbsp; two&nbsp;year&nbsp;period&nbsp;near&nbsp;Kiel&nbsp;in&nbsp;the&nbsp;studio&nbsp;of&nbsp;sculptor,&nbsp; J\u00f6rg&nbsp;Plickat.&nbsp;There&nbsp;he&nbsp;became&nbsp;acquainted&nbsp;with&nbsp; other&nbsp;materials&nbsp;like&nbsp;wood,&nbsp;clay,&nbsp;plaster&nbsp;and&nbsp;metal,&nbsp; while&nbsp;stone&nbsp;remained&nbsp;his&nbsp;preferred&nbsp;choice.&nbsp; A&nbsp;two&nbsp;year&nbsp;stay&nbsp;in&nbsp;Scotland&nbsp;saw&nbsp;first&nbsp;exhibitions&nbsp; and&nbsp;the&nbsp;development&nbsp;of&nbsp;his&nbsp;own&nbsp;creative&nbsp;style&nbsp;[&#8230;]<\/p>\n","protected":false},"author":2,"featured_media":0,"parent":0,"menu_order":0,"comment_status":"closed","ping_status":"closed","template":"","meta":{"ngg_post_thumbnail":0,"footnotes":""},"class_list":["post-1617","page","type-page","status-publish","hentry"],"yoast_head":"<!-- This site is optimized with the Yoast SEO plugin v27.6 - https:\/\/yoast.com\/product\/yoast-seo-wordpress\/ -->\n<title>S\u00f6ren Ernst<\/title>\n<meta name=\"robots\" content=\"index, follow, max-snippet:-1, max-image-preview:large, max-video-preview:-1\" \/>\n<link rel=\"canonical\" href=\"https:\/\/www.art-moves-europe.eu\/de\/soeren-ernst\/\" \/>\n<meta property=\"og:locale\" content=\"de_DE\" \/>\n<meta property=\"og:locale:alternate\" content=\"en_US\" \/>\n<meta property=\"og:type\" content=\"article\" \/>\n<meta property=\"og:title\" content=\"S\u00f6ren Ernst\" \/>\n<meta property=\"og:description\" content=\"&nbsp; S\u00d6REN ERNST, VITA&nbsp;&nbsp;&nbsp; Born in Hamburg, Germany in 1967. After an&nbsp; initial&nbsp;apprenticeship&nbsp;as&nbsp;stonemason&nbsp;he&nbsp;soon&nbsp; discovered&nbsp;his&nbsp;passion&nbsp;for&nbsp;sculpture&nbsp;and&nbsp;served&nbsp;a&nbsp; two&nbsp;year&nbsp;period&nbsp;near&nbsp;Kiel&nbsp;in&nbsp;the&nbsp;studio&nbsp;of&nbsp;sculptor,&nbsp; J\u00f6rg&nbsp;Plickat.&nbsp;There&nbsp;he&nbsp;became&nbsp;acquainted&nbsp;with&nbsp; other&nbsp;materials&nbsp;like&nbsp;wood,&nbsp;clay,&nbsp;plaster&nbsp;and&nbsp;metal,&nbsp; while&nbsp;stone&nbsp;remained&nbsp;his&nbsp;preferred&nbsp;choice.&nbsp; A&nbsp;two&nbsp;year&nbsp;stay&nbsp;in&nbsp;Scotland&nbsp;saw&nbsp;first&nbsp;exhibitions&nbsp; and&nbsp;the&nbsp;development&nbsp;of&nbsp;his&nbsp;own&nbsp;creative&nbsp;style&nbsp;[...]\" \/>\n<meta property=\"og:url\" content=\"https:\/\/www.art-moves-europe.eu\/de\/soeren-ernst\/\" \/>\n<meta property=\"og:site_name\" content=\"ART MOVES EUROPE e.V.\" \/>\n<meta property=\"article:modified_time\" content=\"2020-10-22T16:34:26+00:00\" \/>\n<meta property=\"og:image\" content=\"https:\/\/www.art-moves-europe.eu\/wp-content\/uploads\/2020\/02\/Soeren-2.jpg\" \/>\n<meta name=\"twitter:card\" content=\"summary_large_image\" \/>\n<meta name=\"twitter:label1\" content=\"Gesch\u00e4tzte Lesezeit\" \/>\n\t<meta name=\"twitter:data1\" content=\"6\u00a0Minuten\" \/>\n<script type=\"application\/ld+json\" class=\"yoast-schema-graph\">{\"@context\":\"https:\\\/\\\/schema.org\",\"@graph\":[{\"@type\":\"WebPage\",\"@id\":\"https:\\\/\\\/www.art-moves-europe.eu\\\/de\\\/soeren-ernst\\\/\",\"url\":\"https:\\\/\\\/www.art-moves-europe.eu\\\/de\\\/soeren-ernst\\\/\",\"name\":\"S\u00f6ren Ernst\",\"isPartOf\":{\"@id\":\"https:\\\/\\\/www.art-moves-europe.eu\\\/#website\"},\"primaryImageOfPage\":{\"@id\":\"https:\\\/\\\/www.art-moves-europe.eu\\\/de\\\/soeren-ernst\\\/#primaryimage\"},\"image\":{\"@id\":\"https:\\\/\\\/www.art-moves-europe.eu\\\/de\\\/soeren-ernst\\\/#primaryimage\"},\"thumbnailUrl\":\"https:\\\/\\\/www.art-moves-europe.eu\\\/wp-content\\\/uploads\\\/2020\\\/02\\\/Soeren-2.jpg\",\"datePublished\":\"2020-02-21T19:14:26+00:00\",\"dateModified\":\"2020-10-22T16:34:26+00:00\",\"breadcrumb\":{\"@id\":\"https:\\\/\\\/www.art-moves-europe.eu\\\/de\\\/soeren-ernst\\\/#breadcrumb\"},\"inLanguage\":\"de-DE\",\"potentialAction\":[{\"@type\":\"ReadAction\",\"target\":[\"https:\\\/\\\/www.art-moves-europe.eu\\\/de\\\/soeren-ernst\\\/\"]}]},{\"@type\":\"ImageObject\",\"inLanguage\":\"de-DE\",\"@id\":\"https:\\\/\\\/www.art-moves-europe.eu\\\/de\\\/soeren-ernst\\\/#primaryimage\",\"url\":\"https:\\\/\\\/www.art-moves-europe.eu\\\/wp-content\\\/uploads\\\/2020\\\/02\\\/Soeren-2.jpg\",\"contentUrl\":\"https:\\\/\\\/www.art-moves-europe.eu\\\/wp-content\\\/uploads\\\/2020\\\/02\\\/Soeren-2.jpg\"},{\"@type\":\"BreadcrumbList\",\"@id\":\"https:\\\/\\\/www.art-moves-europe.eu\\\/de\\\/soeren-ernst\\\/#breadcrumb\",\"itemListElement\":[{\"@type\":\"ListItem\",\"position\":1,\"name\":\"Startseite\",\"item\":\"https:\\\/\\\/www.art-moves-europe.eu\\\/\"},{\"@type\":\"ListItem\",\"position\":2,\"name\":\"S\u00f6ren Ernst\"}]},{\"@type\":\"WebSite\",\"@id\":\"https:\\\/\\\/www.art-moves-europe.eu\\\/#website\",\"url\":\"https:\\\/\\\/www.art-moves-europe.eu\\\/\",\"name\":\"ART MOVES EUROPE e.V.\",\"description\":\"\",\"potentialAction\":[{\"@type\":\"SearchAction\",\"target\":{\"@type\":\"EntryPoint\",\"urlTemplate\":\"https:\\\/\\\/www.art-moves-europe.eu\\\/?s={search_term_string}\"},\"query-input\":{\"@type\":\"PropertyValueSpecification\",\"valueRequired\":true,\"valueName\":\"search_term_string\"}}],\"inLanguage\":\"de-DE\"}]}<\/script>\n<!-- \/ Yoast SEO plugin. -->","yoast_head_json":{"title":"S\u00f6ren Ernst","robots":{"index":"index","follow":"follow","max-snippet":"max-snippet:-1","max-image-preview":"max-image-preview:large","max-video-preview":"max-video-preview:-1"},"canonical":"https:\/\/www.art-moves-europe.eu\/de\/soeren-ernst\/","og_locale":"de_DE","og_type":"article","og_title":"[:en]S\u00f6ren Ernst[:de]S\u00f6ren Ernst[:] - ART MOVES EUROPE e.V.","og_description":"&nbsp; S\u00d6REN ERNST, VITA&nbsp;&nbsp;&nbsp; Born in Hamburg, Germany in 1967. After an&nbsp; initial&nbsp;apprenticeship&nbsp;as&nbsp;stonemason&nbsp;he&nbsp;soon&nbsp; discovered&nbsp;his&nbsp;passion&nbsp;for&nbsp;sculpture&nbsp;and&nbsp;served&nbsp;a&nbsp; two&nbsp;year&nbsp;period&nbsp;near&nbsp;Kiel&nbsp;in&nbsp;the&nbsp;studio&nbsp;of&nbsp;sculptor,&nbsp; J\u00f6rg&nbsp;Plickat.&nbsp;There&nbsp;he&nbsp;became&nbsp;acquainted&nbsp;with&nbsp; other&nbsp;materials&nbsp;like&nbsp;wood,&nbsp;clay,&nbsp;plaster&nbsp;and&nbsp;metal,&nbsp; while&nbsp;stone&nbsp;remained&nbsp;his&nbsp;preferred&nbsp;choice.&nbsp; A&nbsp;two&nbsp;year&nbsp;stay&nbsp;in&nbsp;Scotland&nbsp;saw&nbsp;first&nbsp;exhibitions&nbsp; and&nbsp;the&nbsp;development&nbsp;of&nbsp;his&nbsp;own&nbsp;creative&nbsp;style&nbsp;[...]","og_url":"https:\/\/www.art-moves-europe.eu\/de\/soeren-ernst\/","og_site_name":"ART MOVES EUROPE e.V.","article_modified_time":"2020-10-22T16:34:26+00:00","og_image":[{"url":"https:\/\/www.art-moves-europe.eu\/wp-content\/uploads\/2020\/02\/Soeren-2.jpg","type":"","width":"","height":""}],"twitter_card":"summary_large_image","twitter_misc":{"Gesch\u00e4tzte Lesezeit":"6\u00a0Minuten"},"schema":{"@context":"https:\/\/schema.org","@graph":[{"@type":"WebPage","@id":"https:\/\/www.art-moves-europe.eu\/de\/soeren-ernst\/","url":"https:\/\/www.art-moves-europe.eu\/de\/soeren-ernst\/","name":"S\u00f6ren Ernst","isPartOf":{"@id":"https:\/\/www.art-moves-europe.eu\/#website"},"primaryImageOfPage":{"@id":"https:\/\/www.art-moves-europe.eu\/de\/soeren-ernst\/#primaryimage"},"image":{"@id":"https:\/\/www.art-moves-europe.eu\/de\/soeren-ernst\/#primaryimage"},"thumbnailUrl":"https:\/\/www.art-moves-europe.eu\/wp-content\/uploads\/2020\/02\/Soeren-2.jpg","datePublished":"2020-02-21T19:14:26+00:00","dateModified":"2020-10-22T16:34:26+00:00","breadcrumb":{"@id":"https:\/\/www.art-moves-europe.eu\/de\/soeren-ernst\/#breadcrumb"},"inLanguage":"de-DE","potentialAction":[{"@type":"ReadAction","target":["https:\/\/www.art-moves-europe.eu\/de\/soeren-ernst\/"]}]},{"@type":"ImageObject","inLanguage":"de-DE","@id":"https:\/\/www.art-moves-europe.eu\/de\/soeren-ernst\/#primaryimage","url":"https:\/\/www.art-moves-europe.eu\/wp-content\/uploads\/2020\/02\/Soeren-2.jpg","contentUrl":"https:\/\/www.art-moves-europe.eu\/wp-content\/uploads\/2020\/02\/Soeren-2.jpg"},{"@type":"BreadcrumbList","@id":"https:\/\/www.art-moves-europe.eu\/de\/soeren-ernst\/#breadcrumb","itemListElement":[{"@type":"ListItem","position":1,"name":"Startseite","item":"https:\/\/www.art-moves-europe.eu\/"},{"@type":"ListItem","position":2,"name":"S\u00f6ren Ernst"}]},{"@type":"WebSite","@id":"https:\/\/www.art-moves-europe.eu\/#website","url":"https:\/\/www.art-moves-europe.eu\/","name":"ART MOVES EUROPE e.V.","description":"","potentialAction":[{"@type":"SearchAction","target":{"@type":"EntryPoint","urlTemplate":"https:\/\/www.art-moves-europe.eu\/?s={search_term_string}"},"query-input":{"@type":"PropertyValueSpecification","valueRequired":true,"valueName":"search_term_string"}}],"inLanguage":"de-DE"}]}},"_links":{"self":[{"href":"https:\/\/www.art-moves-europe.eu\/de\/wp-json\/wp\/v2\/pages\/1617","targetHints":{"allow":["GET"]}}],"collection":[{"href":"https:\/\/www.art-moves-europe.eu\/de\/wp-json\/wp\/v2\/pages"}],"about":[{"href":"https:\/\/www.art-moves-europe.eu\/de\/wp-json\/wp\/v2\/types\/page"}],"author":[{"embeddable":true,"href":"https:\/\/www.art-moves-europe.eu\/de\/wp-json\/wp\/v2\/users\/2"}],"replies":[{"embeddable":true,"href":"https:\/\/www.art-moves-europe.eu\/de\/wp-json\/wp\/v2\/comments?post=1617"}],"version-history":[{"count":5,"href":"https:\/\/www.art-moves-europe.eu\/de\/wp-json\/wp\/v2\/pages\/1617\/revisions"}],"predecessor-version":[{"id":1960,"href":"https:\/\/www.art-moves-europe.eu\/de\/wp-json\/wp\/v2\/pages\/1617\/revisions\/1960"}],"wp:attachment":[{"href":"https:\/\/www.art-moves-europe.eu\/de\/wp-json\/wp\/v2\/media?parent=1617"}],"curies":[{"name":"wp","href":"https:\/\/api.w.org\/{rel}","templated":true}]}}