{"id":1897,"date":"2020-10-05T19:01:02","date_gmt":"2020-10-05T17:01:02","guid":{"rendered":"https:\/\/www.art-moves-europe.eu\/de\/?page_id=1897"},"modified":"2020-12-16T08:38:45","modified_gmt":"2020-12-16T07:38:45","slug":"kaiser-karl-im-karlsgarten-aachen","status":"publish","type":"page","link":"https:\/\/www.art-moves-europe.eu\/de\/kaiser-karl-im-karlsgarten-aachen\/","title":{"rendered":"Kaiser Karl im Karlsgarten Aachen"},"content":{"rendered":"<div>ngg_shortcode_0_placeholder<\/div>\n<div>&nbsp;<\/div>\n<p>Titel der Skulptur: Visionen f\u00fcr Europa<\/p>\n<p>K\u00fcnstler: Alfred Mevissen<\/p>\n<p>Standort: Karlsgarten, Gut Melaten, 52047 Aachen<\/p>\n<p>Marterial: T\u00fcrkischer Basalt, 240 cm<\/p>\n<p>Kaiser Karl gilt bis heute als der erste gro\u00dfe Europ\u00e4er. Er hatte Visionen f\u00fcr Europa zu einem einheitlichen Bildungs- und Sozialwesen und einer gemeinsamen W\u00e4hrung.<\/p>\n<p>Wir brauchen gerade in diesen Zeiten der Europam\u00fcdigkeit wieder Visionen f\u00fcr die Zukunft Europas, die \u00fcber den wirtschaftlichen Erfolg hinausgehen. Dazu kann und sollte der kulturelle Bereich einen wesentlichen Beitrag leisten. Viele Ans\u00e4tze zum interkulturellen Austausch wie z.B. die St\u00e4dtepartnerschaften haben nicht mehr die Anziehungskraft, wie noch vor 30 Jahren. Ganz im Gegenteil gewinnen nationalistische Str\u00f6mungen an Attraktivit\u00e4t.<\/p>\n<p>Der Europ\u00e4ische Skulpturenweg m\u00f6chte durch die dreidimensionale Kunst verdeutlichen, wieviel verbindendes es f\u00fcr alle Menschen in Europa, unabh\u00e4ngig von Herkunft und Hautfarbe gibt. Durch unsere Tour durch Europa m\u00f6chten wir diese Verbindungen reaktivieren. Mit der Gestaltung des virtuellen Skulpturenweges m\u00f6chten wir m\u00f6glichst vielen Menschen einen Einblick in die Faszination der kulturellen und regionalen Besonderheiten geben und gleichzeitig dazu beitragen das Motto der EU \u201eIn Vielfalt vereint\u201c durch unsere Skulpturen greifbar zu machen.<\/p>\n<p>Kaiser Karl als Symbolfigur ist der Ausgangs- und Endpunkt des Europ\u00e4ischen Skulpturenweges. Im Karlsgarten hier in Aachen hat er einen besonders sch\u00f6nen und symboltr\u00e4chtigen Platz gefunden. Dar\u00fcber hinaus ist diese Kooperation ein Beispiel daf\u00fcr, dass wir bei der Verwirklichung des Europ\u00e4ischen Skulpturenweges die Kooperation mit den unterschiedlichsten Kulturrichtungen suchen. Wir versuchen in allen Stationen des Europ\u00e4ischen Skulpturenweges solche Kooperationen in vielf\u00e4ltiger Weise zu verwirklichen.<\/p>\n<p>&nbsp;<\/p>\n<p><strong>Der Karlsgarten in Aachen<\/strong><\/p>\n<p>Der Karlsgarten nach dem Capitulare de villis Karls des Gro\u00dfen liegt im Westen von Aachen im Gel\u00e4nde bei Gut Melaten, das dem Freundeskreis Botanischer Garten Aachen mit Zustimmung des Landes NRW und der RWTH in langfristiger Pacht \u00fcbertragen wurde. Er ist kein historischer Garten da es keine \u00dcberlieferung gibt, dass ein Garten im Mittelalter tats\u00e4chlich in dieser oder einer \u00e4hnlichen Ausf\u00fchrung existiert hat. Er erinnert an Karl den Gro\u00dfen, der durch Reformen und Gesetzestexte (Capitularien) sein Reich von Grund auf erneuerte.<br \/>\n&nbsp;<\/p>\n<table width=\"100%\" cellspacing=\"0\" cellpadding=\"0\" border=\"0\">\n<tbody>\n<tr>\n<td valign=\"TOP\"><img loading=\"lazy\" decoding=\"async\" src=\"https:\/\/www.biozac.de\/biozac\/capvil\/Karlsgarten100.JPG\" width=\"341\" height=\"472\"><\/td>\n<td valign=\"TOP\">Das bekannteste und in seiner Nachwirkung bedeutendste Werk dieser Art ist das \u201eCapitulare de villis vel curtis imperialibus&#8220;, das in einer Abschrift erhalten geblieben ist. Karl der Gro\u00dfe sorgte darin nicht nur f\u00fcr sein eigenes, geregeltes Auskommen, sondern auch f\u00fcr den Wohlstand seiner Untergebenen und schuf damit die erste Sozial- und (Land-)Wirtschaftsordnung des Mittelalters.<\/p>\n<p>Im 70. Kapitel der Verordnung sind \u00fcber 90 Pflanzen aufgelistet, die auf jedem k\u00f6niglichen Hofgut verf\u00fcgbar sein sollten. M\u00f6nche als Berater und Beamte der kaiserlichen Kanzlei haben das Capitulare verfasst. F\u00fcr die Zusammenstellung der Pflanzenliste haben sie aus B\u00fcchern \u00fcber das Wissen antiker Autoren ebenso gesch\u00f6pft wie aus der langen Erfahrung und Kulturtradition kl\u00f6sterlicher G\u00e4rtner und G\u00e4rten.<\/td>\n<\/tr>\n<\/tbody>\n<\/table>\n","protected":false},"excerpt":{"rendered":"<p>&nbsp; Titel der Skulptur: Visionen f\u00fcr Europa K\u00fcnstler: Alfred Mevissen Standort: Karlsgarten, Gut Melaten, 52047 Aachen Marterial: T\u00fcrkischer Basalt, 240[&#8230;]<\/p>\n","protected":false},"author":2,"featured_media":0,"parent":0,"menu_order":0,"comment_status":"closed","ping_status":"closed","template":"","meta":{"ngg_post_thumbnail":0,"footnotes":""},"class_list":["post-1897","page","type-page","status-publish","hentry"],"yoast_head":"<!-- This site is optimized with the Yoast SEO plugin v27.6 - https:\/\/yoast.com\/product\/yoast-seo-wordpress\/ -->\n<title>Kaiser Karl im Karlsgarten Aachen<\/title>\n<meta name=\"robots\" content=\"index, follow, max-snippet:-1, max-image-preview:large, max-video-preview:-1\" \/>\n<link rel=\"canonical\" href=\"https:\/\/www.art-moves-europe.eu\/de\/kaiser-karl-im-karlsgarten-aachen\/\" \/>\n<meta property=\"og:locale\" content=\"de_DE\" \/>\n<meta property=\"og:locale:alternate\" content=\"en_US\" \/>\n<meta property=\"og:type\" content=\"article\" \/>\n<meta property=\"og:title\" content=\"Kaiser Karl im Karlsgarten Aachen\" \/>\n<meta property=\"og:description\" content=\"&nbsp; Titel der Skulptur: Visionen f\u00fcr Europa K\u00fcnstler: Alfred Mevissen Standort: Karlsgarten, Gut Melaten, 52047 Aachen Marterial: T\u00fcrkischer Basalt, 240[...]\" \/>\n<meta property=\"og:url\" content=\"https:\/\/www.art-moves-europe.eu\/de\/kaiser-karl-im-karlsgarten-aachen\/\" \/>\n<meta property=\"og:site_name\" content=\"ART MOVES EUROPE e.V.\" \/>\n<meta property=\"article:modified_time\" content=\"2020-12-16T07:38:45+00:00\" \/>\n<meta property=\"og:image\" content=\"https:\/\/www.biozac.de\/biozac\/capvil\/Karlsgarten100.JPG\" \/>\n<meta name=\"twitter:card\" content=\"summary_large_image\" \/>\n<meta name=\"twitter:label1\" content=\"Gesch\u00e4tzte Lesezeit\" \/>\n\t<meta name=\"twitter:data1\" content=\"4\u00a0Minuten\" \/>\n<script type=\"application\/ld+json\" class=\"yoast-schema-graph\">{\"@context\":\"https:\\\/\\\/schema.org\",\"@graph\":[{\"@type\":\"WebPage\",\"@id\":\"https:\\\/\\\/www.art-moves-europe.eu\\\/kaiser-karl-im-karlsgarten-aachen\\\/\",\"url\":\"https:\\\/\\\/www.art-moves-europe.eu\\\/kaiser-karl-im-karlsgarten-aachen\\\/\",\"name\":\"Kaiser Karl im Karlsgarten Aachen\",\"isPartOf\":{\"@id\":\"https:\\\/\\\/www.art-moves-europe.eu\\\/#website\"},\"primaryImageOfPage\":{\"@id\":\"https:\\\/\\\/www.art-moves-europe.eu\\\/kaiser-karl-im-karlsgarten-aachen\\\/#primaryimage\"},\"image\":{\"@id\":\"https:\\\/\\\/www.art-moves-europe.eu\\\/kaiser-karl-im-karlsgarten-aachen\\\/#primaryimage\"},\"thumbnailUrl\":\"https:\\\/\\\/www.biozac.de\\\/biozac\\\/capvil\\\/Karlsgarten100.JPG\",\"datePublished\":\"2020-10-05T17:01:02+00:00\",\"dateModified\":\"2020-12-16T07:38:45+00:00\",\"breadcrumb\":{\"@id\":\"https:\\\/\\\/www.art-moves-europe.eu\\\/kaiser-karl-im-karlsgarten-aachen\\\/#breadcrumb\"},\"inLanguage\":\"de-DE\",\"potentialAction\":[{\"@type\":\"ReadAction\",\"target\":[\"https:\\\/\\\/www.art-moves-europe.eu\\\/kaiser-karl-im-karlsgarten-aachen\\\/\"]}]},{\"@type\":\"ImageObject\",\"inLanguage\":\"de-DE\",\"@id\":\"https:\\\/\\\/www.art-moves-europe.eu\\\/kaiser-karl-im-karlsgarten-aachen\\\/#primaryimage\",\"url\":\"https:\\\/\\\/www.biozac.de\\\/biozac\\\/capvil\\\/Karlsgarten100.JPG\",\"contentUrl\":\"https:\\\/\\\/www.biozac.de\\\/biozac\\\/capvil\\\/Karlsgarten100.JPG\"},{\"@type\":\"BreadcrumbList\",\"@id\":\"https:\\\/\\\/www.art-moves-europe.eu\\\/kaiser-karl-im-karlsgarten-aachen\\\/#breadcrumb\",\"itemListElement\":[{\"@type\":\"ListItem\",\"position\":1,\"name\":\"Startseite\",\"item\":\"https:\\\/\\\/www.art-moves-europe.eu\\\/\"},{\"@type\":\"ListItem\",\"position\":2,\"name\":\"Charlemagne in Karlsgarden\"}]},{\"@type\":\"WebSite\",\"@id\":\"https:\\\/\\\/www.art-moves-europe.eu\\\/#website\",\"url\":\"https:\\\/\\\/www.art-moves-europe.eu\\\/\",\"name\":\"ART MOVES EUROPE e.V.\",\"description\":\"\",\"potentialAction\":[{\"@type\":\"SearchAction\",\"target\":{\"@type\":\"EntryPoint\",\"urlTemplate\":\"https:\\\/\\\/www.art-moves-europe.eu\\\/?s={search_term_string}\"},\"query-input\":{\"@type\":\"PropertyValueSpecification\",\"valueRequired\":true,\"valueName\":\"search_term_string\"}}],\"inLanguage\":\"de-DE\"}]}<\/script>\n<!-- \/ Yoast SEO plugin. -->","yoast_head_json":{"title":"Kaiser Karl im Karlsgarten Aachen","robots":{"index":"index","follow":"follow","max-snippet":"max-snippet:-1","max-image-preview":"max-image-preview:large","max-video-preview":"max-video-preview:-1"},"canonical":"https:\/\/www.art-moves-europe.eu\/de\/kaiser-karl-im-karlsgarten-aachen\/","og_locale":"de_DE","og_type":"article","og_title":"[:en]Charlemagne in Karlsgarden[:de]Kaiser Karl im Karlsgarten Aachen[:] - ART MOVES EUROPE e.V.","og_description":"&nbsp; Titel der Skulptur: Visionen f\u00fcr Europa K\u00fcnstler: Alfred Mevissen Standort: Karlsgarten, Gut Melaten, 52047 Aachen Marterial: T\u00fcrkischer Basalt, 240[...]","og_url":"https:\/\/www.art-moves-europe.eu\/de\/kaiser-karl-im-karlsgarten-aachen\/","og_site_name":"ART MOVES EUROPE e.V.","article_modified_time":"2020-12-16T07:38:45+00:00","og_image":[{"url":"https:\/\/www.biozac.de\/biozac\/capvil\/Karlsgarten100.JPG","type":"","width":"","height":""}],"twitter_card":"summary_large_image","twitter_misc":{"Gesch\u00e4tzte Lesezeit":"4\u00a0Minuten"},"schema":{"@context":"https:\/\/schema.org","@graph":[{"@type":"WebPage","@id":"https:\/\/www.art-moves-europe.eu\/kaiser-karl-im-karlsgarten-aachen\/","url":"https:\/\/www.art-moves-europe.eu\/kaiser-karl-im-karlsgarten-aachen\/","name":"Kaiser Karl im Karlsgarten Aachen","isPartOf":{"@id":"https:\/\/www.art-moves-europe.eu\/#website"},"primaryImageOfPage":{"@id":"https:\/\/www.art-moves-europe.eu\/kaiser-karl-im-karlsgarten-aachen\/#primaryimage"},"image":{"@id":"https:\/\/www.art-moves-europe.eu\/kaiser-karl-im-karlsgarten-aachen\/#primaryimage"},"thumbnailUrl":"https:\/\/www.biozac.de\/biozac\/capvil\/Karlsgarten100.JPG","datePublished":"2020-10-05T17:01:02+00:00","dateModified":"2020-12-16T07:38:45+00:00","breadcrumb":{"@id":"https:\/\/www.art-moves-europe.eu\/kaiser-karl-im-karlsgarten-aachen\/#breadcrumb"},"inLanguage":"de-DE","potentialAction":[{"@type":"ReadAction","target":["https:\/\/www.art-moves-europe.eu\/kaiser-karl-im-karlsgarten-aachen\/"]}]},{"@type":"ImageObject","inLanguage":"de-DE","@id":"https:\/\/www.art-moves-europe.eu\/kaiser-karl-im-karlsgarten-aachen\/#primaryimage","url":"https:\/\/www.biozac.de\/biozac\/capvil\/Karlsgarten100.JPG","contentUrl":"https:\/\/www.biozac.de\/biozac\/capvil\/Karlsgarten100.JPG"},{"@type":"BreadcrumbList","@id":"https:\/\/www.art-moves-europe.eu\/kaiser-karl-im-karlsgarten-aachen\/#breadcrumb","itemListElement":[{"@type":"ListItem","position":1,"name":"Startseite","item":"https:\/\/www.art-moves-europe.eu\/"},{"@type":"ListItem","position":2,"name":"Charlemagne in Karlsgarden"}]},{"@type":"WebSite","@id":"https:\/\/www.art-moves-europe.eu\/#website","url":"https:\/\/www.art-moves-europe.eu\/","name":"ART MOVES EUROPE e.V.","description":"","potentialAction":[{"@type":"SearchAction","target":{"@type":"EntryPoint","urlTemplate":"https:\/\/www.art-moves-europe.eu\/?s={search_term_string}"},"query-input":{"@type":"PropertyValueSpecification","valueRequired":true,"valueName":"search_term_string"}}],"inLanguage":"de-DE"}]}},"_links":{"self":[{"href":"https:\/\/www.art-moves-europe.eu\/de\/wp-json\/wp\/v2\/pages\/1897","targetHints":{"allow":["GET"]}}],"collection":[{"href":"https:\/\/www.art-moves-europe.eu\/de\/wp-json\/wp\/v2\/pages"}],"about":[{"href":"https:\/\/www.art-moves-europe.eu\/de\/wp-json\/wp\/v2\/types\/page"}],"author":[{"embeddable":true,"href":"https:\/\/www.art-moves-europe.eu\/de\/wp-json\/wp\/v2\/users\/2"}],"replies":[{"embeddable":true,"href":"https:\/\/www.art-moves-europe.eu\/de\/wp-json\/wp\/v2\/comments?post=1897"}],"version-history":[{"count":11,"href":"https:\/\/www.art-moves-europe.eu\/de\/wp-json\/wp\/v2\/pages\/1897\/revisions"}],"predecessor-version":[{"id":1904,"href":"https:\/\/www.art-moves-europe.eu\/de\/wp-json\/wp\/v2\/pages\/1897\/revisions\/1904"}],"wp:attachment":[{"href":"https:\/\/www.art-moves-europe.eu\/de\/wp-json\/wp\/v2\/media?parent=1897"}],"curies":[{"name":"wp","href":"https:\/\/api.w.org\/{rel}","templated":true}]}}