{"id":2431,"date":"2021-04-08T10:37:25","date_gmt":"2021-04-08T08:37:25","guid":{"rendered":"https:\/\/www.art-moves-europe.eu\/de\/?page_id=2431"},"modified":"2021-04-10T13:56:24","modified_gmt":"2021-04-10T11:56:24","slug":"andrea-capucci","status":"publish","type":"page","link":"https:\/\/www.art-moves-europe.eu\/de\/andrea-capucci\/","title":{"rendered":"Andrea Capucci"},"content":{"rendered":"<table style=\"border-collapse: collapse; width: 100%; height: 270px;\">\n<tbody>\n<tr style=\"height: 242px;\">\n<td style=\"width: 57.5253%; height: 242px;\"><img loading=\"lazy\" decoding=\"async\" class=\"alignnone size-full wp-image-2444\" src=\"https:\/\/www.art-moves-europe.eu\/wp-content\/uploads\/2021\/04\/Andrea-Capucci-Modena-1.jpg\" alt=\"\" width=\"260\" height=\"260\" srcset=\"https:\/\/www.art-moves-europe.eu\/wp-content\/uploads\/2021\/04\/Andrea-Capucci-Modena-1.jpg 260w, https:\/\/www.art-moves-europe.eu\/wp-content\/uploads\/2021\/04\/Andrea-Capucci-Modena-1-150x150.jpg 150w\" sizes=\"auto, (max-width: 260px) 100vw, 260px\" \/><\/td>\n<td style=\"width: 42.4747%; height: 242px;\">ngg_shortcode_0_placeholder<\/td>\n<\/tr>\n<tr style=\"height: 28px;\">\n<td style=\"width: 57.5253%; height: 28px;\">\n<div class=\"\"><span class=\"\">Andrea Capucci wurde 1965 in Modena (Italien) geboren. Er besuchte dort das Kunstinstitut, die Architektursfakult\u00e4t in Florenz und die Akademie der Sch\u00f6nen K\u00fcnste in Bologna. Er hat zahlreiche Gruppe- und Einzelaustellungen realisiert, in Spanien, Croatia, Italien, Frankreich, Deutschland.<\/span><\/div>\n<div class=\"\"><span class=\"\">Sein Werk entwickelt sich durch Skulpturen aus Keramik, glasierte Terrakotta und Stein sowie Zeichnungen. Er interessiert sich f\u00fcr Poesie und seine Illustrationen erscheinen in mehrere Sammlungen von italienischen Dichtern.&nbsp;<\/span><\/div>\n<div class=\"\"><span class=\"\">Er hat zahlreiche Wettbewerbe gewonnen und Skulpturen f\u00fcr offentliche R\u00e4ume geschaffen: Villanova di Modena; Parco Arcotel in Linz;Villa Serego Alighieri in Gargagnago von Verona; Parco della Mimosa von Castelvetro 1996; erster Platz beim Wettbewerb in Maranello, Parco di Villa Rangoni, 2007; Anne Frank Schule in Montale von Castelnuovo R.; erster Platz beim Wettbewerb f\u00fcr die Rundpunkt La Pioppa in Bologna, 2009; zweiter Platz beim Wettbewerb Arco di Trento, 2010; dritter Platz beim Wettbewerb Aceto Balsamico di Modena, Spilamberto, 2011.<\/span><\/div>\n<div class=\"\">&nbsp;<\/div>\n<div class=\"\"><span class=\"\">In den letzten Jahren ist sein Atelier ein Treffpunkt f\u00fcr K\u00fcnstler geworden, wo regelm\u00e4\u00dfig kulturelle Ereignisse und Ausstausch zwischen den verschiedenen Formen der Kunst organisiert werden.&nbsp;<\/span><\/div>\n<\/td>\n<td style=\"width: 42.4747%; height: 28px;\">Die Arbeit wurde als Denkmal f\u00fcr LKW-Fahrer und deren Handelsverkehr bezeichnet und 2010 eingeweiht. Das von dem K\u00fcnstler Andrea Capucci geschaffene Werk ist 10 m hoch und stellt einen Mann dar, der einen Lastwagen auf den Schultern h\u00e4lt.<br \/>\nDer 10 Meter hohe, mit Aluminium \u00fcberzogene Mann tr\u00e4gt einen DSF-LKW.Kreisverkehr Antonio Gasbarrini im Gebiet Borgo Panigale \/ Bologna<\/td>\n<\/tr>\n<\/tbody>\n<\/table>\n","protected":false},"excerpt":{"rendered":"<p>Andrea Capucci wurde 1965 in Modena (Italien) geboren. Er besuchte dort das Kunstinstitut, die Architektursfakult\u00e4t in Florenz und die Akademie[&#8230;]<\/p>\n","protected":false},"author":2,"featured_media":0,"parent":0,"menu_order":0,"comment_status":"closed","ping_status":"closed","template":"","meta":{"ngg_post_thumbnail":0,"footnotes":""},"class_list":["post-2431","page","type-page","status-publish","hentry"],"yoast_head":"<!-- This site is optimized with the Yoast SEO plugin v27.4 - https:\/\/yoast.com\/product\/yoast-seo-wordpress\/ -->\n<title>Andrea Capucci<\/title>\n<meta name=\"robots\" content=\"index, follow, max-snippet:-1, max-image-preview:large, max-video-preview:-1\" \/>\n<link rel=\"canonical\" href=\"https:\/\/www.art-moves-europe.eu\/de\/andrea-capucci\/\" \/>\n<meta property=\"og:locale\" content=\"de_DE\" \/>\n<meta property=\"og:locale:alternate\" content=\"en_US\" \/>\n<meta property=\"og:type\" content=\"article\" \/>\n<meta property=\"og:title\" content=\"Andrea Capucci\" \/>\n<meta property=\"og:description\" content=\"Andrea Capucci wurde 1965 in Modena (Italien) geboren. Er besuchte dort das Kunstinstitut, die Architektursfakult\u00e4t in Florenz und die Akademie[...]\" \/>\n<meta property=\"og:url\" content=\"https:\/\/www.art-moves-europe.eu\/de\/andrea-capucci\/\" \/>\n<meta property=\"og:site_name\" content=\"ART MOVES EUROPE e.V.\" \/>\n<meta property=\"article:modified_time\" content=\"2021-04-10T11:56:24+00:00\" \/>\n<meta property=\"og:image\" content=\"https:\/\/www.art-moves-europe.eu\/wp-content\/uploads\/2021\/04\/Andrea-Capucci-Modena-1.jpg\" \/>\n<meta name=\"twitter:card\" content=\"summary_large_image\" \/>\n<meta name=\"twitter:label1\" content=\"Gesch\u00e4tzte Lesezeit\" \/>\n\t<meta name=\"twitter:data1\" content=\"2\u00a0Minuten\" \/>\n<script type=\"application\/ld+json\" class=\"yoast-schema-graph\">{\"@context\":\"https:\\\/\\\/schema.org\",\"@graph\":[{\"@type\":\"WebPage\",\"@id\":\"https:\\\/\\\/www.art-moves-europe.eu\\\/de\\\/andrea-capucci\\\/\",\"url\":\"https:\\\/\\\/www.art-moves-europe.eu\\\/de\\\/andrea-capucci\\\/\",\"name\":\"Andrea Capucci\",\"isPartOf\":{\"@id\":\"https:\\\/\\\/www.art-moves-europe.eu\\\/#website\"},\"primaryImageOfPage\":{\"@id\":\"https:\\\/\\\/www.art-moves-europe.eu\\\/de\\\/andrea-capucci\\\/#primaryimage\"},\"image\":{\"@id\":\"https:\\\/\\\/www.art-moves-europe.eu\\\/de\\\/andrea-capucci\\\/#primaryimage\"},\"thumbnailUrl\":\"https:\\\/\\\/www.art-moves-europe.eu\\\/wp-content\\\/uploads\\\/2021\\\/04\\\/Andrea-Capucci-Modena-1.jpg\",\"datePublished\":\"2021-04-08T08:37:25+00:00\",\"dateModified\":\"2021-04-10T11:56:24+00:00\",\"breadcrumb\":{\"@id\":\"https:\\\/\\\/www.art-moves-europe.eu\\\/de\\\/andrea-capucci\\\/#breadcrumb\"},\"inLanguage\":\"de-DE\",\"potentialAction\":[{\"@type\":\"ReadAction\",\"target\":[\"https:\\\/\\\/www.art-moves-europe.eu\\\/de\\\/andrea-capucci\\\/\"]}]},{\"@type\":\"ImageObject\",\"inLanguage\":\"de-DE\",\"@id\":\"https:\\\/\\\/www.art-moves-europe.eu\\\/de\\\/andrea-capucci\\\/#primaryimage\",\"url\":\"https:\\\/\\\/www.art-moves-europe.eu\\\/wp-content\\\/uploads\\\/2021\\\/04\\\/Andrea-Capucci-Modena-1.jpg\",\"contentUrl\":\"https:\\\/\\\/www.art-moves-europe.eu\\\/wp-content\\\/uploads\\\/2021\\\/04\\\/Andrea-Capucci-Modena-1.jpg\"},{\"@type\":\"BreadcrumbList\",\"@id\":\"https:\\\/\\\/www.art-moves-europe.eu\\\/de\\\/andrea-capucci\\\/#breadcrumb\",\"itemListElement\":[{\"@type\":\"ListItem\",\"position\":1,\"name\":\"Startseite\",\"item\":\"https:\\\/\\\/www.art-moves-europe.eu\\\/\"},{\"@type\":\"ListItem\",\"position\":2,\"name\":\"Andrea Capucci\"}]},{\"@type\":\"WebSite\",\"@id\":\"https:\\\/\\\/www.art-moves-europe.eu\\\/#website\",\"url\":\"https:\\\/\\\/www.art-moves-europe.eu\\\/\",\"name\":\"ART MOVES EUROPE e.V.\",\"description\":\"\",\"potentialAction\":[{\"@type\":\"SearchAction\",\"target\":{\"@type\":\"EntryPoint\",\"urlTemplate\":\"https:\\\/\\\/www.art-moves-europe.eu\\\/?s={search_term_string}\"},\"query-input\":{\"@type\":\"PropertyValueSpecification\",\"valueRequired\":true,\"valueName\":\"search_term_string\"}}],\"inLanguage\":\"de-DE\"}]}<\/script>\n<!-- \/ Yoast SEO plugin. -->","yoast_head_json":{"title":"Andrea Capucci","robots":{"index":"index","follow":"follow","max-snippet":"max-snippet:-1","max-image-preview":"max-image-preview:large","max-video-preview":"max-video-preview:-1"},"canonical":"https:\/\/www.art-moves-europe.eu\/de\/andrea-capucci\/","og_locale":"de_DE","og_type":"article","og_title":"[:en]Andrea Capucci[:de]Andrea Capucci[:] - ART MOVES EUROPE e.V.","og_description":"Andrea Capucci wurde 1965 in Modena (Italien) geboren. Er besuchte dort das Kunstinstitut, die Architektursfakult\u00e4t in Florenz und die Akademie[...]","og_url":"https:\/\/www.art-moves-europe.eu\/de\/andrea-capucci\/","og_site_name":"ART MOVES EUROPE e.V.","article_modified_time":"2021-04-10T11:56:24+00:00","og_image":[{"url":"https:\/\/www.art-moves-europe.eu\/wp-content\/uploads\/2021\/04\/Andrea-Capucci-Modena-1.jpg","type":"","width":"","height":""}],"twitter_card":"summary_large_image","twitter_misc":{"Gesch\u00e4tzte Lesezeit":"2\u00a0Minuten"},"schema":{"@context":"https:\/\/schema.org","@graph":[{"@type":"WebPage","@id":"https:\/\/www.art-moves-europe.eu\/de\/andrea-capucci\/","url":"https:\/\/www.art-moves-europe.eu\/de\/andrea-capucci\/","name":"Andrea Capucci","isPartOf":{"@id":"https:\/\/www.art-moves-europe.eu\/#website"},"primaryImageOfPage":{"@id":"https:\/\/www.art-moves-europe.eu\/de\/andrea-capucci\/#primaryimage"},"image":{"@id":"https:\/\/www.art-moves-europe.eu\/de\/andrea-capucci\/#primaryimage"},"thumbnailUrl":"https:\/\/www.art-moves-europe.eu\/wp-content\/uploads\/2021\/04\/Andrea-Capucci-Modena-1.jpg","datePublished":"2021-04-08T08:37:25+00:00","dateModified":"2021-04-10T11:56:24+00:00","breadcrumb":{"@id":"https:\/\/www.art-moves-europe.eu\/de\/andrea-capucci\/#breadcrumb"},"inLanguage":"de-DE","potentialAction":[{"@type":"ReadAction","target":["https:\/\/www.art-moves-europe.eu\/de\/andrea-capucci\/"]}]},{"@type":"ImageObject","inLanguage":"de-DE","@id":"https:\/\/www.art-moves-europe.eu\/de\/andrea-capucci\/#primaryimage","url":"https:\/\/www.art-moves-europe.eu\/wp-content\/uploads\/2021\/04\/Andrea-Capucci-Modena-1.jpg","contentUrl":"https:\/\/www.art-moves-europe.eu\/wp-content\/uploads\/2021\/04\/Andrea-Capucci-Modena-1.jpg"},{"@type":"BreadcrumbList","@id":"https:\/\/www.art-moves-europe.eu\/de\/andrea-capucci\/#breadcrumb","itemListElement":[{"@type":"ListItem","position":1,"name":"Startseite","item":"https:\/\/www.art-moves-europe.eu\/"},{"@type":"ListItem","position":2,"name":"Andrea Capucci"}]},{"@type":"WebSite","@id":"https:\/\/www.art-moves-europe.eu\/#website","url":"https:\/\/www.art-moves-europe.eu\/","name":"ART MOVES EUROPE e.V.","description":"","potentialAction":[{"@type":"SearchAction","target":{"@type":"EntryPoint","urlTemplate":"https:\/\/www.art-moves-europe.eu\/?s={search_term_string}"},"query-input":{"@type":"PropertyValueSpecification","valueRequired":true,"valueName":"search_term_string"}}],"inLanguage":"de-DE"}]}},"_links":{"self":[{"href":"https:\/\/www.art-moves-europe.eu\/de\/wp-json\/wp\/v2\/pages\/2431","targetHints":{"allow":["GET"]}}],"collection":[{"href":"https:\/\/www.art-moves-europe.eu\/de\/wp-json\/wp\/v2\/pages"}],"about":[{"href":"https:\/\/www.art-moves-europe.eu\/de\/wp-json\/wp\/v2\/types\/page"}],"author":[{"embeddable":true,"href":"https:\/\/www.art-moves-europe.eu\/de\/wp-json\/wp\/v2\/users\/2"}],"replies":[{"embeddable":true,"href":"https:\/\/www.art-moves-europe.eu\/de\/wp-json\/wp\/v2\/comments?post=2431"}],"version-history":[{"count":10,"href":"https:\/\/www.art-moves-europe.eu\/de\/wp-json\/wp\/v2\/pages\/2431\/revisions"}],"predecessor-version":[{"id":2453,"href":"https:\/\/www.art-moves-europe.eu\/de\/wp-json\/wp\/v2\/pages\/2431\/revisions\/2453"}],"wp:attachment":[{"href":"https:\/\/www.art-moves-europe.eu\/de\/wp-json\/wp\/v2\/media?parent=2431"}],"curies":[{"name":"wp","href":"https:\/\/api.w.org\/{rel}","templated":true}]}}