{"id":2472,"date":"2021-04-12T10:17:25","date_gmt":"2021-04-12T08:17:25","guid":{"rendered":"https:\/\/www.art-moves-europe.eu\/de\/?page_id=2472"},"modified":"2021-04-12T10:19:12","modified_gmt":"2021-04-12T08:19:12","slug":"joachim-kreutz","status":"publish","type":"page","link":"https:\/\/www.art-moves-europe.eu\/de\/joachim-kreutz\/","title":{"rendered":"Joachim Kreutz"},"content":{"rendered":"<table style=\"border-collapse: collapse; width: 100%;\">\n<tbody>\n<tr>\n<td style=\"width: 50%;\"><img loading=\"lazy\" decoding=\"async\" class=\"alignnone size-full wp-image-2473\" src=\"https:\/\/www.art-moves-europe.eu\/wp-content\/uploads\/2021\/04\/Kreutz098-SW-1024x800-klein.jpg\" alt=\"\" width=\"260\" height=\"260\" srcset=\"https:\/\/www.art-moves-europe.eu\/wp-content\/uploads\/2021\/04\/Kreutz098-SW-1024x800-klein.jpg 260w, https:\/\/www.art-moves-europe.eu\/wp-content\/uploads\/2021\/04\/Kreutz098-SW-1024x800-klein-150x150.jpg 150w\" sizes=\"auto, (max-width: 260px) 100vw, 260px\" \/><\/td>\n<td style=\"width: 50%;\">&nbsp;<\/td>\n<\/tr>\n<tr>\n<td style=\"width: 50%;\" colspan=\"2\">Als&nbsp;gelernter Flugzeugbauer sollte ich&nbsp;durch ein anschlie\u00dfendes&nbsp; Maschinenbaustudium zum Flugingenieur ausgebildet werden. Kurz vor Ende dieses Studiums kam die Einberufung zur&nbsp;Bundeswehr. An diesem Knotenpunkt begann mein neuer Weg und&nbsp;die Initiation zum Bildhauer, nahm&nbsp;ihren Lauf. Am Anfang dieses Weges stand eine schwere Krankheit und eine pers\u00f6nliche Umbruchssituation. Von der Bundeswehr nach Hause geschickt und dort \u201eheimkrank\u201c gemeldet,&nbsp;lernte ich den Bildhauer Reiner Uhl kennen, bei dem ich in&nbsp;Folge arbeitete. Mehrmals fragte er mich im Laufe der Monate, ob ich nicht eine Lehre zum Bildhauer machen wollte. Nach dem dritten Mal sagte ich Ja.&nbsp;<span class=\"\">Zwei Jahre lang war ich in Ausbildung, eine Zeit, in der ich mich nicht als Lehrling f\u00fchlte. Ich schloss die Bildhauerlehre als hessischer Landessieger ab und ein Jahr darauf absolvierte ich die Meisterpr\u00fcfung. Die n\u00e4chsten Jahre arbeitete ich in Frankfurt, dann als Bildhauermeister im Stuttgarter Raum. Von dort zur\u00fcckgekehrt nach Frankfurt und auf der Suche nach einer neuen Herausforderung, wurde ich Projektleiter und Koordinator&nbsp;am Schlo\u00df&nbsp;Niederflorstadt und Jest\u00e4tt. Zehn Jahre lang besch\u00e4ftigte mich diese Arbeit, in der ich mich bereits 1986 als Bildhauer&nbsp;selbst\u00e4ndig machen konnte. Im Jahre 2000 erwarb ich die Anerkennung zum freischaffenden Bildhauer. Zur gleichen Zeit begann ich, mit einem Teildeputat, meine Arbeit als Lehrer f\u00fcr Bildhauerei in der Oberstufe, an der Freien Waldorfschule Frankfurt am Main.&nbsp;<\/span>Noch ein wichtiger privater Hinweis: Verheiratet seit 1984. Zwei Kinder: Lena- Marie und Marius.<\/td>\n<\/tr>\n<\/tbody>\n<\/table>\n","protected":false},"excerpt":{"rendered":"<p>&nbsp; Als&nbsp;gelernter Flugzeugbauer sollte ich&nbsp;durch ein anschlie\u00dfendes&nbsp; Maschinenbaustudium zum Flugingenieur ausgebildet werden. Kurz vor Ende dieses Studiums kam die Einberufung[&#8230;]<\/p>\n","protected":false},"author":2,"featured_media":0,"parent":0,"menu_order":0,"comment_status":"closed","ping_status":"closed","template":"","meta":{"ngg_post_thumbnail":0,"footnotes":""},"class_list":["post-2472","page","type-page","status-publish","hentry"],"yoast_head":"<!-- This site is optimized with the Yoast SEO plugin v27.3 - https:\/\/yoast.com\/product\/yoast-seo-wordpress\/ -->\n<title>Joachim Kreutz<\/title>\n<meta name=\"robots\" content=\"index, follow, max-snippet:-1, max-image-preview:large, max-video-preview:-1\" \/>\n<link rel=\"canonical\" href=\"https:\/\/www.art-moves-europe.eu\/de\/joachim-kreutz\/\" \/>\n<meta property=\"og:locale\" content=\"de_DE\" \/>\n<meta property=\"og:locale:alternate\" content=\"en_US\" \/>\n<meta property=\"og:type\" content=\"article\" \/>\n<meta property=\"og:title\" content=\"Joachim Kreutz\" \/>\n<meta property=\"og:description\" content=\"&nbsp; Als&nbsp;gelernter Flugzeugbauer sollte ich&nbsp;durch ein anschlie\u00dfendes&nbsp; Maschinenbaustudium zum Flugingenieur ausgebildet werden. Kurz vor Ende dieses Studiums kam die Einberufung[...]\" \/>\n<meta property=\"og:url\" content=\"https:\/\/www.art-moves-europe.eu\/de\/joachim-kreutz\/\" \/>\n<meta property=\"og:site_name\" content=\"ART MOVES EUROPE e.V.\" \/>\n<meta property=\"article:modified_time\" content=\"2021-04-12T08:19:12+00:00\" \/>\n<meta property=\"og:image\" content=\"https:\/\/www.art-moves-europe.eu\/wp-content\/uploads\/2021\/04\/Kreutz098-SW-1024x800-klein.jpg\" \/>\n<meta name=\"twitter:card\" content=\"summary_large_image\" \/>\n<meta name=\"twitter:label1\" content=\"Gesch\u00e4tzte Lesezeit\" \/>\n\t<meta name=\"twitter:data1\" content=\"2\u00a0Minuten\" \/>\n<script type=\"application\/ld+json\" class=\"yoast-schema-graph\">{\"@context\":\"https:\\\/\\\/schema.org\",\"@graph\":[{\"@type\":\"WebPage\",\"@id\":\"https:\\\/\\\/www.art-moves-europe.eu\\\/joachim-kreutz\\\/\",\"url\":\"https:\\\/\\\/www.art-moves-europe.eu\\\/joachim-kreutz\\\/\",\"name\":\"Joachim Kreutz\",\"isPartOf\":{\"@id\":\"https:\\\/\\\/www.art-moves-europe.eu\\\/#website\"},\"primaryImageOfPage\":{\"@id\":\"https:\\\/\\\/www.art-moves-europe.eu\\\/joachim-kreutz\\\/#primaryimage\"},\"image\":{\"@id\":\"https:\\\/\\\/www.art-moves-europe.eu\\\/joachim-kreutz\\\/#primaryimage\"},\"thumbnailUrl\":\"https:\\\/\\\/www.art-moves-europe.eu\\\/wp-content\\\/uploads\\\/2021\\\/04\\\/Kreutz098-SW-1024x800-klein.jpg\",\"datePublished\":\"2021-04-12T08:17:25+00:00\",\"dateModified\":\"2021-04-12T08:19:12+00:00\",\"breadcrumb\":{\"@id\":\"https:\\\/\\\/www.art-moves-europe.eu\\\/joachim-kreutz\\\/#breadcrumb\"},\"inLanguage\":\"de-DE\",\"potentialAction\":[{\"@type\":\"ReadAction\",\"target\":[\"https:\\\/\\\/www.art-moves-europe.eu\\\/joachim-kreutz\\\/\"]}]},{\"@type\":\"ImageObject\",\"inLanguage\":\"de-DE\",\"@id\":\"https:\\\/\\\/www.art-moves-europe.eu\\\/joachim-kreutz\\\/#primaryimage\",\"url\":\"https:\\\/\\\/www.art-moves-europe.eu\\\/wp-content\\\/uploads\\\/2021\\\/04\\\/Kreutz098-SW-1024x800-klein.jpg\",\"contentUrl\":\"https:\\\/\\\/www.art-moves-europe.eu\\\/wp-content\\\/uploads\\\/2021\\\/04\\\/Kreutz098-SW-1024x800-klein.jpg\"},{\"@type\":\"BreadcrumbList\",\"@id\":\"https:\\\/\\\/www.art-moves-europe.eu\\\/joachim-kreutz\\\/#breadcrumb\",\"itemListElement\":[{\"@type\":\"ListItem\",\"position\":1,\"name\":\"Startseite\",\"item\":\"https:\\\/\\\/www.art-moves-europe.eu\\\/\"},{\"@type\":\"ListItem\",\"position\":2,\"name\":\"Joachim Kreutz\"}]},{\"@type\":\"WebSite\",\"@id\":\"https:\\\/\\\/www.art-moves-europe.eu\\\/#website\",\"url\":\"https:\\\/\\\/www.art-moves-europe.eu\\\/\",\"name\":\"ART MOVES EUROPE e.V.\",\"description\":\"\",\"potentialAction\":[{\"@type\":\"SearchAction\",\"target\":{\"@type\":\"EntryPoint\",\"urlTemplate\":\"https:\\\/\\\/www.art-moves-europe.eu\\\/?s={search_term_string}\"},\"query-input\":{\"@type\":\"PropertyValueSpecification\",\"valueRequired\":true,\"valueName\":\"search_term_string\"}}],\"inLanguage\":\"de-DE\"}]}<\/script>\n<!-- \/ Yoast SEO plugin. -->","yoast_head_json":{"title":"Joachim Kreutz","robots":{"index":"index","follow":"follow","max-snippet":"max-snippet:-1","max-image-preview":"max-image-preview:large","max-video-preview":"max-video-preview:-1"},"canonical":"https:\/\/www.art-moves-europe.eu\/de\/joachim-kreutz\/","og_locale":"de_DE","og_type":"article","og_title":"[:en]Joachim Kreutz[:de]Joachim Kreutz[:] - ART MOVES EUROPE e.V.","og_description":"&nbsp; Als&nbsp;gelernter Flugzeugbauer sollte ich&nbsp;durch ein anschlie\u00dfendes&nbsp; Maschinenbaustudium zum Flugingenieur ausgebildet werden. Kurz vor Ende dieses Studiums kam die Einberufung[...]","og_url":"https:\/\/www.art-moves-europe.eu\/de\/joachim-kreutz\/","og_site_name":"ART MOVES EUROPE e.V.","article_modified_time":"2021-04-12T08:19:12+00:00","og_image":[{"url":"https:\/\/www.art-moves-europe.eu\/wp-content\/uploads\/2021\/04\/Kreutz098-SW-1024x800-klein.jpg","type":"","width":"","height":""}],"twitter_card":"summary_large_image","twitter_misc":{"Gesch\u00e4tzte Lesezeit":"2\u00a0Minuten"},"schema":{"@context":"https:\/\/schema.org","@graph":[{"@type":"WebPage","@id":"https:\/\/www.art-moves-europe.eu\/joachim-kreutz\/","url":"https:\/\/www.art-moves-europe.eu\/joachim-kreutz\/","name":"Joachim Kreutz","isPartOf":{"@id":"https:\/\/www.art-moves-europe.eu\/#website"},"primaryImageOfPage":{"@id":"https:\/\/www.art-moves-europe.eu\/joachim-kreutz\/#primaryimage"},"image":{"@id":"https:\/\/www.art-moves-europe.eu\/joachim-kreutz\/#primaryimage"},"thumbnailUrl":"https:\/\/www.art-moves-europe.eu\/wp-content\/uploads\/2021\/04\/Kreutz098-SW-1024x800-klein.jpg","datePublished":"2021-04-12T08:17:25+00:00","dateModified":"2021-04-12T08:19:12+00:00","breadcrumb":{"@id":"https:\/\/www.art-moves-europe.eu\/joachim-kreutz\/#breadcrumb"},"inLanguage":"de-DE","potentialAction":[{"@type":"ReadAction","target":["https:\/\/www.art-moves-europe.eu\/joachim-kreutz\/"]}]},{"@type":"ImageObject","inLanguage":"de-DE","@id":"https:\/\/www.art-moves-europe.eu\/joachim-kreutz\/#primaryimage","url":"https:\/\/www.art-moves-europe.eu\/wp-content\/uploads\/2021\/04\/Kreutz098-SW-1024x800-klein.jpg","contentUrl":"https:\/\/www.art-moves-europe.eu\/wp-content\/uploads\/2021\/04\/Kreutz098-SW-1024x800-klein.jpg"},{"@type":"BreadcrumbList","@id":"https:\/\/www.art-moves-europe.eu\/joachim-kreutz\/#breadcrumb","itemListElement":[{"@type":"ListItem","position":1,"name":"Startseite","item":"https:\/\/www.art-moves-europe.eu\/"},{"@type":"ListItem","position":2,"name":"Joachim Kreutz"}]},{"@type":"WebSite","@id":"https:\/\/www.art-moves-europe.eu\/#website","url":"https:\/\/www.art-moves-europe.eu\/","name":"ART MOVES EUROPE e.V.","description":"","potentialAction":[{"@type":"SearchAction","target":{"@type":"EntryPoint","urlTemplate":"https:\/\/www.art-moves-europe.eu\/?s={search_term_string}"},"query-input":{"@type":"PropertyValueSpecification","valueRequired":true,"valueName":"search_term_string"}}],"inLanguage":"de-DE"}]}},"_links":{"self":[{"href":"https:\/\/www.art-moves-europe.eu\/de\/wp-json\/wp\/v2\/pages\/2472","targetHints":{"allow":["GET"]}}],"collection":[{"href":"https:\/\/www.art-moves-europe.eu\/de\/wp-json\/wp\/v2\/pages"}],"about":[{"href":"https:\/\/www.art-moves-europe.eu\/de\/wp-json\/wp\/v2\/types\/page"}],"author":[{"embeddable":true,"href":"https:\/\/www.art-moves-europe.eu\/de\/wp-json\/wp\/v2\/users\/2"}],"replies":[{"embeddable":true,"href":"https:\/\/www.art-moves-europe.eu\/de\/wp-json\/wp\/v2\/comments?post=2472"}],"version-history":[{"count":2,"href":"https:\/\/www.art-moves-europe.eu\/de\/wp-json\/wp\/v2\/pages\/2472\/revisions"}],"predecessor-version":[{"id":2475,"href":"https:\/\/www.art-moves-europe.eu\/de\/wp-json\/wp\/v2\/pages\/2472\/revisions\/2475"}],"wp:attachment":[{"href":"https:\/\/www.art-moves-europe.eu\/de\/wp-json\/wp\/v2\/media?parent=2472"}],"curies":[{"name":"wp","href":"https:\/\/api.w.org\/{rel}","templated":true}]}}