{"id":2498,"date":"2021-04-18T17:01:09","date_gmt":"2021-04-18T15:01:09","guid":{"rendered":"https:\/\/www.art-moves-europe.eu\/de\/?page_id=2498"},"modified":"2021-04-18T17:13:41","modified_gmt":"2021-04-18T15:13:41","slug":"ursula-mevissen-2","status":"publish","type":"page","link":"https:\/\/www.art-moves-europe.eu\/de\/ursula-mevissen-2\/","title":{"rendered":"Ursula Mevissen"},"content":{"rendered":"<table style=\"border-collapse: collapse; width: 100%;\">\n<tbody>\n<tr>\n<td style=\"width: 50%;\"><img loading=\"lazy\" decoding=\"async\" class=\"alignnone size-medium wp-image-2490\" src=\"https:\/\/www.art-moves-europe.eu\/wp-content\/uploads\/2021\/04\/Ulla-300x238.jpg\" alt=\"\" width=\"300\" height=\"238\" srcset=\"https:\/\/www.art-moves-europe.eu\/wp-content\/uploads\/2021\/04\/Ulla-300x238.jpg 300w, https:\/\/www.art-moves-europe.eu\/wp-content\/uploads\/2021\/04\/Ulla-768x608.jpg 768w, https:\/\/www.art-moves-europe.eu\/wp-content\/uploads\/2021\/04\/Ulla.jpg 961w\" sizes=\"auto, (max-width: 300px) 100vw, 300px\" \/><\/td>\n<td style=\"width: 50%;\">Europa ist durcheinandergeraten!<\/p>\n<p>Wirtschaftliche Interessen, eine zunehmend nationalistische Gesinnung, dies insbesondere getriggert durch populistische Politiker, die eine andere Staatsform als Demokratie durchsetzen wollen, bedrohen die Errungenschaften der letzen 70 Jahre in Europa.<\/p>\n<p>Aber sind die Menschen wirklich so? Wir haben Freunde und ein Netzwerk von K\u00fcnstlern in ganz Europa und uns einen viele Gedanken trotz aller Unterschiedlichkeit. Kunst, Musik und Sport, die Sorge um die Familie, die Vielfalt der Speisen, die Freude am Reisen, die Begegnung mit der Geschichte, Offenheit f\u00fcr andere Kulturen, das ist Europa!<\/p>\n<p>Sch\u00f6n w\u00e4re es, wenn wir diese Ordnung f\u00e4nden!<\/td>\n<\/tr>\n<tr>\n<td style=\"width: 50%;\"><img loading=\"lazy\" decoding=\"async\" class=\"alignnone size-medium wp-image-2486\" src=\"https:\/\/www.art-moves-europe.eu\/wp-content\/uploads\/2021\/04\/Europa-Ordne-dich-Ulla-500-300x300.jpg\" alt=\"\" width=\"300\" height=\"300\" srcset=\"https:\/\/www.art-moves-europe.eu\/wp-content\/uploads\/2021\/04\/Europa-Ordne-dich-Ulla-500-300x300.jpg 300w, https:\/\/www.art-moves-europe.eu\/wp-content\/uploads\/2021\/04\/Europa-Ordne-dich-Ulla-500-150x150.jpg 150w, https:\/\/www.art-moves-europe.eu\/wp-content\/uploads\/2021\/04\/Europa-Ordne-dich-Ulla-500.jpg 500w\" sizes=\"auto, (max-width: 300px) 100vw, 300px\" \/><\/td>\n<td style=\"width: 50%;\"><img loading=\"lazy\" decoding=\"async\" class=\"alignnone size-medium wp-image-2485\" src=\"https:\/\/www.art-moves-europe.eu\/wp-content\/uploads\/2021\/04\/Europa-Ulla-500-300x300.jpg\" alt=\"\" width=\"300\" height=\"300\" srcset=\"https:\/\/www.art-moves-europe.eu\/wp-content\/uploads\/2021\/04\/Europa-Ulla-500-300x300.jpg 300w, https:\/\/www.art-moves-europe.eu\/wp-content\/uploads\/2021\/04\/Europa-Ulla-500-150x150.jpg 150w, https:\/\/www.art-moves-europe.eu\/wp-content\/uploads\/2021\/04\/Europa-Ulla-500.jpg 500w\" sizes=\"auto, (max-width: 300px) 100vw, 300px\" \/><\/td>\n<\/tr>\n<\/tbody>\n<\/table>\n","protected":false},"excerpt":{"rendered":"<p>Europa ist durcheinandergeraten! Wirtschaftliche Interessen, eine zunehmend nationalistische Gesinnung, dies insbesondere getriggert durch populistische Politiker, die eine andere Staatsform als[&#8230;]<\/p>\n","protected":false},"author":2,"featured_media":0,"parent":0,"menu_order":0,"comment_status":"closed","ping_status":"closed","template":"","meta":{"ngg_post_thumbnail":0,"footnotes":""},"class_list":["post-2498","page","type-page","status-publish","hentry"],"yoast_head":"<!-- This site is optimized with the Yoast SEO plugin v27.4 - https:\/\/yoast.com\/product\/yoast-seo-wordpress\/ -->\n<title>Ursula Mevissen<\/title>\n<meta name=\"robots\" content=\"index, follow, max-snippet:-1, max-image-preview:large, max-video-preview:-1\" \/>\n<link rel=\"canonical\" href=\"https:\/\/www.art-moves-europe.eu\/de\/ursula-mevissen-2\/\" \/>\n<meta property=\"og:locale\" content=\"de_DE\" \/>\n<meta property=\"og:locale:alternate\" content=\"en_US\" \/>\n<meta property=\"og:type\" content=\"article\" \/>\n<meta property=\"og:title\" content=\"Ursula Mevissen\" \/>\n<meta property=\"og:description\" content=\"Europa ist durcheinandergeraten! Wirtschaftliche Interessen, eine zunehmend nationalistische Gesinnung, dies insbesondere getriggert durch populistische Politiker, die eine andere Staatsform als[...]\" \/>\n<meta property=\"og:url\" content=\"https:\/\/www.art-moves-europe.eu\/de\/ursula-mevissen-2\/\" \/>\n<meta property=\"og:site_name\" content=\"ART MOVES EUROPE e.V.\" \/>\n<meta property=\"article:modified_time\" content=\"2021-04-18T15:13:41+00:00\" \/>\n<meta property=\"og:image\" content=\"https:\/\/www.art-moves-europe.eu\/wp-content\/uploads\/2021\/04\/Ulla-300x238.jpg\" \/>\n<meta name=\"twitter:card\" content=\"summary_large_image\" \/>\n<meta name=\"twitter:label1\" content=\"Gesch\u00e4tzte Lesezeit\" \/>\n\t<meta name=\"twitter:data1\" content=\"2\u00a0Minuten\" \/>\n<script type=\"application\/ld+json\" class=\"yoast-schema-graph\">{\"@context\":\"https:\\\/\\\/schema.org\",\"@graph\":[{\"@type\":\"WebPage\",\"@id\":\"https:\\\/\\\/www.art-moves-europe.eu\\\/de\\\/ursula-mevissen-2\\\/\",\"url\":\"https:\\\/\\\/www.art-moves-europe.eu\\\/de\\\/ursula-mevissen-2\\\/\",\"name\":\"Ursula Mevissen\",\"isPartOf\":{\"@id\":\"https:\\\/\\\/www.art-moves-europe.eu\\\/#website\"},\"primaryImageOfPage\":{\"@id\":\"https:\\\/\\\/www.art-moves-europe.eu\\\/de\\\/ursula-mevissen-2\\\/#primaryimage\"},\"image\":{\"@id\":\"https:\\\/\\\/www.art-moves-europe.eu\\\/de\\\/ursula-mevissen-2\\\/#primaryimage\"},\"thumbnailUrl\":\"https:\\\/\\\/www.art-moves-europe.eu\\\/wp-content\\\/uploads\\\/2021\\\/04\\\/Ulla-300x238.jpg\",\"datePublished\":\"2021-04-18T15:01:09+00:00\",\"dateModified\":\"2021-04-18T15:13:41+00:00\",\"breadcrumb\":{\"@id\":\"https:\\\/\\\/www.art-moves-europe.eu\\\/de\\\/ursula-mevissen-2\\\/#breadcrumb\"},\"inLanguage\":\"de-DE\",\"potentialAction\":[{\"@type\":\"ReadAction\",\"target\":[\"https:\\\/\\\/www.art-moves-europe.eu\\\/de\\\/ursula-mevissen-2\\\/\"]}]},{\"@type\":\"ImageObject\",\"inLanguage\":\"de-DE\",\"@id\":\"https:\\\/\\\/www.art-moves-europe.eu\\\/de\\\/ursula-mevissen-2\\\/#primaryimage\",\"url\":\"https:\\\/\\\/www.art-moves-europe.eu\\\/wp-content\\\/uploads\\\/2021\\\/04\\\/Ulla-300x238.jpg\",\"contentUrl\":\"https:\\\/\\\/www.art-moves-europe.eu\\\/wp-content\\\/uploads\\\/2021\\\/04\\\/Ulla-300x238.jpg\"},{\"@type\":\"BreadcrumbList\",\"@id\":\"https:\\\/\\\/www.art-moves-europe.eu\\\/de\\\/ursula-mevissen-2\\\/#breadcrumb\",\"itemListElement\":[{\"@type\":\"ListItem\",\"position\":1,\"name\":\"Startseite\",\"item\":\"https:\\\/\\\/www.art-moves-europe.eu\\\/\"},{\"@type\":\"ListItem\",\"position\":2,\"name\":\"Ursula Mevissen\"}]},{\"@type\":\"WebSite\",\"@id\":\"https:\\\/\\\/www.art-moves-europe.eu\\\/#website\",\"url\":\"https:\\\/\\\/www.art-moves-europe.eu\\\/\",\"name\":\"ART MOVES EUROPE e.V.\",\"description\":\"\",\"potentialAction\":[{\"@type\":\"SearchAction\",\"target\":{\"@type\":\"EntryPoint\",\"urlTemplate\":\"https:\\\/\\\/www.art-moves-europe.eu\\\/?s={search_term_string}\"},\"query-input\":{\"@type\":\"PropertyValueSpecification\",\"valueRequired\":true,\"valueName\":\"search_term_string\"}}],\"inLanguage\":\"de-DE\"}]}<\/script>\n<!-- \/ Yoast SEO plugin. -->","yoast_head_json":{"title":"Ursula Mevissen","robots":{"index":"index","follow":"follow","max-snippet":"max-snippet:-1","max-image-preview":"max-image-preview:large","max-video-preview":"max-video-preview:-1"},"canonical":"https:\/\/www.art-moves-europe.eu\/de\/ursula-mevissen-2\/","og_locale":"de_DE","og_type":"article","og_title":"[:en]Ursula Mevissen[:de]Ursula Mevissen[:] - ART MOVES EUROPE e.V.","og_description":"Europa ist durcheinandergeraten! Wirtschaftliche Interessen, eine zunehmend nationalistische Gesinnung, dies insbesondere getriggert durch populistische Politiker, die eine andere Staatsform als[...]","og_url":"https:\/\/www.art-moves-europe.eu\/de\/ursula-mevissen-2\/","og_site_name":"ART MOVES EUROPE e.V.","article_modified_time":"2021-04-18T15:13:41+00:00","og_image":[{"url":"https:\/\/www.art-moves-europe.eu\/wp-content\/uploads\/2021\/04\/Ulla-300x238.jpg","type":"","width":"","height":""}],"twitter_card":"summary_large_image","twitter_misc":{"Gesch\u00e4tzte Lesezeit":"2\u00a0Minuten"},"schema":{"@context":"https:\/\/schema.org","@graph":[{"@type":"WebPage","@id":"https:\/\/www.art-moves-europe.eu\/de\/ursula-mevissen-2\/","url":"https:\/\/www.art-moves-europe.eu\/de\/ursula-mevissen-2\/","name":"Ursula Mevissen","isPartOf":{"@id":"https:\/\/www.art-moves-europe.eu\/#website"},"primaryImageOfPage":{"@id":"https:\/\/www.art-moves-europe.eu\/de\/ursula-mevissen-2\/#primaryimage"},"image":{"@id":"https:\/\/www.art-moves-europe.eu\/de\/ursula-mevissen-2\/#primaryimage"},"thumbnailUrl":"https:\/\/www.art-moves-europe.eu\/wp-content\/uploads\/2021\/04\/Ulla-300x238.jpg","datePublished":"2021-04-18T15:01:09+00:00","dateModified":"2021-04-18T15:13:41+00:00","breadcrumb":{"@id":"https:\/\/www.art-moves-europe.eu\/de\/ursula-mevissen-2\/#breadcrumb"},"inLanguage":"de-DE","potentialAction":[{"@type":"ReadAction","target":["https:\/\/www.art-moves-europe.eu\/de\/ursula-mevissen-2\/"]}]},{"@type":"ImageObject","inLanguage":"de-DE","@id":"https:\/\/www.art-moves-europe.eu\/de\/ursula-mevissen-2\/#primaryimage","url":"https:\/\/www.art-moves-europe.eu\/wp-content\/uploads\/2021\/04\/Ulla-300x238.jpg","contentUrl":"https:\/\/www.art-moves-europe.eu\/wp-content\/uploads\/2021\/04\/Ulla-300x238.jpg"},{"@type":"BreadcrumbList","@id":"https:\/\/www.art-moves-europe.eu\/de\/ursula-mevissen-2\/#breadcrumb","itemListElement":[{"@type":"ListItem","position":1,"name":"Startseite","item":"https:\/\/www.art-moves-europe.eu\/"},{"@type":"ListItem","position":2,"name":"Ursula Mevissen"}]},{"@type":"WebSite","@id":"https:\/\/www.art-moves-europe.eu\/#website","url":"https:\/\/www.art-moves-europe.eu\/","name":"ART MOVES EUROPE e.V.","description":"","potentialAction":[{"@type":"SearchAction","target":{"@type":"EntryPoint","urlTemplate":"https:\/\/www.art-moves-europe.eu\/?s={search_term_string}"},"query-input":{"@type":"PropertyValueSpecification","valueRequired":true,"valueName":"search_term_string"}}],"inLanguage":"de-DE"}]}},"_links":{"self":[{"href":"https:\/\/www.art-moves-europe.eu\/de\/wp-json\/wp\/v2\/pages\/2498","targetHints":{"allow":["GET"]}}],"collection":[{"href":"https:\/\/www.art-moves-europe.eu\/de\/wp-json\/wp\/v2\/pages"}],"about":[{"href":"https:\/\/www.art-moves-europe.eu\/de\/wp-json\/wp\/v2\/types\/page"}],"author":[{"embeddable":true,"href":"https:\/\/www.art-moves-europe.eu\/de\/wp-json\/wp\/v2\/users\/2"}],"replies":[{"embeddable":true,"href":"https:\/\/www.art-moves-europe.eu\/de\/wp-json\/wp\/v2\/comments?post=2498"}],"version-history":[{"count":3,"href":"https:\/\/www.art-moves-europe.eu\/de\/wp-json\/wp\/v2\/pages\/2498\/revisions"}],"predecessor-version":[{"id":2503,"href":"https:\/\/www.art-moves-europe.eu\/de\/wp-json\/wp\/v2\/pages\/2498\/revisions\/2503"}],"wp:attachment":[{"href":"https:\/\/www.art-moves-europe.eu\/de\/wp-json\/wp\/v2\/media?parent=2498"}],"curies":[{"name":"wp","href":"https:\/\/api.w.org\/{rel}","templated":true}]}}