{"id":2570,"date":"2021-05-04T14:53:38","date_gmt":"2021-05-04T12:53:38","guid":{"rendered":"https:\/\/www.art-moves-europe.eu\/de\/?page_id=2570"},"modified":"2021-05-04T14:54:17","modified_gmt":"2021-05-04T12:54:17","slug":"gabriele-hartmanns","status":"publish","type":"page","link":"https:\/\/www.art-moves-europe.eu\/de\/gabriele-hartmanns\/","title":{"rendered":"Gabriele Hartmanns"},"content":{"rendered":"<table style=\"border-collapse: collapse; width: 100%;\">\n<tbody>\n<tr>\n<td style=\"width: 48.8422%;\"><img loading=\"lazy\" decoding=\"async\" class=\"alignnone size-medium wp-image-2566\" src=\"https:\/\/www.art-moves-europe.eu\/wp-content\/uploads\/2021\/05\/Stoff-Gabriele-Hartmanns-300x300.jpg\" alt=\"\" width=\"300\" height=\"300\"><\/td>\n<td style=\"width: 51.1578%;\">Gabriele Hartmanns<\/p>\n<p>www.bon-say.de<\/p>\n<p>info@bon-say.de<\/p>\n<p>&nbsp;<\/td>\n<\/tr>\n<tr>\n<td style=\"width: 100%;\" colspan=\"2\">Mein Beitrag &#8222;Fenster f\u00fcr Europa&#8220;besteht aus Gardinenstoff&nbsp; und L\u00f6chern, dahinter Ausblicke auf bedrucktes Aquarellpapier -namentlich die Buchcover : Schneckentempo, Wunschtr\u00e4ume und Abenteuerland &#8211; Titel die <strong><em>auch<\/em><\/strong> die Pers\u00f6nlichkeit der Dame Europa charakteriesieren<\/td>\n<\/tr>\n<\/tbody>\n<\/table>\n","protected":false},"excerpt":{"rendered":"<p>Gabriele Hartmanns www.bon-say.de info@bon-say.de &nbsp; Mein Beitrag &#8222;Fenster f\u00fcr Europa&#8220;besteht aus Gardinenstoff&nbsp; und L\u00f6chern, dahinter Ausblicke auf bedrucktes Aquarellpapier -namentlich[&#8230;]<\/p>\n","protected":false},"author":2,"featured_media":0,"parent":0,"menu_order":0,"comment_status":"closed","ping_status":"closed","template":"","meta":{"ngg_post_thumbnail":0,"footnotes":""},"class_list":["post-2570","page","type-page","status-publish","hentry"],"yoast_head":"<!-- This site is optimized with the Yoast SEO plugin v27.3 - https:\/\/yoast.com\/product\/yoast-seo-wordpress\/ -->\n<title>Gabriele Hartmanns<\/title>\n<meta name=\"robots\" content=\"index, follow, max-snippet:-1, max-image-preview:large, max-video-preview:-1\" \/>\n<link rel=\"canonical\" href=\"https:\/\/www.art-moves-europe.eu\/de\/gabriele-hartmanns\/\" \/>\n<meta property=\"og:locale\" content=\"de_DE\" \/>\n<meta property=\"og:locale:alternate\" content=\"en_US\" \/>\n<meta property=\"og:type\" content=\"article\" \/>\n<meta property=\"og:title\" content=\"Gabriele Hartmanns\" \/>\n<meta property=\"og:description\" content=\"Gabriele Hartmanns www.bon-say.de info@bon-say.de &nbsp; Mein Beitrag &#8222;Fenster f\u00fcr Europa&#8220;besteht aus Gardinenstoff&nbsp; und L\u00f6chern, dahinter Ausblicke auf bedrucktes Aquarellpapier -namentlich[...]\" \/>\n<meta property=\"og:url\" content=\"https:\/\/www.art-moves-europe.eu\/de\/gabriele-hartmanns\/\" \/>\n<meta property=\"og:site_name\" content=\"ART MOVES EUROPE e.V.\" \/>\n<meta property=\"article:modified_time\" content=\"2021-05-04T12:54:17+00:00\" \/>\n<meta property=\"og:image\" content=\"https:\/\/www.art-moves-europe.eu\/wp-content\/uploads\/2021\/05\/Stoff-Gabriele-Hartmanns-300x300.jpg\" \/>\n<meta name=\"twitter:card\" content=\"summary_large_image\" \/>\n<meta name=\"twitter:label1\" content=\"Gesch\u00e4tzte Lesezeit\" \/>\n\t<meta name=\"twitter:data1\" content=\"1\u00a0Minute\" \/>\n<script type=\"application\/ld+json\" class=\"yoast-schema-graph\">{\"@context\":\"https:\\\/\\\/schema.org\",\"@graph\":[{\"@type\":\"WebPage\",\"@id\":\"https:\\\/\\\/www.art-moves-europe.eu\\\/gabriele-hartmanns\\\/\",\"url\":\"https:\\\/\\\/www.art-moves-europe.eu\\\/gabriele-hartmanns\\\/\",\"name\":\"Gabriele Hartmanns\",\"isPartOf\":{\"@id\":\"https:\\\/\\\/www.art-moves-europe.eu\\\/#website\"},\"primaryImageOfPage\":{\"@id\":\"https:\\\/\\\/www.art-moves-europe.eu\\\/gabriele-hartmanns\\\/#primaryimage\"},\"image\":{\"@id\":\"https:\\\/\\\/www.art-moves-europe.eu\\\/gabriele-hartmanns\\\/#primaryimage\"},\"thumbnailUrl\":\"https:\\\/\\\/www.art-moves-europe.eu\\\/wp-content\\\/uploads\\\/2021\\\/05\\\/Stoff-Gabriele-Hartmanns-300x300.jpg\",\"datePublished\":\"2021-05-04T12:53:38+00:00\",\"dateModified\":\"2021-05-04T12:54:17+00:00\",\"breadcrumb\":{\"@id\":\"https:\\\/\\\/www.art-moves-europe.eu\\\/gabriele-hartmanns\\\/#breadcrumb\"},\"inLanguage\":\"de-DE\",\"potentialAction\":[{\"@type\":\"ReadAction\",\"target\":[\"https:\\\/\\\/www.art-moves-europe.eu\\\/gabriele-hartmanns\\\/\"]}]},{\"@type\":\"ImageObject\",\"inLanguage\":\"de-DE\",\"@id\":\"https:\\\/\\\/www.art-moves-europe.eu\\\/gabriele-hartmanns\\\/#primaryimage\",\"url\":\"https:\\\/\\\/www.art-moves-europe.eu\\\/wp-content\\\/uploads\\\/2021\\\/05\\\/Stoff-Gabriele-Hartmanns-300x300.jpg\",\"contentUrl\":\"https:\\\/\\\/www.art-moves-europe.eu\\\/wp-content\\\/uploads\\\/2021\\\/05\\\/Stoff-Gabriele-Hartmanns-300x300.jpg\"},{\"@type\":\"BreadcrumbList\",\"@id\":\"https:\\\/\\\/www.art-moves-europe.eu\\\/gabriele-hartmanns\\\/#breadcrumb\",\"itemListElement\":[{\"@type\":\"ListItem\",\"position\":1,\"name\":\"Startseite\",\"item\":\"https:\\\/\\\/www.art-moves-europe.eu\\\/\"},{\"@type\":\"ListItem\",\"position\":2,\"name\":\"Automatisch gespeicherter Entwurf\"}]},{\"@type\":\"WebSite\",\"@id\":\"https:\\\/\\\/www.art-moves-europe.eu\\\/#website\",\"url\":\"https:\\\/\\\/www.art-moves-europe.eu\\\/\",\"name\":\"ART MOVES EUROPE e.V.\",\"description\":\"\",\"potentialAction\":[{\"@type\":\"SearchAction\",\"target\":{\"@type\":\"EntryPoint\",\"urlTemplate\":\"https:\\\/\\\/www.art-moves-europe.eu\\\/?s={search_term_string}\"},\"query-input\":{\"@type\":\"PropertyValueSpecification\",\"valueRequired\":true,\"valueName\":\"search_term_string\"}}],\"inLanguage\":\"de-DE\"}]}<\/script>\n<!-- \/ Yoast SEO plugin. -->","yoast_head_json":{"title":"Gabriele Hartmanns","robots":{"index":"index","follow":"follow","max-snippet":"max-snippet:-1","max-image-preview":"max-image-preview:large","max-video-preview":"max-video-preview:-1"},"canonical":"https:\/\/www.art-moves-europe.eu\/de\/gabriele-hartmanns\/","og_locale":"de_DE","og_type":"article","og_title":"[:en]Automatisch gespeicherter Entwurf[:de]Gabriele Hartmanns[:] - ART MOVES EUROPE e.V.","og_description":"Gabriele Hartmanns www.bon-say.de info@bon-say.de &nbsp; Mein Beitrag &#8222;Fenster f\u00fcr Europa&#8220;besteht aus Gardinenstoff&nbsp; und L\u00f6chern, dahinter Ausblicke auf bedrucktes Aquarellpapier -namentlich[...]","og_url":"https:\/\/www.art-moves-europe.eu\/de\/gabriele-hartmanns\/","og_site_name":"ART MOVES EUROPE e.V.","article_modified_time":"2021-05-04T12:54:17+00:00","og_image":[{"url":"https:\/\/www.art-moves-europe.eu\/wp-content\/uploads\/2021\/05\/Stoff-Gabriele-Hartmanns-300x300.jpg","type":"","width":"","height":""}],"twitter_card":"summary_large_image","twitter_misc":{"Gesch\u00e4tzte Lesezeit":"1\u00a0Minute"},"schema":{"@context":"https:\/\/schema.org","@graph":[{"@type":"WebPage","@id":"https:\/\/www.art-moves-europe.eu\/gabriele-hartmanns\/","url":"https:\/\/www.art-moves-europe.eu\/gabriele-hartmanns\/","name":"Gabriele Hartmanns","isPartOf":{"@id":"https:\/\/www.art-moves-europe.eu\/#website"},"primaryImageOfPage":{"@id":"https:\/\/www.art-moves-europe.eu\/gabriele-hartmanns\/#primaryimage"},"image":{"@id":"https:\/\/www.art-moves-europe.eu\/gabriele-hartmanns\/#primaryimage"},"thumbnailUrl":"https:\/\/www.art-moves-europe.eu\/wp-content\/uploads\/2021\/05\/Stoff-Gabriele-Hartmanns-300x300.jpg","datePublished":"2021-05-04T12:53:38+00:00","dateModified":"2021-05-04T12:54:17+00:00","breadcrumb":{"@id":"https:\/\/www.art-moves-europe.eu\/gabriele-hartmanns\/#breadcrumb"},"inLanguage":"de-DE","potentialAction":[{"@type":"ReadAction","target":["https:\/\/www.art-moves-europe.eu\/gabriele-hartmanns\/"]}]},{"@type":"ImageObject","inLanguage":"de-DE","@id":"https:\/\/www.art-moves-europe.eu\/gabriele-hartmanns\/#primaryimage","url":"https:\/\/www.art-moves-europe.eu\/wp-content\/uploads\/2021\/05\/Stoff-Gabriele-Hartmanns-300x300.jpg","contentUrl":"https:\/\/www.art-moves-europe.eu\/wp-content\/uploads\/2021\/05\/Stoff-Gabriele-Hartmanns-300x300.jpg"},{"@type":"BreadcrumbList","@id":"https:\/\/www.art-moves-europe.eu\/gabriele-hartmanns\/#breadcrumb","itemListElement":[{"@type":"ListItem","position":1,"name":"Startseite","item":"https:\/\/www.art-moves-europe.eu\/"},{"@type":"ListItem","position":2,"name":"Automatisch gespeicherter Entwurf"}]},{"@type":"WebSite","@id":"https:\/\/www.art-moves-europe.eu\/#website","url":"https:\/\/www.art-moves-europe.eu\/","name":"ART MOVES EUROPE e.V.","description":"","potentialAction":[{"@type":"SearchAction","target":{"@type":"EntryPoint","urlTemplate":"https:\/\/www.art-moves-europe.eu\/?s={search_term_string}"},"query-input":{"@type":"PropertyValueSpecification","valueRequired":true,"valueName":"search_term_string"}}],"inLanguage":"de-DE"}]}},"_links":{"self":[{"href":"https:\/\/www.art-moves-europe.eu\/de\/wp-json\/wp\/v2\/pages\/2570","targetHints":{"allow":["GET"]}}],"collection":[{"href":"https:\/\/www.art-moves-europe.eu\/de\/wp-json\/wp\/v2\/pages"}],"about":[{"href":"https:\/\/www.art-moves-europe.eu\/de\/wp-json\/wp\/v2\/types\/page"}],"author":[{"embeddable":true,"href":"https:\/\/www.art-moves-europe.eu\/de\/wp-json\/wp\/v2\/users\/2"}],"replies":[{"embeddable":true,"href":"https:\/\/www.art-moves-europe.eu\/de\/wp-json\/wp\/v2\/comments?post=2570"}],"version-history":[{"count":2,"href":"https:\/\/www.art-moves-europe.eu\/de\/wp-json\/wp\/v2\/pages\/2570\/revisions"}],"predecessor-version":[{"id":2572,"href":"https:\/\/www.art-moves-europe.eu\/de\/wp-json\/wp\/v2\/pages\/2570\/revisions\/2572"}],"wp:attachment":[{"href":"https:\/\/www.art-moves-europe.eu\/de\/wp-json\/wp\/v2\/media?parent=2570"}],"curies":[{"name":"wp","href":"https:\/\/api.w.org\/{rel}","templated":true}]}}