{"id":2873,"date":"2022-01-20T10:48:57","date_gmt":"2022-01-20T09:48:57","guid":{"rendered":"https:\/\/www.art-moves-europe.eu\/de\/?page_id=2873"},"modified":"2022-01-31T14:50:44","modified_gmt":"2022-01-31T13:50:44","slug":"gudrun-baldus","status":"publish","type":"page","link":"https:\/\/www.art-moves-europe.eu\/de\/gudrun-baldus\/","title":{"rendered":"Gudrun Baldus"},"content":{"rendered":"<p><img loading=\"lazy\" decoding=\"async\" class=\"alignnone size-medium wp-image-2874\" src=\"https:\/\/www.art-moves-europe.eu\/wp-content\/uploads\/2022\/01\/271820579_4824931924258274_4011558825276717465_n-225x300.jpg\" alt=\"\" width=\"225\" height=\"300\" srcset=\"https:\/\/www.art-moves-europe.eu\/wp-content\/uploads\/2022\/01\/271820579_4824931924258274_4011558825276717465_n-225x300.jpg 225w, https:\/\/www.art-moves-europe.eu\/wp-content\/uploads\/2022\/01\/271820579_4824931924258274_4011558825276717465_n.jpg 720w\" sizes=\"auto, (max-width: 225px) 100vw, 225px\" \/><\/p>\n<div class=\"\">Europa ist ein Zusammenschluss aus Ungleichem. Das birgt viele M\u00f6glichkeiten, aber auch Schwierigkeiten. Diese Ungleichheiten dr\u00fccken sich in meinem Stoff f\u00fcr Europa in unterschiedlichen Stoffen, Farben und Mustern aus. Abdeckungen verbinden oder trennen. Die R\u00e4nder sind vers\u00e4ubert oder unges\u00e4umt und fransen aus. Farben und Muster erg\u00e4nzen sich oder stehen unverbunden nebeneinander. Ein Rei\u00dfverschluss kann offen oder geschlossen sein, wie Verbindungen, Grenzen. Er zeigt ge\u00f6ffnet Gelerntes (die Europa-Farben) und Unerwartetes (kein Stier steht hier f\u00fcr Europa sondern ein Hirsch).<\/div>\n<div class=\"\">&nbsp;<\/div>\n<div class=\"\">Eine zweite Ebene bezieht sich auf Geschichte, Kultur und Ausrichtung.&nbsp;<\/div>\n<div class=\"\">&nbsp;<\/div>\n<div class=\"\">Jason brachte mit seinen Argonauten das Goldene Vlies nach Europa.&nbsp;<\/div>\n<div class=\"\">Die Boote auf dem t\u00fcrkisblauen Meer, das Mittelmeer, Mare Nostrum, unser Meer.&nbsp;<\/div>\n<div class=\"\">Der gelbe Stoff, mit einem Knopf befestigt, als Goldenes Vlies.<\/div>\n<div class=\"\">&nbsp;<\/div>\n<div class=\"\">Kreise mit Zirkelschlag als Konstruktionsgrundlage f\u00fcr die Kathedralen.<\/div>\n<div class=\"\">&nbsp;<\/div>\n<div class=\"\">Schmetterlinge f\u00fcr die Naturwissenschaften und die Vernunft der Aufkl\u00e4rung.<\/div>\n<div class=\"\">&nbsp;<\/div>\n<div class=\"\">Geordnete Buntheit gegen schwarze Wolke.<\/div>\n<div class=\"\">&nbsp;<\/div>\n<div class=\"\">Rote Sterne, wie in der amerikanischen Flagge geordnet (aber nicht blau), sind zum Teil gelb gef\u00e4rbt.<\/div>\n<div class=\"\">&nbsp;<\/div>\n<div class=\"\">Es bleibt vieles offen, was Europa betrifft. Bis vor zwei Jahren war ich optimistisch, aber die Corona-Krise zeigt deutlich eine Entwicklung der Gesellschaften weg von Klarheit und Vernunft hin zu egoistischen, nationalistischen Emotionen. Eine neue Romantik, die sich wieder von der Vernunft abwendet. Das beunruhigt mich. Ich habe f\u00fcr meinen Stoff f\u00fcr Europa trotzdem keine distopische Variante gew\u00e4hlt. Vielleicht siegt doch die Vernunft.<\/div>\n<div class=\"\">&nbsp;<\/div>\n<div class=\"\">Mein Werk besteht aus unterschiedlichen Stoffen, Einb\u00fcgelvlies, N\u00e4hgarn, einem vorhandenen Siebdruck (Hirsch), blauer und gelber Farbe, einem Rei\u00dfverschluss, einem Knopf, Merinowolle.<\/div>\n<div class=\"\">&nbsp;<\/div>\n<div class=\"\">Gearbeitet habe ich ausgehend von der Idee des Adhocismus. Ich habe vorhandene Stoffe verbunden und die Ideen entstanden gleichzeitig mit dem Fortschritt der Arbeit.<\/div>\n<div class=\"\">&nbsp;<\/div>\n<div class=\"\">\u00dcber mich:<\/div>\n<div class=\"\">&nbsp;<\/div>\n<div class=\"\">Gudrun Baldus<\/div>\n<div class=\"\">Geb. 02.07.1966<\/div>\n<div class=\"\">&nbsp;<\/div>\n<div class=\"\">Ich arbeite in unserer Werbeagentur in den Bereichen Konzept, Kreation und Kommunikation.<\/div>\n<div class=\"\"><span class=\"\">N\u00e4heres: <a class=\"\" href=\"http:\/\/www.gudrun-baldus.de\/\">www.gudrun-baldus.de<\/a> und <a class=\"\" href=\"http:\/\/www.wesieben.de\/\">www.wesieben.de<\/a><\/span><\/div>\n<div class=\"\">&nbsp;<\/div>\n<div class=\"\">Kunst ist ein so wesentlicher Bestandteil des menschlichen Lebens und ich bin sehr froh aktiv an diesem Projekt teilnehmen zu k\u00f6nnen. Vielen Dank daf\u00fcr.<\/div>\n<p>&nbsp;<\/p>\n","protected":false},"excerpt":{"rendered":"<p>Europa ist ein Zusammenschluss aus Ungleichem. Das birgt viele M\u00f6glichkeiten, aber auch Schwierigkeiten. Diese Ungleichheiten dr\u00fccken sich in meinem Stoff[&#8230;]<\/p>\n","protected":false},"author":2,"featured_media":0,"parent":0,"menu_order":0,"comment_status":"closed","ping_status":"closed","template":"","meta":{"ngg_post_thumbnail":0,"footnotes":""},"class_list":["post-2873","page","type-page","status-publish","hentry"],"yoast_head":"<!-- This site is optimized with the Yoast SEO plugin v27.3 - https:\/\/yoast.com\/product\/yoast-seo-wordpress\/ -->\n<title>Gudrun Baldus<\/title>\n<meta name=\"robots\" content=\"index, follow, max-snippet:-1, max-image-preview:large, max-video-preview:-1\" \/>\n<link rel=\"canonical\" href=\"https:\/\/www.art-moves-europe.eu\/de\/gudrun-baldus\/\" \/>\n<meta property=\"og:locale\" content=\"de_DE\" \/>\n<meta property=\"og:locale:alternate\" content=\"en_US\" \/>\n<meta property=\"og:type\" content=\"article\" \/>\n<meta property=\"og:title\" content=\"Gudrun Baldus\" \/>\n<meta property=\"og:description\" content=\"Europa ist ein Zusammenschluss aus Ungleichem. Das birgt viele M\u00f6glichkeiten, aber auch Schwierigkeiten. Diese Ungleichheiten dr\u00fccken sich in meinem Stoff[...]\" \/>\n<meta property=\"og:url\" content=\"https:\/\/www.art-moves-europe.eu\/de\/gudrun-baldus\/\" \/>\n<meta property=\"og:site_name\" content=\"ART MOVES EUROPE e.V.\" \/>\n<meta property=\"article:modified_time\" content=\"2022-01-31T13:50:44+00:00\" \/>\n<meta property=\"og:image\" content=\"https:\/\/www.art-moves-europe.eu\/wp-content\/uploads\/2022\/01\/271820579_4824931924258274_4011558825276717465_n-225x300.jpg\" \/>\n<meta name=\"twitter:card\" content=\"summary_large_image\" \/>\n<meta name=\"twitter:label1\" content=\"Gesch\u00e4tzte Lesezeit\" \/>\n\t<meta name=\"twitter:data1\" content=\"4\u00a0Minuten\" \/>\n<script type=\"application\/ld+json\" class=\"yoast-schema-graph\">{\"@context\":\"https:\\\/\\\/schema.org\",\"@graph\":[{\"@type\":\"WebPage\",\"@id\":\"https:\\\/\\\/www.art-moves-europe.eu\\\/de\\\/gudrun-baldus\\\/\",\"url\":\"https:\\\/\\\/www.art-moves-europe.eu\\\/de\\\/gudrun-baldus\\\/\",\"name\":\"Gudrun Baldus\",\"isPartOf\":{\"@id\":\"https:\\\/\\\/www.art-moves-europe.eu\\\/#website\"},\"primaryImageOfPage\":{\"@id\":\"https:\\\/\\\/www.art-moves-europe.eu\\\/de\\\/gudrun-baldus\\\/#primaryimage\"},\"image\":{\"@id\":\"https:\\\/\\\/www.art-moves-europe.eu\\\/de\\\/gudrun-baldus\\\/#primaryimage\"},\"thumbnailUrl\":\"https:\\\/\\\/www.art-moves-europe.eu\\\/wp-content\\\/uploads\\\/2022\\\/01\\\/271820579_4824931924258274_4011558825276717465_n-225x300.jpg\",\"datePublished\":\"2022-01-20T09:48:57+00:00\",\"dateModified\":\"2022-01-31T13:50:44+00:00\",\"breadcrumb\":{\"@id\":\"https:\\\/\\\/www.art-moves-europe.eu\\\/de\\\/gudrun-baldus\\\/#breadcrumb\"},\"inLanguage\":\"de-DE\",\"potentialAction\":[{\"@type\":\"ReadAction\",\"target\":[\"https:\\\/\\\/www.art-moves-europe.eu\\\/de\\\/gudrun-baldus\\\/\"]}]},{\"@type\":\"ImageObject\",\"inLanguage\":\"de-DE\",\"@id\":\"https:\\\/\\\/www.art-moves-europe.eu\\\/de\\\/gudrun-baldus\\\/#primaryimage\",\"url\":\"https:\\\/\\\/www.art-moves-europe.eu\\\/wp-content\\\/uploads\\\/2022\\\/01\\\/271820579_4824931924258274_4011558825276717465_n-225x300.jpg\",\"contentUrl\":\"https:\\\/\\\/www.art-moves-europe.eu\\\/wp-content\\\/uploads\\\/2022\\\/01\\\/271820579_4824931924258274_4011558825276717465_n-225x300.jpg\"},{\"@type\":\"BreadcrumbList\",\"@id\":\"https:\\\/\\\/www.art-moves-europe.eu\\\/de\\\/gudrun-baldus\\\/#breadcrumb\",\"itemListElement\":[{\"@type\":\"ListItem\",\"position\":1,\"name\":\"Startseite\",\"item\":\"https:\\\/\\\/www.art-moves-europe.eu\\\/\"},{\"@type\":\"ListItem\",\"position\":2,\"name\":\"Gudrun Baldus\"}]},{\"@type\":\"WebSite\",\"@id\":\"https:\\\/\\\/www.art-moves-europe.eu\\\/#website\",\"url\":\"https:\\\/\\\/www.art-moves-europe.eu\\\/\",\"name\":\"ART MOVES EUROPE e.V.\",\"description\":\"\",\"potentialAction\":[{\"@type\":\"SearchAction\",\"target\":{\"@type\":\"EntryPoint\",\"urlTemplate\":\"https:\\\/\\\/www.art-moves-europe.eu\\\/?s={search_term_string}\"},\"query-input\":{\"@type\":\"PropertyValueSpecification\",\"valueRequired\":true,\"valueName\":\"search_term_string\"}}],\"inLanguage\":\"de-DE\"}]}<\/script>\n<!-- \/ Yoast SEO plugin. -->","yoast_head_json":{"title":"Gudrun Baldus","robots":{"index":"index","follow":"follow","max-snippet":"max-snippet:-1","max-image-preview":"max-image-preview:large","max-video-preview":"max-video-preview:-1"},"canonical":"https:\/\/www.art-moves-europe.eu\/de\/gudrun-baldus\/","og_locale":"de_DE","og_type":"article","og_title":"[:en]Gudrun Baldus[:de]Gudrun Baldus[:] - ART MOVES EUROPE e.V.","og_description":"Europa ist ein Zusammenschluss aus Ungleichem. Das birgt viele M\u00f6glichkeiten, aber auch Schwierigkeiten. Diese Ungleichheiten dr\u00fccken sich in meinem Stoff[...]","og_url":"https:\/\/www.art-moves-europe.eu\/de\/gudrun-baldus\/","og_site_name":"ART MOVES EUROPE e.V.","article_modified_time":"2022-01-31T13:50:44+00:00","og_image":[{"url":"https:\/\/www.art-moves-europe.eu\/wp-content\/uploads\/2022\/01\/271820579_4824931924258274_4011558825276717465_n-225x300.jpg","type":"","width":"","height":""}],"twitter_card":"summary_large_image","twitter_misc":{"Gesch\u00e4tzte Lesezeit":"4\u00a0Minuten"},"schema":{"@context":"https:\/\/schema.org","@graph":[{"@type":"WebPage","@id":"https:\/\/www.art-moves-europe.eu\/de\/gudrun-baldus\/","url":"https:\/\/www.art-moves-europe.eu\/de\/gudrun-baldus\/","name":"Gudrun Baldus","isPartOf":{"@id":"https:\/\/www.art-moves-europe.eu\/#website"},"primaryImageOfPage":{"@id":"https:\/\/www.art-moves-europe.eu\/de\/gudrun-baldus\/#primaryimage"},"image":{"@id":"https:\/\/www.art-moves-europe.eu\/de\/gudrun-baldus\/#primaryimage"},"thumbnailUrl":"https:\/\/www.art-moves-europe.eu\/wp-content\/uploads\/2022\/01\/271820579_4824931924258274_4011558825276717465_n-225x300.jpg","datePublished":"2022-01-20T09:48:57+00:00","dateModified":"2022-01-31T13:50:44+00:00","breadcrumb":{"@id":"https:\/\/www.art-moves-europe.eu\/de\/gudrun-baldus\/#breadcrumb"},"inLanguage":"de-DE","potentialAction":[{"@type":"ReadAction","target":["https:\/\/www.art-moves-europe.eu\/de\/gudrun-baldus\/"]}]},{"@type":"ImageObject","inLanguage":"de-DE","@id":"https:\/\/www.art-moves-europe.eu\/de\/gudrun-baldus\/#primaryimage","url":"https:\/\/www.art-moves-europe.eu\/wp-content\/uploads\/2022\/01\/271820579_4824931924258274_4011558825276717465_n-225x300.jpg","contentUrl":"https:\/\/www.art-moves-europe.eu\/wp-content\/uploads\/2022\/01\/271820579_4824931924258274_4011558825276717465_n-225x300.jpg"},{"@type":"BreadcrumbList","@id":"https:\/\/www.art-moves-europe.eu\/de\/gudrun-baldus\/#breadcrumb","itemListElement":[{"@type":"ListItem","position":1,"name":"Startseite","item":"https:\/\/www.art-moves-europe.eu\/"},{"@type":"ListItem","position":2,"name":"Gudrun Baldus"}]},{"@type":"WebSite","@id":"https:\/\/www.art-moves-europe.eu\/#website","url":"https:\/\/www.art-moves-europe.eu\/","name":"ART MOVES EUROPE e.V.","description":"","potentialAction":[{"@type":"SearchAction","target":{"@type":"EntryPoint","urlTemplate":"https:\/\/www.art-moves-europe.eu\/?s={search_term_string}"},"query-input":{"@type":"PropertyValueSpecification","valueRequired":true,"valueName":"search_term_string"}}],"inLanguage":"de-DE"}]}},"_links":{"self":[{"href":"https:\/\/www.art-moves-europe.eu\/de\/wp-json\/wp\/v2\/pages\/2873","targetHints":{"allow":["GET"]}}],"collection":[{"href":"https:\/\/www.art-moves-europe.eu\/de\/wp-json\/wp\/v2\/pages"}],"about":[{"href":"https:\/\/www.art-moves-europe.eu\/de\/wp-json\/wp\/v2\/types\/page"}],"author":[{"embeddable":true,"href":"https:\/\/www.art-moves-europe.eu\/de\/wp-json\/wp\/v2\/users\/2"}],"replies":[{"embeddable":true,"href":"https:\/\/www.art-moves-europe.eu\/de\/wp-json\/wp\/v2\/comments?post=2873"}],"version-history":[{"count":8,"href":"https:\/\/www.art-moves-europe.eu\/de\/wp-json\/wp\/v2\/pages\/2873\/revisions"}],"predecessor-version":[{"id":2904,"href":"https:\/\/www.art-moves-europe.eu\/de\/wp-json\/wp\/v2\/pages\/2873\/revisions\/2904"}],"wp:attachment":[{"href":"https:\/\/www.art-moves-europe.eu\/de\/wp-json\/wp\/v2\/media?parent=2873"}],"curies":[{"name":"wp","href":"https:\/\/api.w.org\/{rel}","templated":true}]}}