{"id":2884,"date":"2022-01-20T11:24:07","date_gmt":"2022-01-20T10:24:07","guid":{"rendered":"https:\/\/www.art-moves-europe.eu\/de\/?page_id=2884"},"modified":"2022-01-20T11:28:37","modified_gmt":"2022-01-20T10:28:37","slug":"lena-denneng","status":"publish","type":"page","link":"https:\/\/www.art-moves-europe.eu\/de\/lena-denneng\/","title":{"rendered":"Lena Denneng"},"content":{"rendered":"<p>Ich habe meinem Beitrag den Titel &#8222;Zusammenhalten&#8220; gegeben. Motiv und Titel sollen Aufforderung sein, sich auf die Europ\u00e4ische Idee der Solidarit\u00e4t, die das Ganze st\u00e4rker macht, als Summe der Teile, zu besinnen und die Wertegemeinschaft wieder in den Vordergrund zu stellen. Beides scheint in der j\u00fcngeren Vergangenheit zugunsten der Verfolgung von vornehmlich nationaler Sonderinteressen einiger EU-Mitgl\u00f6iedsstaaten aus dem Fokus geraten zu sein<\/p>\n","protected":false},"excerpt":{"rendered":"<p>Ich habe meinem Beitrag den Titel &#8222;Zusammenhalten&#8220; gegeben. Motiv und Titel sollen Aufforderung sein, sich auf die Europ\u00e4ische Idee der[&#8230;]<\/p>\n","protected":false},"author":2,"featured_media":0,"parent":0,"menu_order":0,"comment_status":"closed","ping_status":"closed","template":"","meta":{"ngg_post_thumbnail":0,"footnotes":""},"class_list":["post-2884","page","type-page","status-publish","hentry"],"yoast_head":"<!-- This site is optimized with the Yoast SEO plugin v27.6 - https:\/\/yoast.com\/product\/yoast-seo-wordpress\/ -->\n<title>Lena Denneng<\/title>\n<meta name=\"robots\" content=\"index, follow, max-snippet:-1, max-image-preview:large, max-video-preview:-1\" \/>\n<link rel=\"canonical\" href=\"https:\/\/www.art-moves-europe.eu\/de\/lena-denneng\/\" \/>\n<meta property=\"og:locale\" content=\"de_DE\" \/>\n<meta property=\"og:locale:alternate\" content=\"en_US\" \/>\n<meta property=\"og:type\" content=\"article\" \/>\n<meta property=\"og:title\" content=\"Lena Denneng\" \/>\n<meta property=\"og:description\" content=\"Ich habe meinem Beitrag den Titel &#8222;Zusammenhalten&#8220; gegeben. Motiv und Titel sollen Aufforderung sein, sich auf die Europ\u00e4ische Idee der[...]\" \/>\n<meta property=\"og:url\" content=\"https:\/\/www.art-moves-europe.eu\/de\/lena-denneng\/\" \/>\n<meta property=\"og:site_name\" content=\"ART MOVES EUROPE e.V.\" \/>\n<meta property=\"article:modified_time\" content=\"2022-01-20T10:28:37+00:00\" \/>\n<meta name=\"twitter:card\" content=\"summary_large_image\" \/>\n<meta name=\"twitter:label1\" content=\"Gesch\u00e4tzte Lesezeit\" \/>\n\t<meta name=\"twitter:data1\" content=\"1\u00a0Minute\" \/>\n<script type=\"application\/ld+json\" class=\"yoast-schema-graph\">{\"@context\":\"https:\\\/\\\/schema.org\",\"@graph\":[{\"@type\":\"WebPage\",\"@id\":\"https:\\\/\\\/www.art-moves-europe.eu\\\/lena-denneng\\\/\",\"url\":\"https:\\\/\\\/www.art-moves-europe.eu\\\/lena-denneng\\\/\",\"name\":\"Lena Denneng\",\"isPartOf\":{\"@id\":\"https:\\\/\\\/www.art-moves-europe.eu\\\/#website\"},\"datePublished\":\"2022-01-20T10:24:07+00:00\",\"dateModified\":\"2022-01-20T10:28:37+00:00\",\"breadcrumb\":{\"@id\":\"https:\\\/\\\/www.art-moves-europe.eu\\\/lena-denneng\\\/#breadcrumb\"},\"inLanguage\":\"de-DE\",\"potentialAction\":[{\"@type\":\"ReadAction\",\"target\":[\"https:\\\/\\\/www.art-moves-europe.eu\\\/lena-denneng\\\/\"]}]},{\"@type\":\"BreadcrumbList\",\"@id\":\"https:\\\/\\\/www.art-moves-europe.eu\\\/lena-denneng\\\/#breadcrumb\",\"itemListElement\":[{\"@type\":\"ListItem\",\"position\":1,\"name\":\"Startseite\",\"item\":\"https:\\\/\\\/www.art-moves-europe.eu\\\/\"},{\"@type\":\"ListItem\",\"position\":2,\"name\":\"Lena Denneng\"}]},{\"@type\":\"WebSite\",\"@id\":\"https:\\\/\\\/www.art-moves-europe.eu\\\/#website\",\"url\":\"https:\\\/\\\/www.art-moves-europe.eu\\\/\",\"name\":\"ART MOVES EUROPE e.V.\",\"description\":\"\",\"potentialAction\":[{\"@type\":\"SearchAction\",\"target\":{\"@type\":\"EntryPoint\",\"urlTemplate\":\"https:\\\/\\\/www.art-moves-europe.eu\\\/?s={search_term_string}\"},\"query-input\":{\"@type\":\"PropertyValueSpecification\",\"valueRequired\":true,\"valueName\":\"search_term_string\"}}],\"inLanguage\":\"de-DE\"}]}<\/script>\n<!-- \/ Yoast SEO plugin. -->","yoast_head_json":{"title":"Lena Denneng","robots":{"index":"index","follow":"follow","max-snippet":"max-snippet:-1","max-image-preview":"max-image-preview:large","max-video-preview":"max-video-preview:-1"},"canonical":"https:\/\/www.art-moves-europe.eu\/de\/lena-denneng\/","og_locale":"de_DE","og_type":"article","og_title":"[:en]Lena Denneng[:de]Lena Denneng[:] - ART MOVES EUROPE e.V.","og_description":"Ich habe meinem Beitrag den Titel &#8222;Zusammenhalten&#8220; gegeben. Motiv und Titel sollen Aufforderung sein, sich auf die Europ\u00e4ische Idee der[...]","og_url":"https:\/\/www.art-moves-europe.eu\/de\/lena-denneng\/","og_site_name":"ART MOVES EUROPE e.V.","article_modified_time":"2022-01-20T10:28:37+00:00","twitter_card":"summary_large_image","twitter_misc":{"Gesch\u00e4tzte Lesezeit":"1\u00a0Minute"},"schema":{"@context":"https:\/\/schema.org","@graph":[{"@type":"WebPage","@id":"https:\/\/www.art-moves-europe.eu\/lena-denneng\/","url":"https:\/\/www.art-moves-europe.eu\/lena-denneng\/","name":"Lena Denneng","isPartOf":{"@id":"https:\/\/www.art-moves-europe.eu\/#website"},"datePublished":"2022-01-20T10:24:07+00:00","dateModified":"2022-01-20T10:28:37+00:00","breadcrumb":{"@id":"https:\/\/www.art-moves-europe.eu\/lena-denneng\/#breadcrumb"},"inLanguage":"de-DE","potentialAction":[{"@type":"ReadAction","target":["https:\/\/www.art-moves-europe.eu\/lena-denneng\/"]}]},{"@type":"BreadcrumbList","@id":"https:\/\/www.art-moves-europe.eu\/lena-denneng\/#breadcrumb","itemListElement":[{"@type":"ListItem","position":1,"name":"Startseite","item":"https:\/\/www.art-moves-europe.eu\/"},{"@type":"ListItem","position":2,"name":"Lena Denneng"}]},{"@type":"WebSite","@id":"https:\/\/www.art-moves-europe.eu\/#website","url":"https:\/\/www.art-moves-europe.eu\/","name":"ART MOVES EUROPE e.V.","description":"","potentialAction":[{"@type":"SearchAction","target":{"@type":"EntryPoint","urlTemplate":"https:\/\/www.art-moves-europe.eu\/?s={search_term_string}"},"query-input":{"@type":"PropertyValueSpecification","valueRequired":true,"valueName":"search_term_string"}}],"inLanguage":"de-DE"}]}},"_links":{"self":[{"href":"https:\/\/www.art-moves-europe.eu\/de\/wp-json\/wp\/v2\/pages\/2884","targetHints":{"allow":["GET"]}}],"collection":[{"href":"https:\/\/www.art-moves-europe.eu\/de\/wp-json\/wp\/v2\/pages"}],"about":[{"href":"https:\/\/www.art-moves-europe.eu\/de\/wp-json\/wp\/v2\/types\/page"}],"author":[{"embeddable":true,"href":"https:\/\/www.art-moves-europe.eu\/de\/wp-json\/wp\/v2\/users\/2"}],"replies":[{"embeddable":true,"href":"https:\/\/www.art-moves-europe.eu\/de\/wp-json\/wp\/v2\/comments?post=2884"}],"version-history":[{"count":4,"href":"https:\/\/www.art-moves-europe.eu\/de\/wp-json\/wp\/v2\/pages\/2884\/revisions"}],"predecessor-version":[{"id":2888,"href":"https:\/\/www.art-moves-europe.eu\/de\/wp-json\/wp\/v2\/pages\/2884\/revisions\/2888"}],"wp:attachment":[{"href":"https:\/\/www.art-moves-europe.eu\/de\/wp-json\/wp\/v2\/media?parent=2884"}],"curies":[{"name":"wp","href":"https:\/\/api.w.org\/{rel}","templated":true}]}}