{"id":2900,"date":"2022-01-20T16:05:57","date_gmt":"2022-01-20T15:05:57","guid":{"rendered":"https:\/\/www.art-moves-europe.eu\/de\/?page_id=2900"},"modified":"2022-01-20T16:05:57","modified_gmt":"2022-01-20T15:05:57","slug":"alfred-mevissen-stoff-fuer-europa","status":"publish","type":"page","link":"https:\/\/www.art-moves-europe.eu\/de\/alfred-mevissen-stoff-fuer-europa\/","title":{"rendered":"Alfred Mevissen -Stoff f\u00fcr Europa"},"content":{"rendered":"<p><img loading=\"lazy\" decoding=\"async\" class=\"alignnone size-medium wp-image-2864\" src=\"https:\/\/www.art-moves-europe.eu\/wp-content\/uploads\/2022\/01\/IMG_9255-300x300.jpeg\" alt=\"\" width=\"300\" height=\"300\" srcset=\"https:\/\/www.art-moves-europe.eu\/wp-content\/uploads\/2022\/01\/IMG_9255-300x300.jpeg 300w, https:\/\/www.art-moves-europe.eu\/wp-content\/uploads\/2022\/01\/IMG_9255-1024x1024.jpeg 1024w, https:\/\/www.art-moves-europe.eu\/wp-content\/uploads\/2022\/01\/IMG_9255-150x150.jpeg 150w, https:\/\/www.art-moves-europe.eu\/wp-content\/uploads\/2022\/01\/IMG_9255-768x768.jpeg 768w, https:\/\/www.art-moves-europe.eu\/wp-content\/uploads\/2022\/01\/IMG_9255-1536x1536.jpeg 1536w, https:\/\/www.art-moves-europe.eu\/wp-content\/uploads\/2022\/01\/IMG_9255-2048x2048.jpeg 2048w\" sizes=\"auto, (max-width: 300px) 100vw, 300px\" \/><\/p>\n<p>Dieser Stoff zeiht die Br\u00fccke, die FrankfurtOder mit Slubice in Polen verbindet und steht symbolisch f\u00fcr grenz\u00fcberschreitende Freundschaft.<\/p>\n","protected":false},"excerpt":{"rendered":"<p>Dieser Stoff zeiht die Br\u00fccke, die FrankfurtOder mit Slubice in Polen verbindet und steht symbolisch f\u00fcr grenz\u00fcberschreitende Freundschaft.<\/p>\n","protected":false},"author":2,"featured_media":0,"parent":0,"menu_order":0,"comment_status":"closed","ping_status":"closed","template":"","meta":{"ngg_post_thumbnail":0,"footnotes":""},"class_list":["post-2900","page","type-page","status-publish","hentry"],"yoast_head":"<!-- This site is optimized with the Yoast SEO plugin v27.6 - https:\/\/yoast.com\/product\/yoast-seo-wordpress\/ -->\n<title>Alfred Mevissen -Stoff f\u00fcr Europa<\/title>\n<meta name=\"robots\" content=\"index, follow, max-snippet:-1, max-image-preview:large, max-video-preview:-1\" \/>\n<link rel=\"canonical\" href=\"https:\/\/www.art-moves-europe.eu\/de\/alfred-mevissen-stoff-fuer-europa\/\" \/>\n<meta property=\"og:locale\" content=\"de_DE\" \/>\n<meta property=\"og:locale:alternate\" content=\"en_US\" \/>\n<meta property=\"og:type\" content=\"article\" \/>\n<meta property=\"og:title\" content=\"Alfred Mevissen -Stoff f\u00fcr Europa\" \/>\n<meta property=\"og:description\" content=\"Dieser Stoff zeiht die Br\u00fccke, die FrankfurtOder mit Slubice in Polen verbindet und steht symbolisch f\u00fcr grenz\u00fcberschreitende Freundschaft.\" \/>\n<meta property=\"og:url\" content=\"https:\/\/www.art-moves-europe.eu\/de\/alfred-mevissen-stoff-fuer-europa\/\" \/>\n<meta property=\"og:site_name\" content=\"ART MOVES EUROPE e.V.\" \/>\n<meta property=\"og:image\" content=\"https:\/\/www.art-moves-europe.eu\/wp-content\/uploads\/2022\/01\/IMG_9255-300x300.jpeg\" \/>\n<meta name=\"twitter:card\" content=\"summary_large_image\" \/>\n<script type=\"application\/ld+json\" class=\"yoast-schema-graph\">{\"@context\":\"https:\\\/\\\/schema.org\",\"@graph\":[{\"@type\":\"WebPage\",\"@id\":\"https:\\\/\\\/www.art-moves-europe.eu\\\/de\\\/alfred-mevissen-stoff-fuer-europa\\\/\",\"url\":\"https:\\\/\\\/www.art-moves-europe.eu\\\/de\\\/alfred-mevissen-stoff-fuer-europa\\\/\",\"name\":\"Alfred Mevissen -Stoff f\u00fcr Europa\",\"isPartOf\":{\"@id\":\"https:\\\/\\\/www.art-moves-europe.eu\\\/#website\"},\"primaryImageOfPage\":{\"@id\":\"https:\\\/\\\/www.art-moves-europe.eu\\\/de\\\/alfred-mevissen-stoff-fuer-europa\\\/#primaryimage\"},\"image\":{\"@id\":\"https:\\\/\\\/www.art-moves-europe.eu\\\/de\\\/alfred-mevissen-stoff-fuer-europa\\\/#primaryimage\"},\"thumbnailUrl\":\"https:\\\/\\\/www.art-moves-europe.eu\\\/wp-content\\\/uploads\\\/2022\\\/01\\\/IMG_9255-300x300.jpeg\",\"datePublished\":\"2022-01-20T15:05:57+00:00\",\"breadcrumb\":{\"@id\":\"https:\\\/\\\/www.art-moves-europe.eu\\\/de\\\/alfred-mevissen-stoff-fuer-europa\\\/#breadcrumb\"},\"inLanguage\":\"de-DE\",\"potentialAction\":[{\"@type\":\"ReadAction\",\"target\":[\"https:\\\/\\\/www.art-moves-europe.eu\\\/de\\\/alfred-mevissen-stoff-fuer-europa\\\/\"]}]},{\"@type\":\"ImageObject\",\"inLanguage\":\"de-DE\",\"@id\":\"https:\\\/\\\/www.art-moves-europe.eu\\\/de\\\/alfred-mevissen-stoff-fuer-europa\\\/#primaryimage\",\"url\":\"https:\\\/\\\/www.art-moves-europe.eu\\\/wp-content\\\/uploads\\\/2022\\\/01\\\/IMG_9255-300x300.jpeg\",\"contentUrl\":\"https:\\\/\\\/www.art-moves-europe.eu\\\/wp-content\\\/uploads\\\/2022\\\/01\\\/IMG_9255-300x300.jpeg\"},{\"@type\":\"BreadcrumbList\",\"@id\":\"https:\\\/\\\/www.art-moves-europe.eu\\\/de\\\/alfred-mevissen-stoff-fuer-europa\\\/#breadcrumb\",\"itemListElement\":[{\"@type\":\"ListItem\",\"position\":1,\"name\":\"Startseite\",\"item\":\"https:\\\/\\\/www.art-moves-europe.eu\\\/\"},{\"@type\":\"ListItem\",\"position\":2,\"name\":\"Alfred Mevissen -Stoff f\u00fcr Europa\"}]},{\"@type\":\"WebSite\",\"@id\":\"https:\\\/\\\/www.art-moves-europe.eu\\\/#website\",\"url\":\"https:\\\/\\\/www.art-moves-europe.eu\\\/\",\"name\":\"ART MOVES EUROPE e.V.\",\"description\":\"\",\"potentialAction\":[{\"@type\":\"SearchAction\",\"target\":{\"@type\":\"EntryPoint\",\"urlTemplate\":\"https:\\\/\\\/www.art-moves-europe.eu\\\/?s={search_term_string}\"},\"query-input\":{\"@type\":\"PropertyValueSpecification\",\"valueRequired\":true,\"valueName\":\"search_term_string\"}}],\"inLanguage\":\"de-DE\"}]}<\/script>\n<!-- \/ Yoast SEO plugin. -->","yoast_head_json":{"title":"Alfred Mevissen -Stoff f\u00fcr Europa","robots":{"index":"index","follow":"follow","max-snippet":"max-snippet:-1","max-image-preview":"max-image-preview:large","max-video-preview":"max-video-preview:-1"},"canonical":"https:\/\/www.art-moves-europe.eu\/de\/alfred-mevissen-stoff-fuer-europa\/","og_locale":"de_DE","og_type":"article","og_title":"[:en]Automatisch gespeicherter Entwurf[:de]Alfred Mevissen -Stoff f\u00fcr Europa[:] - ART MOVES EUROPE e.V.","og_description":"Dieser Stoff zeiht die Br\u00fccke, die FrankfurtOder mit Slubice in Polen verbindet und steht symbolisch f\u00fcr grenz\u00fcberschreitende Freundschaft.","og_url":"https:\/\/www.art-moves-europe.eu\/de\/alfred-mevissen-stoff-fuer-europa\/","og_site_name":"ART MOVES EUROPE e.V.","og_image":[{"url":"https:\/\/www.art-moves-europe.eu\/wp-content\/uploads\/2022\/01\/IMG_9255-300x300.jpeg","type":"","width":"","height":""}],"twitter_card":"summary_large_image","schema":{"@context":"https:\/\/schema.org","@graph":[{"@type":"WebPage","@id":"https:\/\/www.art-moves-europe.eu\/de\/alfred-mevissen-stoff-fuer-europa\/","url":"https:\/\/www.art-moves-europe.eu\/de\/alfred-mevissen-stoff-fuer-europa\/","name":"Alfred Mevissen -Stoff f\u00fcr Europa","isPartOf":{"@id":"https:\/\/www.art-moves-europe.eu\/#website"},"primaryImageOfPage":{"@id":"https:\/\/www.art-moves-europe.eu\/de\/alfred-mevissen-stoff-fuer-europa\/#primaryimage"},"image":{"@id":"https:\/\/www.art-moves-europe.eu\/de\/alfred-mevissen-stoff-fuer-europa\/#primaryimage"},"thumbnailUrl":"https:\/\/www.art-moves-europe.eu\/wp-content\/uploads\/2022\/01\/IMG_9255-300x300.jpeg","datePublished":"2022-01-20T15:05:57+00:00","breadcrumb":{"@id":"https:\/\/www.art-moves-europe.eu\/de\/alfred-mevissen-stoff-fuer-europa\/#breadcrumb"},"inLanguage":"de-DE","potentialAction":[{"@type":"ReadAction","target":["https:\/\/www.art-moves-europe.eu\/de\/alfred-mevissen-stoff-fuer-europa\/"]}]},{"@type":"ImageObject","inLanguage":"de-DE","@id":"https:\/\/www.art-moves-europe.eu\/de\/alfred-mevissen-stoff-fuer-europa\/#primaryimage","url":"https:\/\/www.art-moves-europe.eu\/wp-content\/uploads\/2022\/01\/IMG_9255-300x300.jpeg","contentUrl":"https:\/\/www.art-moves-europe.eu\/wp-content\/uploads\/2022\/01\/IMG_9255-300x300.jpeg"},{"@type":"BreadcrumbList","@id":"https:\/\/www.art-moves-europe.eu\/de\/alfred-mevissen-stoff-fuer-europa\/#breadcrumb","itemListElement":[{"@type":"ListItem","position":1,"name":"Startseite","item":"https:\/\/www.art-moves-europe.eu\/"},{"@type":"ListItem","position":2,"name":"Alfred Mevissen -Stoff f\u00fcr Europa"}]},{"@type":"WebSite","@id":"https:\/\/www.art-moves-europe.eu\/#website","url":"https:\/\/www.art-moves-europe.eu\/","name":"ART MOVES EUROPE e.V.","description":"","potentialAction":[{"@type":"SearchAction","target":{"@type":"EntryPoint","urlTemplate":"https:\/\/www.art-moves-europe.eu\/?s={search_term_string}"},"query-input":{"@type":"PropertyValueSpecification","valueRequired":true,"valueName":"search_term_string"}}],"inLanguage":"de-DE"}]}},"_links":{"self":[{"href":"https:\/\/www.art-moves-europe.eu\/de\/wp-json\/wp\/v2\/pages\/2900","targetHints":{"allow":["GET"]}}],"collection":[{"href":"https:\/\/www.art-moves-europe.eu\/de\/wp-json\/wp\/v2\/pages"}],"about":[{"href":"https:\/\/www.art-moves-europe.eu\/de\/wp-json\/wp\/v2\/types\/page"}],"author":[{"embeddable":true,"href":"https:\/\/www.art-moves-europe.eu\/de\/wp-json\/wp\/v2\/users\/2"}],"replies":[{"embeddable":true,"href":"https:\/\/www.art-moves-europe.eu\/de\/wp-json\/wp\/v2\/comments?post=2900"}],"version-history":[{"count":1,"href":"https:\/\/www.art-moves-europe.eu\/de\/wp-json\/wp\/v2\/pages\/2900\/revisions"}],"predecessor-version":[{"id":2902,"href":"https:\/\/www.art-moves-europe.eu\/de\/wp-json\/wp\/v2\/pages\/2900\/revisions\/2902"}],"wp:attachment":[{"href":"https:\/\/www.art-moves-europe.eu\/de\/wp-json\/wp\/v2\/media?parent=2900"}],"curies":[{"name":"wp","href":"https:\/\/api.w.org\/{rel}","templated":true}]}}