{"id":48,"date":"2018-12-12T06:34:57","date_gmt":"2018-12-12T05:34:57","guid":{"rendered":"http:\/\/europe.marks-for-europe.eu\/?page_id=48"},"modified":"2020-10-22T18:59:57","modified_gmt":"2020-10-22T16:59:57","slug":"our-purpose","status":"publish","type":"page","link":"https:\/\/www.art-moves-europe.eu\/de\/our-purpose\/","title":{"rendered":"Unser Vereinszweck"},"content":{"rendered":"<p>Der Zweck unseres Projektes ist es, die Diskussion \u00fcber die Faszination der Europ\u00e4ischen Idee wieder anzuregen. Wir m\u00f6chten an die Errungenschaften der Europ\u00e4ischen Idee erinnern und diese wieder ins Bewusstsein der Menschen rufen, als Gegengewicht zur allgemeinen Europa-Verdrossenheit. Im Dialog, vor allem mit der jungen Generation, m\u00f6chten wir motivieren, sich aktiv f\u00fcr die Europ\u00e4ische Idee einzusetzen und aktiv an der Gestaltung der Zukunft Europas mitzuarbeiten.<\/p>\n<p>Unsere Ambition ist es, soviel Menschen wie m\u00f6glich zu erreichen und \u00fcber die Errungenschaften der Europ\u00e4ischen Idee nachzudenken. Wir m\u00f6chten ein internationales Netzwerk von K\u00fcnstlern und Europ\u00e4ern aufbauen, die Kunst oder Kunstprojekte gestalten mit dem Ziel, die Diskussion \u00fcber die Zukunft Europas als&nbsp; der&nbsp; dieser Welt anzuregen.<\/p>\n<p>Wir versuchen, in jedem europ\u00e4ischen Land zumindest ein Leuchtturmprojekt zu erm\u00f6glichen. Wir laden aber auch alle, die einen Beitrag in Form von Kunst gestalten wollen, ein mitzumachen.<\/p>\n<p>&nbsp;<\/p>\n","protected":false},"excerpt":{"rendered":"<p>Der Zweck unseres Projektes ist es, die Diskussion \u00fcber die Faszination der Europ\u00e4ischen Idee wieder anzuregen. Wir m\u00f6chten an die[&#8230;]<\/p>\n","protected":false},"author":1,"featured_media":0,"parent":0,"menu_order":0,"comment_status":"closed","ping_status":"closed","template":"","meta":{"ngg_post_thumbnail":0,"footnotes":""},"class_list":["post-48","page","type-page","status-publish","hentry"],"yoast_head":"<!-- This site is optimized with the Yoast SEO plugin v27.5 - https:\/\/yoast.com\/product\/yoast-seo-wordpress\/ -->\n<title>Unser Vereinszweck<\/title>\n<meta name=\"robots\" content=\"index, follow, max-snippet:-1, max-image-preview:large, max-video-preview:-1\" \/>\n<link rel=\"canonical\" href=\"https:\/\/www.art-moves-europe.eu\/de\/our-purpose\/\" \/>\n<meta property=\"og:locale\" content=\"de_DE\" \/>\n<meta property=\"og:locale:alternate\" content=\"en_US\" \/>\n<meta property=\"og:type\" content=\"article\" \/>\n<meta property=\"og:title\" content=\"Unser Vereinszweck\" \/>\n<meta property=\"og:description\" content=\"Der Zweck unseres Projektes ist es, die Diskussion \u00fcber die Faszination der Europ\u00e4ischen Idee wieder anzuregen. Wir m\u00f6chten an die[...]\" \/>\n<meta property=\"og:url\" content=\"https:\/\/www.art-moves-europe.eu\/de\/our-purpose\/\" \/>\n<meta property=\"og:site_name\" content=\"ART MOVES EUROPE e.V.\" \/>\n<meta property=\"article:modified_time\" content=\"2020-10-22T16:59:57+00:00\" \/>\n<meta name=\"twitter:card\" content=\"summary_large_image\" \/>\n<meta name=\"twitter:label1\" content=\"Gesch\u00e4tzte Lesezeit\" \/>\n\t<meta name=\"twitter:data1\" content=\"2\u00a0Minuten\" \/>\n<script type=\"application\/ld+json\" class=\"yoast-schema-graph\">{\"@context\":\"https:\\\/\\\/schema.org\",\"@graph\":[{\"@type\":\"WebPage\",\"@id\":\"https:\\\/\\\/www.art-moves-europe.eu\\\/our-purpose\\\/\",\"url\":\"https:\\\/\\\/www.art-moves-europe.eu\\\/our-purpose\\\/\",\"name\":\"Unser Vereinszweck\",\"isPartOf\":{\"@id\":\"https:\\\/\\\/www.art-moves-europe.eu\\\/#website\"},\"datePublished\":\"2018-12-12T05:34:57+00:00\",\"dateModified\":\"2020-10-22T16:59:57+00:00\",\"breadcrumb\":{\"@id\":\"https:\\\/\\\/www.art-moves-europe.eu\\\/our-purpose\\\/#breadcrumb\"},\"inLanguage\":\"de-DE\",\"potentialAction\":[{\"@type\":\"ReadAction\",\"target\":[\"https:\\\/\\\/www.art-moves-europe.eu\\\/our-purpose\\\/\"]}]},{\"@type\":\"BreadcrumbList\",\"@id\":\"https:\\\/\\\/www.art-moves-europe.eu\\\/our-purpose\\\/#breadcrumb\",\"itemListElement\":[{\"@type\":\"ListItem\",\"position\":1,\"name\":\"Startseite\",\"item\":\"https:\\\/\\\/www.art-moves-europe.eu\\\/\"},{\"@type\":\"ListItem\",\"position\":2,\"name\":\"Our Purpose and our Ambition\"}]},{\"@type\":\"WebSite\",\"@id\":\"https:\\\/\\\/www.art-moves-europe.eu\\\/#website\",\"url\":\"https:\\\/\\\/www.art-moves-europe.eu\\\/\",\"name\":\"ART MOVES EUROPE e.V.\",\"description\":\"\",\"potentialAction\":[{\"@type\":\"SearchAction\",\"target\":{\"@type\":\"EntryPoint\",\"urlTemplate\":\"https:\\\/\\\/www.art-moves-europe.eu\\\/?s={search_term_string}\"},\"query-input\":{\"@type\":\"PropertyValueSpecification\",\"valueRequired\":true,\"valueName\":\"search_term_string\"}}],\"inLanguage\":\"de-DE\"}]}<\/script>\n<!-- \/ Yoast SEO plugin. -->","yoast_head_json":{"title":"Unser Vereinszweck","robots":{"index":"index","follow":"follow","max-snippet":"max-snippet:-1","max-image-preview":"max-image-preview:large","max-video-preview":"max-video-preview:-1"},"canonical":"https:\/\/www.art-moves-europe.eu\/de\/our-purpose\/","og_locale":"de_DE","og_type":"article","og_title":"[:en]Our Purpose and our Ambition[:de]Unser Vereinszweck[:] - ART MOVES EUROPE e.V.","og_description":"Der Zweck unseres Projektes ist es, die Diskussion \u00fcber die Faszination der Europ\u00e4ischen Idee wieder anzuregen. Wir m\u00f6chten an die[...]","og_url":"https:\/\/www.art-moves-europe.eu\/de\/our-purpose\/","og_site_name":"ART MOVES EUROPE e.V.","article_modified_time":"2020-10-22T16:59:57+00:00","twitter_card":"summary_large_image","twitter_misc":{"Gesch\u00e4tzte Lesezeit":"2\u00a0Minuten"},"schema":{"@context":"https:\/\/schema.org","@graph":[{"@type":"WebPage","@id":"https:\/\/www.art-moves-europe.eu\/our-purpose\/","url":"https:\/\/www.art-moves-europe.eu\/our-purpose\/","name":"Unser Vereinszweck","isPartOf":{"@id":"https:\/\/www.art-moves-europe.eu\/#website"},"datePublished":"2018-12-12T05:34:57+00:00","dateModified":"2020-10-22T16:59:57+00:00","breadcrumb":{"@id":"https:\/\/www.art-moves-europe.eu\/our-purpose\/#breadcrumb"},"inLanguage":"de-DE","potentialAction":[{"@type":"ReadAction","target":["https:\/\/www.art-moves-europe.eu\/our-purpose\/"]}]},{"@type":"BreadcrumbList","@id":"https:\/\/www.art-moves-europe.eu\/our-purpose\/#breadcrumb","itemListElement":[{"@type":"ListItem","position":1,"name":"Startseite","item":"https:\/\/www.art-moves-europe.eu\/"},{"@type":"ListItem","position":2,"name":"Our Purpose and our Ambition"}]},{"@type":"WebSite","@id":"https:\/\/www.art-moves-europe.eu\/#website","url":"https:\/\/www.art-moves-europe.eu\/","name":"ART MOVES EUROPE e.V.","description":"","potentialAction":[{"@type":"SearchAction","target":{"@type":"EntryPoint","urlTemplate":"https:\/\/www.art-moves-europe.eu\/?s={search_term_string}"},"query-input":{"@type":"PropertyValueSpecification","valueRequired":true,"valueName":"search_term_string"}}],"inLanguage":"de-DE"}]}},"_links":{"self":[{"href":"https:\/\/www.art-moves-europe.eu\/de\/wp-json\/wp\/v2\/pages\/48","targetHints":{"allow":["GET"]}}],"collection":[{"href":"https:\/\/www.art-moves-europe.eu\/de\/wp-json\/wp\/v2\/pages"}],"about":[{"href":"https:\/\/www.art-moves-europe.eu\/de\/wp-json\/wp\/v2\/types\/page"}],"author":[{"embeddable":true,"href":"https:\/\/www.art-moves-europe.eu\/de\/wp-json\/wp\/v2\/users\/1"}],"replies":[{"embeddable":true,"href":"https:\/\/www.art-moves-europe.eu\/de\/wp-json\/wp\/v2\/comments?post=48"}],"version-history":[{"count":10,"href":"https:\/\/www.art-moves-europe.eu\/de\/wp-json\/wp\/v2\/pages\/48\/revisions"}],"predecessor-version":[{"id":890,"href":"https:\/\/www.art-moves-europe.eu\/de\/wp-json\/wp\/v2\/pages\/48\/revisions\/890"}],"wp:attachment":[{"href":"https:\/\/www.art-moves-europe.eu\/de\/wp-json\/wp\/v2\/media?parent=48"}],"curies":[{"name":"wp","href":"https:\/\/api.w.org\/{rel}","templated":true}]}}